{"id":21306,"date":"2025-09-24T15:50:36","date_gmt":"2025-09-24T15:50:36","guid":{"rendered":"https:\/\/green-up.ch\/?post_type=product&#038;p=21306"},"modified":"2026-01-30T12:33:37","modified_gmt":"2026-01-30T12:33:37","slug":"antiker-holzschrank-von-1848","status":"publish","type":"product","link":"https:\/\/green-up.ch\/it\/prodotto\/antiker-holzschrank-von-1848\/","title":{"rendered":"Antiker Holzschrank von 1848"},"content":{"rendered":"<p>Wundersch\u00f6ner antiker Holzschrank, handgefertigt, keine Gebrauchsspuren, im Kelly Lager Davos erh\u00e4ltlich.<\/p>\n<p>zu vergeben auf Spendenbasis<\/p>\n<p>H\u00f6he: 189 cm, L\u00e4nge: 149 cm, Tiefe: 53 cm<\/p>\n<p><em>Dank eurer fairen Spenden kann das GreenShare Projekt weiter existieren.\u00a0<\/em><\/p>\n<p>&nbsp;<\/p>\n<p>&nbsp;<\/p>\n","protected":false},"excerpt":{"rendered":"<p>Wundersch\u00f6ner antiker Holzschrank, handgefertigt, keine Gebrauchsspuren, im Kelly Lager Davos erh\u00e4ltlich. zu vergeben auf Spendenbasis H\u00f6he: 189 cm, L\u00e4nge: 149 cm, Tiefe: 53 cm Dank eurer fairen Spenden kann das [&hellip;]<\/p>\n","protected":false},"featured_media":21267,"comment_status":"open","ping_status":"closed","template":"","meta":{"_et_pb_use_builder":"","_et_pb_old_content":"","_et_gb_content_width":""},"product_brand":[],"product_cat":[279,206],"product_tag":[],"class_list":{"0":"post-21306","1":"product","2":"type-product","3":"status-publish","4":"has-post-thumbnail","6":"product_cat-greenshare","7":"product_cat-moebel","9":"first","10":"instock","11":"shipping-taxable","12":"purchasable","13":"product-type-simple"},"yoast_head":"<!-- This site is optimized with the Yoast SEO plugin v27.4 - https:\/\/yoast.com\/product\/yoast-seo-wordpress\/ -->\n<title>Antiker Holzschrank von 1848 | Green Up<\/title>\n<meta name=\"robots\" content=\"index, follow, max-snippet:-1, max-image-preview:large, max-video-preview:-1\" \/>\n<link rel=\"canonical\" href=\"https:\/\/green-up.ch\/product\/antiker-holzschrank-von-1848\/\" \/>\n<meta property=\"og:locale\" content=\"it_IT\" \/>\n<meta property=\"og:type\" content=\"article\" \/>\n<meta property=\"og:title\" content=\"Antiker Holzschrank von 1848 | Green Up\" \/>\n<meta property=\"og:description\" content=\"Wundersch\u00f6ner antiker Holzschrank, handgefertigt, keine Gebrauchsspuren, im Kelly Lager Davos erh\u00e4ltlich. zu vergeben auf Spendenbasis H\u00f6he: 189 cm, L\u00e4nge: 149 cm, Tiefe: 53 cm Dank eurer fairen Spenden kann das [&hellip;]\" \/>\n<meta property=\"og:url\" content=\"https:\/\/green-up.ch\/product\/antiker-holzschrank-von-1848\/\" \/>\n<meta property=\"og:site_name\" content=\"Green Up\" \/>\n<meta property=\"article:publisher\" content=\"https:\/\/m.facebook.com\/greenupswitzerland\" \/>\n<meta property=\"article:modified_time\" content=\"2026-01-30T12:33:37+00:00\" \/>\n<meta property=\"og:image\" content=\"https:\/\/green-up.ch\/wp-content\/uploads\/2025\/09\/19.png\" \/>\n\t<meta property=\"og:image:width\" content=\"1080\" \/>\n\t<meta property=\"og:image:height\" content=\"1080\" \/>\n\t<meta property=\"og:image:type\" content=\"image\/png\" \/>\n<meta name=\"twitter:card\" content=\"summary_large_image\" \/>\n<meta name=\"twitter:label1\" content=\"Tempo di lettura stimato\" \/>\n\t<meta name=\"twitter:data1\" content=\"1 minuto\" \/>\n<script type=\"application\/ld+json\" class=\"yoast-schema-graph\">{\"@context\":\"https:\\\/\\\/schema.org\",\"@graph\":[{\"@type\":\"WebPage\",\"@id\":\"https:\\\/\\\/green-up.ch\\\/product\\\/antiker-holzschrank-von-1848\\\/\",\"url\":\"https:\\\/\\\/green-up.ch\\\/product\\\/antiker-holzschrank-von-1848\\\/\",\"name\":\"Antiker Holzschrank von 1848 | Green Up\",\"isPartOf\":{\"@id\":\"https:\\\/\\\/green-up.ch\\\/#website\"},\"primaryImageOfPage\":{\"@id\":\"https:\\\/\\\/green-up.ch\\\/product\\\/antiker-holzschrank-von-1848\\\/#primaryimage\"},\"image\":{\"@id\":\"https:\\\/\\\/green-up.ch\\\/product\\\/antiker-holzschrank-von-1848\\\/#primaryimage\"},\"thumbnailUrl\":\"https:\\\/\\\/green-up.ch\\\/wp-content\\\/uploads\\\/2025\\\/09\\\/19.png\",\"datePublished\":\"2025-09-24T15:50:36+00:00\",\"dateModified\":\"2026-01-30T12:33:37+00:00\",\"breadcrumb\":{\"@id\":\"https:\\\/\\\/green-up.ch\\\/product\\\/antiker-holzschrank-von-1848\\\/#breadcrumb\"},\"inLanguage\":\"it-IT\",\"potentialAction\":[{\"@type\":\"ReadAction\",\"target\":[\"https:\\\/\\\/green-up.ch\\\/product\\\/antiker-holzschrank-von-1848\\\/\"]}]},{\"@type\":\"ImageObject\",\"inLanguage\":\"it-IT\",\"@id\":\"https:\\\/\\\/green-up.ch\\\/product\\\/antiker-holzschrank-von-1848\\\/#primaryimage\",\"url\":\"https:\\\/\\\/green-up.ch\\\/wp-content\\\/uploads\\\/2025\\\/09\\\/19.png\",\"contentUrl\":\"https:\\\/\\\/green-up.ch\\\/wp-content\\\/uploads\\\/2025\\\/09\\\/19.png\",\"width\":1080,\"height\":1080},{\"@type\":\"BreadcrumbList\",\"@id\":\"https:\\\/\\\/green-up.ch\\\/product\\\/antiker-holzschrank-von-1848\\\/#breadcrumb\",\"itemListElement\":[{\"@type\":\"ListItem\",\"position\":1,\"name\":\"Home\",\"item\":\"https:\\\/\\\/green-up.ch\\\/\"},{\"@type\":\"ListItem\",\"position\":2,\"name\":\"Negozio\",\"item\":\"https:\\\/\\\/green-up.ch\\\/it\\\/negozio\\\/\"},{\"@type\":\"ListItem\",\"position\":3,\"name\":\"Antiker Holzschrank von 1848\"}]},{\"@type\":\"WebSite\",\"@id\":\"https:\\\/\\\/green-up.ch\\\/#website\",\"url\":\"https:\\\/\\\/green-up.ch\\\/\",\"name\":\"GreenUp\",\"description\":\"Inspire, collaborate, empower.\",\"publisher\":{\"@id\":\"https:\\\/\\\/green-up.ch\\\/#organization\"},\"potentialAction\":[{\"@type\":\"SearchAction\",\"target\":{\"@type\":\"EntryPoint\",\"urlTemplate\":\"https:\\\/\\\/green-up.ch\\\/?s={search_term_string}\"},\"query-input\":{\"@type\":\"PropertyValueSpecification\",\"valueRequired\":true,\"valueName\":\"search_term_string\"}}],\"inLanguage\":\"it-IT\"},{\"@type\":\"Organization\",\"@id\":\"https:\\\/\\\/green-up.ch\\\/#organization\",\"name\":\"GreeUp\",\"url\":\"https:\\\/\\\/green-up.ch\\\/\",\"logo\":{\"@type\":\"ImageObject\",\"inLanguage\":\"it-IT\",\"@id\":\"https:\\\/\\\/green-up.ch\\\/#\\\/schema\\\/logo\\\/image\\\/\",\"url\":\"https:\\\/\\\/green-up.ch\\\/wp-content\\\/uploads\\\/2021\\\/11\\\/greenuplogo_rond.png\",\"contentUrl\":\"https:\\\/\\\/green-up.ch\\\/wp-content\\\/uploads\\\/2021\\\/11\\\/greenuplogo_rond.png\",\"width\":600,\"height\":595,\"caption\":\"GreeUp\"},\"image\":{\"@id\":\"https:\\\/\\\/green-up.ch\\\/#\\\/schema\\\/logo\\\/image\\\/\"},\"sameAs\":[\"https:\\\/\\\/m.facebook.com\\\/greenupswitzerland\",\"https:\\\/\\\/www.instagram.com\\\/greenup.ch\\\/\",\"https:\\\/\\\/www.linkedin.com\\\/company\\\/greenupswitzerland\\\/\"]}]}<\/script>\n<!-- \/ Yoast SEO plugin. -->","yoast_head_json":{"title":"Antiker Holzschrank von 1848 | Green Up","robots":{"index":"index","follow":"follow","max-snippet":"max-snippet:-1","max-image-preview":"max-image-preview:large","max-video-preview":"max-video-preview:-1"},"canonical":"https:\/\/green-up.ch\/product\/antiker-holzschrank-von-1848\/","og_locale":"it_IT","og_type":"article","og_title":"Antiker Holzschrank von 1848 | Green Up","og_description":"Wundersch\u00f6ner antiker Holzschrank, handgefertigt, keine Gebrauchsspuren, im Kelly Lager Davos erh\u00e4ltlich. zu vergeben auf Spendenbasis H\u00f6he: 189 cm, L\u00e4nge: 149 cm, Tiefe: 53 cm Dank eurer fairen Spenden kann das [&hellip;]","og_url":"https:\/\/green-up.ch\/product\/antiker-holzschrank-von-1848\/","og_site_name":"Green Up","article_publisher":"https:\/\/m.facebook.com\/greenupswitzerland","article_modified_time":"2026-01-30T12:33:37+00:00","og_image":[{"width":1080,"height":1080,"url":"https:\/\/green-up.ch\/wp-content\/uploads\/2025\/09\/19.png","type":"image\/png"}],"twitter_card":"summary_large_image","twitter_misc":{"Tempo di lettura stimato":"1 minuto"},"schema":{"@context":"https:\/\/schema.org","@graph":[{"@type":"WebPage","@id":"https:\/\/green-up.ch\/product\/antiker-holzschrank-von-1848\/","url":"https:\/\/green-up.ch\/product\/antiker-holzschrank-von-1848\/","name":"Antiker Holzschrank von 1848 | Green Up","isPartOf":{"@id":"https:\/\/green-up.ch\/#website"},"primaryImageOfPage":{"@id":"https:\/\/green-up.ch\/product\/antiker-holzschrank-von-1848\/#primaryimage"},"image":{"@id":"https:\/\/green-up.ch\/product\/antiker-holzschrank-von-1848\/#primaryimage"},"thumbnailUrl":"https:\/\/green-up.ch\/wp-content\/uploads\/2025\/09\/19.png","datePublished":"2025-09-24T15:50:36+00:00","dateModified":"2026-01-30T12:33:37+00:00","breadcrumb":{"@id":"https:\/\/green-up.ch\/product\/antiker-holzschrank-von-1848\/#breadcrumb"},"inLanguage":"it-IT","potentialAction":[{"@type":"ReadAction","target":["https:\/\/green-up.ch\/product\/antiker-holzschrank-von-1848\/"]}]},{"@type":"ImageObject","inLanguage":"it-IT","@id":"https:\/\/green-up.ch\/product\/antiker-holzschrank-von-1848\/#primaryimage","url":"https:\/\/green-up.ch\/wp-content\/uploads\/2025\/09\/19.png","contentUrl":"https:\/\/green-up.ch\/wp-content\/uploads\/2025\/09\/19.png","width":1080,"height":1080},{"@type":"BreadcrumbList","@id":"https:\/\/green-up.ch\/product\/antiker-holzschrank-von-1848\/#breadcrumb","itemListElement":[{"@type":"ListItem","position":1,"name":"Home","item":"https:\/\/green-up.ch\/"},{"@type":"ListItem","position":2,"name":"Negozio","item":"https:\/\/green-up.ch\/it\/negozio\/"},{"@type":"ListItem","position":3,"name":"Antiker Holzschrank von 1848"}]},{"@type":"WebSite","@id":"https:\/\/green-up.ch\/#website","url":"https:\/\/green-up.ch\/","name":"GreenUp","description":"Inspire, collaborate, empower.","publisher":{"@id":"https:\/\/green-up.ch\/#organization"},"potentialAction":[{"@type":"SearchAction","target":{"@type":"EntryPoint","urlTemplate":"https:\/\/green-up.ch\/?s={search_term_string}"},"query-input":{"@type":"PropertyValueSpecification","valueRequired":true,"valueName":"search_term_string"}}],"inLanguage":"it-IT"},{"@type":"Organization","@id":"https:\/\/green-up.ch\/#organization","name":"GreeUp","url":"https:\/\/green-up.ch\/","logo":{"@type":"ImageObject","inLanguage":"it-IT","@id":"https:\/\/green-up.ch\/#\/schema\/logo\/image\/","url":"https:\/\/green-up.ch\/wp-content\/uploads\/2021\/11\/greenuplogo_rond.png","contentUrl":"https:\/\/green-up.ch\/wp-content\/uploads\/2021\/11\/greenuplogo_rond.png","width":600,"height":595,"caption":"GreeUp"},"image":{"@id":"https:\/\/green-up.ch\/#\/schema\/logo\/image\/"},"sameAs":["https:\/\/m.facebook.com\/greenupswitzerland","https:\/\/www.instagram.com\/greenup.ch\/","https:\/\/www.linkedin.com\/company\/greenupswitzerland\/"]}]}},"_links":{"self":[{"href":"https:\/\/green-up.ch\/it\/wp-json\/wp\/v2\/product\/21306","targetHints":{"allow":["GET"]}}],"collection":[{"href":"https:\/\/green-up.ch\/it\/wp-json\/wp\/v2\/product"}],"about":[{"href":"https:\/\/green-up.ch\/it\/wp-json\/wp\/v2\/types\/product"}],"replies":[{"embeddable":true,"href":"https:\/\/green-up.ch\/it\/wp-json\/wp\/v2\/comments?post=21306"}],"wp:featuredmedia":[{"embeddable":true,"href":"https:\/\/green-up.ch\/it\/wp-json\/wp\/v2\/media\/21267"}],"wp:attachment":[{"href":"https:\/\/green-up.ch\/it\/wp-json\/wp\/v2\/media?parent=21306"}],"wp:term":[{"taxonomy":"product_brand","embeddable":true,"href":"https:\/\/green-up.ch\/it\/wp-json\/wp\/v2\/product_brand?post=21306"},{"taxonomy":"product_cat","embeddable":true,"href":"https:\/\/green-up.ch\/it\/wp-json\/wp\/v2\/product_cat?post=21306"},{"taxonomy":"product_tag","embeddable":true,"href":"https:\/\/green-up.ch\/it\/wp-json\/wp\/v2\/product_tag?post=21306"}],"curies":[{"name":"wp","href":"https:\/\/api.w.org\/{rel}","templated":true}]}}