{"id":4314,"date":"2021-09-09T19:58:18","date_gmt":"2021-09-09T19:58:18","guid":{"rendered":"https:\/\/green-up.ch\/risorse\/sharing-economy-economia-locale\/"},"modified":"2024-07-03T10:39:20","modified_gmt":"2024-07-03T10:39:20","slug":"sharing-economy-economia-locale","status":"publish","type":"page","link":"https:\/\/green-up.ch\/it\/risorse\/sharing-economy-economia-locale\/","title":{"rendered":"Sharing economy &#038; economia locale"},"content":{"rendered":"<p>[et_pb_section fb_built=&#8221;1&#8243; admin_label=&#8221;Header&#8221; _builder_version=&#8221;4.16&#8243; custom_margin=&#8221;||-2px||false|false&#8221; custom_margin_tablet=&#8221;||0px||false|false&#8221; custom_margin_phone=&#8221;&#8221; custom_margin_last_edited=&#8221;on|desktop&#8221; custom_padding=&#8221;0px||||false|false&#8221; global_colors_info=&#8221;{}&#8221;][et_pb_row column_structure=&#8221;3_5,2_5&#8243; _builder_version=&#8221;4.16&#8243; custom_padding=&#8221;0px||0px||false|false&#8221; border_width_left=&#8221;150px&#8221; border_color_left=&#8221;rgba(0,0,0,0)&#8221; border_width_left_tablet=&#8221;0px&#8221; border_width_left_phone=&#8221;&#8221; border_width_left_last_edited=&#8221;on|desktop&#8221; global_colors_info=&#8221;{}&#8221;][et_pb_column type=&#8221;3_5&#8243; _builder_version=&#8221;4.16&#8243; background_color=&#8221;#E6FFEB&#8221; background_color_gradient_direction=&#8221;90deg&#8221; transform_translate_linked=&#8221;off&#8221; custom_padding=&#8221;60px|40px|||false|false&#8221; custom_padding_tablet=&#8221;40px|40px||40px|false|true&#8221; custom_padding_phone=&#8221;|20px||20px|false|true&#8221; custom_padding_last_edited=&#8221;on|phone&#8221; custom_css_main_element=&#8221;overflow:visible;&#8221; border_radii=&#8221;off|||30px|30px&#8221; box_shadow_vertical_tablet=&#8221;-200px&#8221; box_shadow_vertical_phone=&#8221;-100px&#8221; box_shadow_vertical_last_edited=&#8221;on|phone&#8221; global_colors_info=&#8221;{}&#8221;][et_pb_text _builder_version=&#8221;4.16&#8243; header_text_color=&#8221;#000000&#8243; header_font_size=&#8221;104px&#8221; z_index=&#8221;1&#8243; custom_margin=&#8221;|||-150px||&#8221; custom_margin_tablet=&#8221;|||0px&#8221; custom_margin_phone=&#8221;&#8221; custom_margin_last_edited=&#8221;on|phone&#8221; header_font_size_tablet=&#8221;80px&#8221; header_font_size_phone=&#8221;60px&#8221; header_font_size_last_edited=&#8221;on|phone&#8221; header_letter_spacing_tablet=&#8221;0px&#8221; header_letter_spacing_phone=&#8221;&#8221; header_letter_spacing_last_edited=&#8221;on|tablet&#8221; global_colors_info=&#8221;{}&#8221;]<\/p>\n<h1><span style=\"font-weight: 400; color: #00506e;\">Sharing economy &amp; economia locale<\/span><\/h1>\n<p>[\/et_pb_text][et_pb_image src=&#8221;https:\/\/green-up.ch\/wp-content\/uploads\/2021\/09\/12.png&#8221; title_text=&#8221;12&#8243; _builder_version=&#8221;4.16&#8243; transform_scale_tablet=&#8221;&#8221; transform_scale_phone=&#8221;&#8221; transform_scale_last_edited=&#8221;on|desktop&#8221; transform_translate=&#8221;120px|0px&#8221; transform_translate_tablet=&#8221;0px|0px&#8221; transform_translate_phone=&#8221;&#8221; transform_translate_last_edited=&#8221;on|tablet&#8221; transform_translate_linked=&#8221;off&#8221; transform_rotate_tablet=&#8221;&#8221; transform_rotate_phone=&#8221;&#8221; transform_rotate_last_edited=&#8221;on|desktop&#8221; transform_skew_tablet=&#8221;&#8221; transform_skew_phone=&#8221;&#8221; transform_skew_last_edited=&#8221;on|desktop&#8221; transform_origin_tablet=&#8221;&#8221; transform_origin_phone=&#8221;&#8221; transform_origin_last_edited=&#8221;on|desktop&#8221; transform_styles_last_edited=&#8221;on|tablet&#8221; max_width=&#8221;400px&#8221; max_width_tablet=&#8221;250px&#8221; max_width_phone=&#8221;180px&#8221; max_width_last_edited=&#8221;on|desktop&#8221; module_alignment=&#8221;right&#8221; custom_margin=&#8221;-200px||-260px||false|false&#8221; custom_margin_tablet=&#8221;-50px||-160px||false|false&#8221; custom_margin_phone=&#8221;||-110px||false|false&#8221; custom_margin_last_edited=&#8221;on|phone&#8221; transform_styles_tablet=&#8221;&#8221; transform_styles_phone=&#8221;&#8221; module_alignment_tablet=&#8221;center&#8221; module_alignment_phone=&#8221;&#8221; module_alignment_last_edited=&#8221;on|desktop&#8221; global_colors_info=&#8221;{}&#8221;][\/et_pb_image][\/et_pb_column][et_pb_column type=&#8221;2_5&#8243; _builder_version=&#8221;4.16&#8243; global_colors_info=&#8221;{}&#8221;][et_pb_text _builder_version=&#8221;4.16&#8243; text_font=&#8221;|800|||||||&#8221; text_font_size=&#8221;16px&#8221; text_line_height=&#8221;1.6em&#8221; header_2_font=&#8221;||||||||&#8221; header_4_font=&#8221;Prompt|600||on|||||&#8221; header_4_font_size=&#8221;12px&#8221; header_4_letter_spacing=&#8221;2px&#8221; header_4_line_height=&#8221;1.2em&#8221; background_color=&#8221;#00506E&#8221; z_index=&#8221;1&#8243; background_layout=&#8221;dark&#8221; custom_margin=&#8221;|-4vw|||false|false&#8221; custom_margin_tablet=&#8221;|0vw|||false|false&#8221; custom_margin_phone=&#8221;&#8221; custom_margin_last_edited=&#8221;on|tablet&#8221; custom_padding=&#8221;80px|40px|60px|40px|false|true&#8221; custom_padding_tablet=&#8221;&#8221; custom_padding_phone=&#8221;40px|20px|40px|20px|true|true&#8221; custom_padding_last_edited=&#8221;on|phone&#8221; border_radii=&#8221;off|||30px|30px&#8221; locked=&#8221;off&#8221; global_colors_info=&#8221;{}&#8221;]<\/p>\n<p><strong><i>Il concetto di condivisione \u00e8 vecchio quanto la civilt\u00e0 umana. <\/i>Gregory Hodkinson Chairman, Arup Group<\/strong><\/p>\n<p>[\/et_pb_text][et_pb_text _builder_version=&#8221;4.16&#8243; text_font=&#8221;||||||||&#8221; text_font_size=&#8221;16px&#8221; text_line_height=&#8221;1.6em&#8221; header_2_font=&#8221;Prompt|800|||||||&#8221; header_2_text_color=&#8221;#f76538&#8243; header_2_font_size=&#8221;40px&#8221; header_2_line_height=&#8221;1.2em&#8221; z_index=&#8221;1&#8243; text_orientation=&#8221;right&#8221; custom_margin=&#8221;80px||||false|false&#8221; custom_margin_tablet=&#8221;0px||||false|false&#8221; custom_margin_phone=&#8221;&#8221; custom_margin_last_edited=&#8221;on|desktop&#8221; custom_padding=&#8221;|||40px|false|false&#8221; custom_padding_tablet=&#8221;|||0px|false|false&#8221; custom_padding_phone=&#8221;&#8221; custom_padding_last_edited=&#8221;on|desktop&#8221; header_2_font_size_tablet=&#8221;30px&#8221; header_2_font_size_phone=&#8221;20px&#8221; header_2_font_size_last_edited=&#8221;on|phone&#8221; text_text_align=&#8221;right&#8221; locked=&#8221;off&#8221; global_colors_info=&#8221;{}&#8221; text_text_align_tablet=&#8221;left&#8221; text_text_align_last_edited=&#8221;on|desktop&#8221; text_text_align_phone=&#8221;left&#8221;]<\/p>\n<p><span style=\"font-weight: 400;\">Abbracciando iniziative di condivisione come il car sharing, AirBnB, le librerie di attrezzi, o le oggettoteche consumiamo meno, risparmiando risorse preziose e semplificando la nostra vita: insomma un win win!\u00a0 E ci sono altre buone notizie. La condivisione pu\u00f2 aiutarci nella transizione verso un&#8217;economia locale in cui sosteniamo finanziariamente le imprese della comunit\u00e0 e ci liberiamo dell&#8217;abitudine di dover possedere tutto.<\/span><\/p>\n<p><span style=\"font-weight: 400;\">Meno oggetti = meno stress per noi e per il pianeta.<\/span><\/p>\n<p>[\/et_pb_text][\/et_pb_column][\/et_pb_row][\/et_pb_section][et_pb_section fb_built=&#8221;1&#8243; _builder_version=&#8221;4.16&#8243; _module_preset=&#8221;default&#8221; min_height=&#8221;457.3px&#8221; global_colors_info=&#8221;{}&#8221;][et_pb_row _builder_version=&#8221;4.16&#8243; _module_preset=&#8221;default&#8221; global_colors_info=&#8221;{}&#8221;][et_pb_column type=&#8221;4_4&#8243; _builder_version=&#8221;4.16&#8243; _module_preset=&#8221;default&#8221; global_colors_info=&#8221;{}&#8221;][et_pb_text _builder_version=&#8221;4.16&#8243; _module_preset=&#8221;default&#8221; max_width=&#8221;50em&#8221; custom_margin=&#8221;||-31px|||&#8221; global_colors_info=&#8221;{}&#8221;]<\/p>\n<h1><b>Perch\u00e9 condividere?<\/b><\/h1>\n<h1><span style=\"color: #008c87;\">\u00a0<\/span><\/h1>\n<p>[\/et_pb_text][et_pb_text _builder_version=&#8221;4.16&#8243; _module_preset=&#8221;default&#8221; global_colors_info=&#8221;{}&#8221;]<\/p>\n<p>\u00c8 un fatto che molti oggetti che possediamo sono poco utilizzati. Per esempio, negli Stati Uniti, un&#8217;auto viene usata in media solo per 29 minuti al giorno. Nel Regno Unito l&#8217;80% degli oggetti che la gente possiede sono usati meno di una volta al mese, e il 30% dei vestiti non sono mai indossati.<\/p>\n<p>La sharing economy \u00e8 efficace perch\u00e9 scoraggia il consumo eccessivo e promuove la responsabilit\u00e0 sociale. Gli individui possono ancora avere accesso a tutto ci\u00f2 di cui hanno bisogno nella vita, ma in modo economico e sostenibile. La buona notizia \u00e8 che la sharing economy \u00e8 gi\u00e0 qui: Il 55% dei consumatori svizzeri partecipa gi\u00e0 a qualche forma di essa, e pi\u00f9 di 12 miliardi di dollari sono gi\u00e0 stati investiti in tutto il mondo, quindi non \u00e8 mai stato cos\u00ec facile ridurre i propri consumi personali.<\/p>\n<p style=\"text-align: left;\">Leggi di pi\u00f9 qua:\u00a0<strong><a href=\"https:\/\/drive.google.com\/file\/d\/1CvB1G020RiuwHSdeFSRMjaSD-9gJhFec\/view\">Sharing Economy su RSI<\/a><\/strong>.<\/p>\n<p style=\"text-align: left;\">Ci sono vari corsi gratuiti online, come <a href=\"https:\/\/lifelearning.it\/corso-online\/corso-online-sharing-economy-la-rivoluzione-nella-condivisione\/\"><strong>questo<\/strong><\/a>!<\/p>\n<p>[\/et_pb_text][\/et_pb_column][\/et_pb_row][et_pb_row _builder_version=&#8221;4.16&#8243; _module_preset=&#8221;default&#8221; global_colors_info=&#8221;{}&#8221;][et_pb_column type=&#8221;4_4&#8243; _builder_version=&#8221;4.16&#8243; _module_preset=&#8221;default&#8221; global_colors_info=&#8221;{}&#8221;][et_pb_video src=&#8221;https:\/\/www.youtube.com\/watch?v=yy7MH9TyZck&#8221; play_icon_color=&#8221;#87F5B4&#8243; _builder_version=&#8221;4.16&#8243; _module_preset=&#8221;default&#8221; border_radii=&#8221;on|30px|30px|30px|30px&#8221; global_colors_info=&#8221;{}&#8221;][\/et_pb_video][\/et_pb_column][\/et_pb_row][\/et_pb_section][et_pb_section fb_built=&#8221;1&#8243; admin_label=&#8221;Services&#8221; _builder_version=&#8221;4.16&#8243; custom_padding=&#8221;0px|||||&#8221; locked=&#8221;off&#8221; global_colors_info=&#8221;{}&#8221;][et_pb_row column_structure=&#8221;1_2,1_2&#8243; _builder_version=&#8221;4.16&#8243; global_colors_info=&#8221;{}&#8221;][et_pb_column type=&#8221;1_2&#8243; _builder_version=&#8221;4.16&#8243; z_index=&#8221;10&#8243; global_colors_info=&#8221;{}&#8221;][et_pb_image src=&#8221;https:\/\/green-up.ch\/wp-content\/uploads\/2021\/09\/Tips_Localbuying.png&#8221; title_text=&#8221;Tips_Localbuying&#8221; _builder_version=&#8221;4.16&#8243; custom_margin=&#8221;||||false|false&#8221; custom_margin_tablet=&#8221;|||0vw|false|false&#8221; custom_margin_phone=&#8221;&#8221; custom_margin_last_edited=&#8221;on|desktop&#8221; border_radii=&#8221;on|30px|30px|30px|30px&#8221; locked=&#8221;off&#8221; global_colors_info=&#8221;{}&#8221;][\/et_pb_image][et_pb_video src=&#8221;https:\/\/www.youtube.com\/watch?v=glM7KMoDUFc&#8221; play_icon_color=&#8221;#87F5B4&#8243; _builder_version=&#8221;4.16&#8243; _module_preset=&#8221;default&#8221; border_radii=&#8221;on|30px|30px|30px|30px&#8221; global_colors_info=&#8221;{}&#8221;][\/et_pb_video][\/et_pb_column][et_pb_column type=&#8221;1_2&#8243; _builder_version=&#8221;4.16&#8243; z_index=&#8221;50&#8243; global_colors_info=&#8221;{}&#8221;][et_pb_text _builder_version=&#8221;4.16&#8243; text_font=&#8221;||||||||&#8221; text_font_size=&#8221;16px&#8221; text_line_height=&#8221;1.8em&#8221; header_2_font=&#8221;Prompt|200|||||||&#8221; header_2_text_color=&#8221;#000000&#8243; header_2_font_size=&#8221;60px&#8221; header_2_line_height=&#8221;1.2em&#8221; header_4_font=&#8221;Prompt|600||on|||||&#8221; header_4_text_color=&#8221;#ff6f7e&#8221; header_4_font_size=&#8221;12px&#8221; header_4_letter_spacing=&#8221;2px&#8221; header_4_line_height=&#8221;1.2em&#8221; z_index=&#8221;1&#8243; custom_margin=&#8221;84px||0px||false|false&#8221; custom_margin_tablet=&#8221;0px||0px||false|false&#8221; custom_margin_phone=&#8221;&#8221; custom_margin_last_edited=&#8221;on|desktop&#8221; custom_padding=&#8221;0px|||||&#8221; text_font_size_tablet=&#8221;&#8221; text_font_size_phone=&#8221;14px&#8221; text_font_size_last_edited=&#8221;on|desktop&#8221; header_2_font_size_tablet=&#8221;60px&#8221; header_2_font_size_phone=&#8221;30px&#8221; header_2_font_size_last_edited=&#8221;on|phone&#8221; locked=&#8221;off&#8221; global_colors_info=&#8221;{}&#8221;]<\/p>\n<h1>Comprare locale<\/h1>\n<p>Un&#8217;economia locale \u00e8 quella che beneficia direttamente la popolazione locale. Un mercato contadino \u00e8 un grande esempio di questo. Mantenere il denaro &#8220;in citt\u00e0&#8221; porta ad un enorme impatto economico positivo: pi\u00f9 denaro rimane nella comunit\u00e0, e pi\u00f9 individui all&#8217;interno della comunit\u00e0 beneficiano pi\u00f9 spesso dello stesso denaro.<\/p>\n<p>Per esempio una persona compra al mercato degli agricoltori, gli agricoltori affittano un attrezzo in un negozio locale, il proprietario di quell&#8217;attrezzo va in un ristorante locale, il proprietario del ristorante compra al mercato degli agricoltori. I profitti ricircolano tra i membri della comunit\u00e0 e tutti ne beneficiano.<\/p>\n<p>Alcune citt\u00e0 hanno anche creato monete locali, che possono essere scambiate per beni e servizi in una particolare citt\u00e0 o area. Questo non solo stimola la spesa locale, ma crea anche un maggiore senso di comunit\u00e0 tra le imprese e gli individui. Esempi:<\/p>\n<p>Netzbon, Basilea<br \/>L&#8217;abeille, La Chaux-de-Fonds<br \/>WIR, Zurigo \/ in tutta la Svizzera<br \/>La Carte Abeille per esempio pu\u00f2 essere usata in pi\u00f9 di 30 negozi e ristoranti.<\/p>\n<p>[\/et_pb_text][\/et_pb_column][\/et_pb_row][\/et_pb_section][et_pb_section fb_built=&#8221;1&#8243; admin_label=&#8221;Services&#8221; _builder_version=&#8221;4.16&#8243; custom_padding=&#8221;0px|||||&#8221; locked=&#8221;off&#8221; global_colors_info=&#8221;{}&#8221;][et_pb_row column_structure=&#8221;1_2,1_2&#8243; _builder_version=&#8221;4.16&#8243; global_colors_info=&#8221;{}&#8221;][et_pb_column type=&#8221;1_2&#8243; _builder_version=&#8221;4.16&#8243; z_index=&#8221;10&#8243; global_colors_info=&#8221;{}&#8221;][et_pb_image src=&#8221;https:\/\/green-up.ch\/wp-content\/uploads\/2021\/09\/toollibrary.webp&#8221; title_text=&#8221;toollibrary&#8221; _builder_version=&#8221;4.16&#8243; custom_margin=&#8221;50px|||-15vw|false|false&#8221; custom_margin_tablet=&#8221;|||0vw|false|false&#8221; custom_margin_phone=&#8221;&#8221; custom_margin_last_edited=&#8221;on|desktop&#8221; border_radii=&#8221;on|30px|30px|30px|30px&#8221; locked=&#8221;off&#8221; global_colors_info=&#8221;{}&#8221;][\/et_pb_image][\/et_pb_column][et_pb_column type=&#8221;1_2&#8243; _builder_version=&#8221;4.16&#8243; z_index=&#8221;50&#8243; global_colors_info=&#8221;{}&#8221;][et_pb_text _builder_version=&#8221;4.16&#8243; text_font=&#8221;||||||||&#8221; text_font_size=&#8221;16px&#8221; text_line_height=&#8221;1.8em&#8221; header_2_font=&#8221;Prompt|200|||||||&#8221; header_2_text_color=&#8221;#000000&#8243; header_2_font_size=&#8221;60px&#8221; header_2_line_height=&#8221;1.2em&#8221; header_4_font=&#8221;Prompt|600||on|||||&#8221; header_4_text_color=&#8221;#ff6f7e&#8221; header_4_font_size=&#8221;12px&#8221; header_4_letter_spacing=&#8221;2px&#8221; header_4_line_height=&#8221;1.2em&#8221; z_index=&#8221;1&#8243; custom_margin=&#8221;48px||0px||false|false&#8221; custom_margin_tablet=&#8221;0px||0px||false|false&#8221; custom_margin_phone=&#8221;&#8221; custom_margin_last_edited=&#8221;on|desktop&#8221; text_font_size_tablet=&#8221;&#8221; text_font_size_phone=&#8221;14px&#8221; text_font_size_last_edited=&#8221;on|desktop&#8221; header_2_font_size_tablet=&#8221;60px&#8221; header_2_font_size_phone=&#8221;30px&#8221; header_2_font_size_last_edited=&#8221;on|phone&#8221; locked=&#8221;off&#8221; global_colors_info=&#8221;{}&#8221;]<\/p>\n<h1>Al centro delle nostre citt\u00e0<\/h1>\n<p>Oggettoteche, swap-shop e biblioteche di abbigliamento. Sono il futuro, se vogliamo incoraggiare voi e tutti gli altri a condividere e scambiare di pi\u00f9.<\/p>\n<p>E infatti ne stanno sorgendo sempre di pi\u00f9! Purtroppo non \u00e8 facile per loro raggiungere le masse. Tuttavia, lentamente ma costantemente, questi concetti stanno conquistando il mondo. Sosteneteli!<\/p>\n<p>&nbsp;<\/p>\n<p>Lo stesso vale ovviamente per gli scambi di vestiti e le scatole di scambio di quartiere. Sono cose che potete facilmente organizzare da soli con un piccolo gruppo di amici\/vicini! Provate.<\/p>\n<p>[\/et_pb_text][\/et_pb_column][\/et_pb_row][et_pb_row column_structure=&#8221;2_5,3_5&#8243; _builder_version=&#8221;4.16&#8243; _module_preset=&#8221;default&#8221; global_colors_info=&#8221;{}&#8221;][et_pb_column type=&#8221;2_5&#8243; _builder_version=&#8221;4.16&#8243; _module_preset=&#8221;default&#8221; global_colors_info=&#8221;{}&#8221;][et_pb_text _builder_version=&#8221;4.16&#8243; _module_preset=&#8221;default&#8221; global_colors_info=&#8221;{}&#8221;]<\/p>\n<p>La mappa mostra molte delle oggettoteche della Svizzera. Tuttavia ne mancano alcune.<\/p>\n<p>\u00a0Quindi controlla quelle pi\u00f9 vicine a te e fatti un abbonamento. Anche solo per quella tenda che usi una volta all&#8217;anno, l&#8217;abbonamento vale gi\u00e0 la pena!<\/p>\n<p>[\/et_pb_text][\/et_pb_column][et_pb_column type=&#8221;3_5&#8243; _builder_version=&#8221;4.16&#8243; _module_preset=&#8221;default&#8221; global_colors_info=&#8221;{}&#8221;][et_pb_image src=&#8221;https:\/\/green-up.ch\/wp-content\/uploads\/2021\/09\/Screen-Shot-2021-09-06-at-3.47.59.png&#8221; title_text=&#8221;Screen Shot 2021-09-06 at 3.47.59&#8243; url=&#8221;https:\/\/www.google.com\/maps\/d\/u\/0\/viewer?mid=1XTej5hdN6B5zfu1HjjjQEMA2DhP_zuLr&#038;hl=fr&#038;ll=46.77490167147942%2C8.147948922618458&#038;z=8&#8243; url_new_window=&#8221;on&#8221; _builder_version=&#8221;4.16&#8243; custom_margin=&#8221;||||false|false&#8221; custom_margin_tablet=&#8221;|||0vw|false|false&#8221; custom_margin_phone=&#8221;&#8221; custom_margin_last_edited=&#8221;on|desktop&#8221; border_radii=&#8221;on|30px|30px|30px|30px&#8221; locked=&#8221;off&#8221; global_colors_info=&#8221;{}&#8221;][\/et_pb_image][\/et_pb_column][\/et_pb_row][\/et_pb_section]<\/p>\n","protected":false},"excerpt":{"rendered":"<p>Sharing economy &amp; economia localeIl concetto di condivisione \u00e8 vecchio quanto la civilt\u00e0 umana. Gregory Hodkinson Chairman, Arup GroupAbbracciando iniziative di condivisione come il car sharing, AirBnB, le librerie di [&hellip;]<\/p>\n","protected":false},"author":2,"featured_media":0,"parent":4236,"menu_order":0,"comment_status":"closed","ping_status":"closed","template":"","meta":{"_et_pb_use_builder":"on","_et_pb_old_content":"","_et_gb_content_width":"","footnotes":""},"class_list":["post-4314","page","type-page","status-publish","hentry"],"yoast_head":"<!-- This site is optimized with the Yoast SEO plugin v27.4 - https:\/\/yoast.com\/product\/yoast-seo-wordpress\/ -->\n<title>Sharing economy &amp; economia locale | Green Up<\/title>\n<meta name=\"robots\" content=\"index, follow, max-snippet:-1, max-image-preview:large, max-video-preview:-1\" \/>\n<link rel=\"canonical\" href=\"https:\/\/green-up.ch\/resources\/sharing-local-economy\/\" \/>\n<meta property=\"og:locale\" content=\"it_IT\" \/>\n<meta property=\"og:type\" content=\"article\" \/>\n<meta property=\"og:title\" content=\"Sharing economy &amp; economia locale | Green Up\" \/>\n<meta property=\"og:description\" content=\"Sharing economy &amp; economia localeIl concetto di condivisione \u00e8 vecchio quanto la civilt\u00e0 umana. Gregory Hodkinson Chairman, Arup GroupAbbracciando iniziative di condivisione come il car sharing, AirBnB, le librerie di [&hellip;]\" \/>\n<meta property=\"og:url\" content=\"https:\/\/green-up.ch\/resources\/sharing-local-economy\/\" \/>\n<meta property=\"og:site_name\" content=\"Green Up\" \/>\n<meta property=\"article:publisher\" content=\"https:\/\/m.facebook.com\/greenupswitzerland\" \/>\n<meta property=\"article:modified_time\" content=\"2024-07-03T10:39:20+00:00\" \/>\n<meta name=\"twitter:card\" content=\"summary_large_image\" \/>\n<meta name=\"twitter:label1\" content=\"Tempo di lettura stimato\" \/>\n\t<meta name=\"twitter:data1\" content=\"10 minuti\" \/>\n<script type=\"application\/ld+json\" class=\"yoast-schema-graph\">{\"@context\":\"https:\\\/\\\/schema.org\",\"@graph\":[{\"@type\":\"WebPage\",\"@id\":\"https:\\\/\\\/green-up.ch\\\/resources\\\/sharing-local-economy\\\/\",\"url\":\"https:\\\/\\\/green-up.ch\\\/resources\\\/sharing-local-economy\\\/\",\"name\":\"Sharing economy & economia locale | Green Up\",\"isPartOf\":{\"@id\":\"https:\\\/\\\/green-up.ch\\\/#website\"},\"datePublished\":\"2021-09-09T19:58:18+00:00\",\"dateModified\":\"2024-07-03T10:39:20+00:00\",\"breadcrumb\":{\"@id\":\"https:\\\/\\\/green-up.ch\\\/resources\\\/sharing-local-economy\\\/#breadcrumb\"},\"inLanguage\":\"it-IT\",\"potentialAction\":[{\"@type\":\"ReadAction\",\"target\":[\"https:\\\/\\\/green-up.ch\\\/resources\\\/sharing-local-economy\\\/\"]}]},{\"@type\":\"BreadcrumbList\",\"@id\":\"https:\\\/\\\/green-up.ch\\\/resources\\\/sharing-local-economy\\\/#breadcrumb\",\"itemListElement\":[{\"@type\":\"ListItem\",\"position\":1,\"name\":\"Home\",\"item\":\"https:\\\/\\\/green-up.ch\\\/\"},{\"@type\":\"ListItem\",\"position\":2,\"name\":\"Risorse\",\"item\":\"https:\\\/\\\/green-up.ch\\\/resources\\\/\"},{\"@type\":\"ListItem\",\"position\":3,\"name\":\"Sharing economy &#038; economia locale\"}]},{\"@type\":\"WebSite\",\"@id\":\"https:\\\/\\\/green-up.ch\\\/#website\",\"url\":\"https:\\\/\\\/green-up.ch\\\/\",\"name\":\"GreenUp\",\"description\":\"Inspire, collaborate, empower.\",\"publisher\":{\"@id\":\"https:\\\/\\\/green-up.ch\\\/#organization\"},\"potentialAction\":[{\"@type\":\"SearchAction\",\"target\":{\"@type\":\"EntryPoint\",\"urlTemplate\":\"https:\\\/\\\/green-up.ch\\\/?s={search_term_string}\"},\"query-input\":{\"@type\":\"PropertyValueSpecification\",\"valueRequired\":true,\"valueName\":\"search_term_string\"}}],\"inLanguage\":\"it-IT\"},{\"@type\":\"Organization\",\"@id\":\"https:\\\/\\\/green-up.ch\\\/#organization\",\"name\":\"GreeUp\",\"url\":\"https:\\\/\\\/green-up.ch\\\/\",\"logo\":{\"@type\":\"ImageObject\",\"inLanguage\":\"it-IT\",\"@id\":\"https:\\\/\\\/green-up.ch\\\/#\\\/schema\\\/logo\\\/image\\\/\",\"url\":\"https:\\\/\\\/green-up.ch\\\/wp-content\\\/uploads\\\/2021\\\/11\\\/greenuplogo_rond.png\",\"contentUrl\":\"https:\\\/\\\/green-up.ch\\\/wp-content\\\/uploads\\\/2021\\\/11\\\/greenuplogo_rond.png\",\"width\":600,\"height\":595,\"caption\":\"GreeUp\"},\"image\":{\"@id\":\"https:\\\/\\\/green-up.ch\\\/#\\\/schema\\\/logo\\\/image\\\/\"},\"sameAs\":[\"https:\\\/\\\/m.facebook.com\\\/greenupswitzerland\",\"https:\\\/\\\/www.instagram.com\\\/greenup.ch\\\/\",\"https:\\\/\\\/www.linkedin.com\\\/company\\\/greenupswitzerland\\\/\"]}]}<\/script>\n<!-- \/ Yoast SEO plugin. -->","yoast_head_json":{"title":"Sharing economy & economia locale | Green Up","robots":{"index":"index","follow":"follow","max-snippet":"max-snippet:-1","max-image-preview":"max-image-preview:large","max-video-preview":"max-video-preview:-1"},"canonical":"https:\/\/green-up.ch\/resources\/sharing-local-economy\/","og_locale":"it_IT","og_type":"article","og_title":"Sharing economy & economia locale | Green Up","og_description":"Sharing economy &amp; economia localeIl concetto di condivisione \u00e8 vecchio quanto la civilt\u00e0 umana. Gregory Hodkinson Chairman, Arup GroupAbbracciando iniziative di condivisione come il car sharing, AirBnB, le librerie di [&hellip;]","og_url":"https:\/\/green-up.ch\/resources\/sharing-local-economy\/","og_site_name":"Green Up","article_publisher":"https:\/\/m.facebook.com\/greenupswitzerland","article_modified_time":"2024-07-03T10:39:20+00:00","twitter_card":"summary_large_image","twitter_misc":{"Tempo di lettura stimato":"10 minuti"},"schema":{"@context":"https:\/\/schema.org","@graph":[{"@type":"WebPage","@id":"https:\/\/green-up.ch\/resources\/sharing-local-economy\/","url":"https:\/\/green-up.ch\/resources\/sharing-local-economy\/","name":"Sharing economy & economia locale | Green Up","isPartOf":{"@id":"https:\/\/green-up.ch\/#website"},"datePublished":"2021-09-09T19:58:18+00:00","dateModified":"2024-07-03T10:39:20+00:00","breadcrumb":{"@id":"https:\/\/green-up.ch\/resources\/sharing-local-economy\/#breadcrumb"},"inLanguage":"it-IT","potentialAction":[{"@type":"ReadAction","target":["https:\/\/green-up.ch\/resources\/sharing-local-economy\/"]}]},{"@type":"BreadcrumbList","@id":"https:\/\/green-up.ch\/resources\/sharing-local-economy\/#breadcrumb","itemListElement":[{"@type":"ListItem","position":1,"name":"Home","item":"https:\/\/green-up.ch\/"},{"@type":"ListItem","position":2,"name":"Risorse","item":"https:\/\/green-up.ch\/resources\/"},{"@type":"ListItem","position":3,"name":"Sharing economy &#038; economia locale"}]},{"@type":"WebSite","@id":"https:\/\/green-up.ch\/#website","url":"https:\/\/green-up.ch\/","name":"GreenUp","description":"Inspire, collaborate, empower.","publisher":{"@id":"https:\/\/green-up.ch\/#organization"},"potentialAction":[{"@type":"SearchAction","target":{"@type":"EntryPoint","urlTemplate":"https:\/\/green-up.ch\/?s={search_term_string}"},"query-input":{"@type":"PropertyValueSpecification","valueRequired":true,"valueName":"search_term_string"}}],"inLanguage":"it-IT"},{"@type":"Organization","@id":"https:\/\/green-up.ch\/#organization","name":"GreeUp","url":"https:\/\/green-up.ch\/","logo":{"@type":"ImageObject","inLanguage":"it-IT","@id":"https:\/\/green-up.ch\/#\/schema\/logo\/image\/","url":"https:\/\/green-up.ch\/wp-content\/uploads\/2021\/11\/greenuplogo_rond.png","contentUrl":"https:\/\/green-up.ch\/wp-content\/uploads\/2021\/11\/greenuplogo_rond.png","width":600,"height":595,"caption":"GreeUp"},"image":{"@id":"https:\/\/green-up.ch\/#\/schema\/logo\/image\/"},"sameAs":["https:\/\/m.facebook.com\/greenupswitzerland","https:\/\/www.instagram.com\/greenup.ch\/","https:\/\/www.linkedin.com\/company\/greenupswitzerland\/"]}]}},"_links":{"self":[{"href":"https:\/\/green-up.ch\/it\/wp-json\/wp\/v2\/pages\/4314","targetHints":{"allow":["GET"]}}],"collection":[{"href":"https:\/\/green-up.ch\/it\/wp-json\/wp\/v2\/pages"}],"about":[{"href":"https:\/\/green-up.ch\/it\/wp-json\/wp\/v2\/types\/page"}],"author":[{"embeddable":true,"href":"https:\/\/green-up.ch\/it\/wp-json\/wp\/v2\/users\/2"}],"replies":[{"embeddable":true,"href":"https:\/\/green-up.ch\/it\/wp-json\/wp\/v2\/comments?post=4314"}],"version-history":[{"count":7,"href":"https:\/\/green-up.ch\/it\/wp-json\/wp\/v2\/pages\/4314\/revisions"}],"predecessor-version":[{"id":16363,"href":"https:\/\/green-up.ch\/it\/wp-json\/wp\/v2\/pages\/4314\/revisions\/16363"}],"up":[{"embeddable":true,"href":"https:\/\/green-up.ch\/it\/wp-json\/wp\/v2\/pages\/4236"}],"wp:attachment":[{"href":"https:\/\/green-up.ch\/it\/wp-json\/wp\/v2\/media?parent=4314"}],"curies":[{"name":"wp","href":"https:\/\/api.w.org\/{rel}","templated":true}]}}