{"id":4209,"date":"2021-09-09T07:25:52","date_gmt":"2021-09-09T07:25:52","guid":{"rendered":"https:\/\/green-up.ch\/privacy\/"},"modified":"2021-09-12T19:18:40","modified_gmt":"2021-09-12T19:18:40","slug":"privacy","status":"publish","type":"page","link":"https:\/\/green-up.ch\/it\/privacy\/","title":{"rendered":"Privacy"},"content":{"rendered":"<p>[et_pb_section fb_built=&#8221;1&#8243; admin_label=&#8221;Header&#8221; _builder_version=&#8221;3.26.3&#8243; custom_margin=&#8221;||2px||false|false&#8221; custom_margin_tablet=&#8221;||0px||false|false&#8221; custom_margin_phone=&#8221;&#8221; custom_margin_last_edited=&#8221;on|desktop&#8221; custom_padding=&#8221;0px||||false|false&#8221;][et_pb_row column_structure=&#8221;3_5,2_5&#8243; _builder_version=&#8221;4.9.7&#8243; custom_padding=&#8221;0px||0px||false|false&#8221; border_width_left=&#8221;150px&#8221; border_color_left=&#8221;rgba(0,0,0,0)&#8221; border_width_left_tablet=&#8221;0px&#8221; border_width_left_phone=&#8221;&#8221; border_width_left_last_edited=&#8221;on|desktop&#8221;][et_pb_column type=&#8221;3_5&#8243; _builder_version=&#8221;4.9.7&#8243; background_color=&#8221;#E6FFEB&#8221; background_color_gradient_direction=&#8221;90deg&#8221; transform_translate_linked=&#8221;off&#8221; custom_padding=&#8221;60px|40px|||false|false&#8221; custom_padding_tablet=&#8221;40px|40px||40px|false|true&#8221; custom_padding_phone=&#8221;|20px||20px|false|true&#8221; custom_padding_last_edited=&#8221;on|phone&#8221; custom_css_main_element=&#8221;overflow:visible;&#8221; border_radii=&#8221;off|||30px|30px&#8221; box_shadow_vertical_tablet=&#8221;-200px&#8221; box_shadow_vertical_phone=&#8221;-100px&#8221; box_shadow_vertical_last_edited=&#8221;on|phone&#8221;][et_pb_text _builder_version=&#8221;4.9.7&#8243; header_text_color=&#8221;#000000&#8243; header_font_size=&#8221;104px&#8221; z_index=&#8221;1&#8243; custom_margin=&#8221;|||-150px||&#8221; custom_margin_tablet=&#8221;|||0px&#8221; custom_margin_phone=&#8221;&#8221; custom_margin_last_edited=&#8221;on|phone&#8221; header_font_size_tablet=&#8221;80px&#8221; header_font_size_phone=&#8221;60px&#8221; header_font_size_last_edited=&#8221;on|phone&#8221; header_letter_spacing_tablet=&#8221;0px&#8221; header_letter_spacing_phone=&#8221;&#8221; header_letter_spacing_last_edited=&#8221;on|tablet&#8221;]<\/p>\n<h1><span style=\"color: #00506e;\">Politica sulla privacy<\/span><\/h1>\n<p>[\/et_pb_text][et_pb_image src=&#8221;https:\/\/green-up.ch\/wp-content\/uploads\/2021\/09\/Untitled_design__5_-removebg-preview.png&#8221; title_text=&#8221;Untitled_design__5_-removebg-preview&#8221; _builder_version=&#8221;4.9.10&#8243; transform_scale_tablet=&#8221;&#8221; transform_scale_phone=&#8221;&#8221; transform_scale_last_edited=&#8221;on|desktop&#8221; transform_translate=&#8221;120px|0px&#8221; transform_translate_tablet=&#8221;0px|0px&#8221; transform_translate_phone=&#8221;&#8221; transform_translate_last_edited=&#8221;on|tablet&#8221; transform_translate_linked=&#8221;off&#8221; transform_rotate_tablet=&#8221;&#8221; transform_rotate_phone=&#8221;&#8221; transform_rotate_last_edited=&#8221;on|desktop&#8221; transform_skew_tablet=&#8221;&#8221; transform_skew_phone=&#8221;&#8221; transform_skew_last_edited=&#8221;on|desktop&#8221; transform_origin_tablet=&#8221;&#8221; transform_origin_phone=&#8221;&#8221; transform_origin_last_edited=&#8221;on|desktop&#8221; transform_styles_last_edited=&#8221;on|tablet&#8221; width=&#8221;100%&#8221; max_width=&#8221;400px&#8221; max_width_tablet=&#8221;250px&#8221; max_width_phone=&#8221;180px&#8221; max_width_last_edited=&#8221;on|desktop&#8221; module_alignment=&#8221;right&#8221; min_height=&#8221;184px&#8221; height=&#8221;484px&#8221; custom_margin=&#8221;-200px||-260px||false|false&#8221; custom_margin_tablet=&#8221;-50px||-160px||false|false&#8221; custom_margin_phone=&#8221;||-110px||false|false&#8221; custom_margin_last_edited=&#8221;on|phone&#8221; transform_styles_tablet=&#8221;&#8221; transform_styles_phone=&#8221;&#8221; module_alignment_tablet=&#8221;center&#8221; module_alignment_phone=&#8221;&#8221; module_alignment_last_edited=&#8221;on|desktop&#8221;][\/et_pb_image][\/et_pb_column][et_pb_column type=&#8221;2_5&#8243; _builder_version=&#8221;3.26.3&#8243;][et_pb_text _builder_version=&#8221;4.9.10&#8243; text_font=&#8221;|800|||||||&#8221; text_font_size=&#8221;16px&#8221; text_line_height=&#8221;1.6em&#8221; header_2_font=&#8221;||||||||&#8221; header_4_font=&#8221;Prompt|600||on|||||&#8221; header_4_font_size=&#8221;12px&#8221; header_4_letter_spacing=&#8221;2px&#8221; header_4_line_height=&#8221;1.2em&#8221; background_color=&#8221;#00506E&#8221; z_index=&#8221;1&#8243; background_layout=&#8221;dark&#8221; min_height=&#8221;186px&#8221; custom_margin=&#8221;|-4vw|-29px||false|false&#8221; custom_margin_tablet=&#8221;|0vw|||false|false&#8221; custom_margin_phone=&#8221;&#8221; custom_margin_last_edited=&#8221;on|tablet&#8221; custom_padding=&#8221;80px|40px|60px|40px|false|true&#8221; custom_padding_tablet=&#8221;&#8221; custom_padding_phone=&#8221;40px|20px|40px|20px|true|true&#8221; custom_padding_last_edited=&#8221;on|phone&#8221; border_radii=&#8221;off|||30px|30px&#8221; locked=&#8221;off&#8221;]<\/p>\n<p>Umwelt Plattform \u00e8 l&#8217;organizzazione senza scopo di lucro registrata in Svizzera che sta dietro il marchio &#8220;GreenUp&#8221;.<\/p>\n<p>Il nostro numero di identificazione della societ\u00e0, UID \u00e8 CHE-484. 763. 548.<\/p>\n<p>Il nostro indirizzo ufficiale \u00e8:\u00a0<\/p>\n<p>GreenUp<br \/><strong>p\/a Umwelt Plattform<\/strong><br \/><strong>4000 Basilea<\/strong><\/p>\n<p>[\/et_pb_text][\/et_pb_column][\/et_pb_row][\/et_pb_section][et_pb_section fb_built=&#8221;1&#8243; _builder_version=&#8221;4.9.10&#8243; _module_preset=&#8221;default&#8221;][et_pb_row _builder_version=&#8221;4.9.10&#8243; _module_preset=&#8221;default&#8221;][et_pb_column type=&#8221;4_4&#8243; _builder_version=&#8221;4.9.10&#8243; _module_preset=&#8221;default&#8221;][\/et_pb_column][\/et_pb_row][\/et_pb_section][et_pb_section fb_built=&#8221;1&#8243; _builder_version=&#8221;4.9.10&#8243; _module_preset=&#8221;default&#8221; min_height=&#8221;1137px&#8221; custom_margin=&#8221;-107px|||||&#8221; custom_padding=&#8221;155px|||||&#8221;][et_pb_row _builder_version=&#8221;4.9.10&#8243; _module_preset=&#8221;default&#8221;][et_pb_column type=&#8221;4_4&#8243; _builder_version=&#8221;4.9.10&#8243; _module_preset=&#8221;default&#8221;][et_pb_text _builder_version=&#8221;4.9.10&#8243; _module_preset=&#8221;default&#8221; max_width=&#8221;820em&#8221; custom_padding=&#8221;|0px||||&#8221;]<\/p>\n<p>GreenUp dipende dalla generosit\u00e0 dei nostri volontari e sostenitori, nonch\u00e9 dalla fiducia del pubblico. Ci impegniamo quindi a proteggere tutte le informazioni personali che riceviamo su di voi, indipendentemente dal fatto che stiate solo visitando il sito web https:\/\/green-up.ch (sito), che siate un partner, un sostenitore finanziario o un volontario.<\/p>\n<p>Questa politica sulla privacy stabilisce come utilizzeremo, useremo e proteggeremo le informazioni personali che ci fornirai o che raccoglieremo su di te, sia online che per telefono, testo, e-mail, nelle lettere o in altra corrispondenza.<\/p>\n<p>&nbsp;<\/p>\n<p>I &#8211; Nome e indirizzo<\/p>\n<p>Umwelt Plattform \u00e8 l&#8217;organizzazione senza scopo di lucro registrata in Svizzera che sta dietro al marchio &#8220;GreenUp&#8221;.<\/p>\n<p>Il nostro numero di identificazione della societ\u00e0, UID \u00e8 CHE-484. 763. 548.<\/p>\n<p>Il nostro indirizzo ufficiale \u00e8:<br \/>GreenUp<br \/>p\/a Umwelt Plattform<br \/>4000 Basilea<\/p>\n<p>&nbsp;<\/p>\n<p>II &#8211; Nome e indirizzo per le richieste di protezione dei dati<\/p>\n<p>Se avete domande sui vostri dati personali, potete contattarci via e-mail o per posta (vedi sopra).\u00a0<\/p>\n<p>In qualsiasi momento potete ottenere gratuitamente informazioni sui vostri dati memorizzati da noi, nonch\u00e9 esercitare il vostro diritto di rettifica, blocco, opposizione o cancellazione dei vostri dati. Si prega di contattare la persona di contatto menzionata sopra.<\/p>\n<p>&nbsp;<\/p>\n<p>III &#8211; Informazioni generali sul trattamento dei dati<\/p>\n<p>La protezione dei vostri dati \u00e8 importante per noi. Rispettiamo la vostra privacy e ci impegniamo a garantire che i vostri dati vengano trattati in conformit\u00e0 alle leggi vigenti, indipendentemente dal fatto che ci forniate i vostri dati per via elettronica, per posta o per telefono. In linea di principio, trattiamo i dati personali solo nella misura necessaria a fornire un sito web funzionante e i nostri contenuti e servizi, che voi vorreste ricevere da noi come potenziali clienti, donatori, iscritti alla e-newsletter o concorrenti.<\/p>\n<p>Il trattamento dei dati personali avviene in ogni caso solo nell&#8217;ambito delle disposizioni di legge. L&#8217;associazione di pubblica utilit\u00e0 UP-Umwelt Plattform \u00e8 soggetta al diritto svizzero. Ci\u00f2 vale anche per la protezione dei dati. La nostra offerta si rivolge esclusivamente a persone in Svizzera, per cui le leggi dell&#8217;UE, in particolare il regolamento generale sulla protezione dei dati dell&#8217;UE, non sono applicabili.<\/p>\n<p>Con questa dichiarazione sulla protezione dei dati vi informiamo in modo esaustivo sul nostro trattamento dei dati. Se ci fornite dati personali di terzi, vi preghiamo di assicurarvi che le informazioni siano corrette, che la persona in questione abbia preso atto della presente informativa sulla privacy e che abbia dato il suo consenso alla trasmissione dei dati alla UP &#8211; Umwelt Plattform.<\/p>\n<p>1. Trattamento dei dati personali<\/p>\n<p>Il trattamento dei dati personali comprende, ad esempio<br \/>Sondaggio<br \/>Archiviazione<br \/>Amministrazione<br \/>Utilizzo<br \/>Trasmissione<br \/>Notifica<br \/>Cancellazione<br \/>dei dati personali. Trattiamo i dati personali che ci fornite da un lato e, dall&#8217;altro, i dati che vengono raccolti automaticamente o manualmente quando visitate il nostro sito web. Questi sono, per esempio:<\/p>\n<p>Cognome e nome<br \/>Indirizzo di residenza<br \/>data di nascita<br \/>Sesso<br \/>E-mail Indirizzo<br \/>Numeri di telefono<br \/>Donazioni (importo del contributo, data, mezzo, scopo)<br \/>Attivit\u00e0 sul sito web umweltplattform. ch<br \/>Indirizzo IP dei dispositivi tecnici<br \/>Consenso a ricevere newsletter o altre informazioni<br \/>Comunicazione via telefono, fax, e-mail, messaggi di testo (SMS)<br \/>2. Per cosa utilizziamo i vostri dati personali?<\/p>\n<p>Trattiamo i vostri dati personali principalmente per lo scopo indicato durante la raccolta, ad esempio per abbonarsi alla nostra newsletter, per rispondere alle vostre richieste, per elaborare la vostra partecipazione a campagne, promozioni o concorsi a premi o per elaborare le vostre donazioni sul sito Umweltplattform. ch.<\/p>\n<p>Inoltre, trattiamo i vostri dati per scopi di marketing nell&#8217;ambito delle leggi vigenti. Elaboriamo i vostri dati personali ad esempio per i seguenti scopi di elaborazione in relazione a:<\/p>\n<p>la fornitura dei nostri beni o servizi<br \/>la sua donazione a UP<br \/>l&#8217;organizzazione e l&#8217;esecuzione della comunicazione con i clienti (per posta o mezzi di comunicazione elettronici)<br \/>comunicazione commerciale per posta, telefono, e-mail, messaggi vocali, SMS, MMS, messaggi video o instant messaging<br \/>la valutazione dell&#8217;utilizzo delle nostre offerte per telefono, e-mail, SMS, messaggi video o instant messaging come il tipo di utilizzo, la frequenza e la durata di utilizzo, il luogo esatto di utilizzo<br \/>l&#8217;organizzazione e la realizzazione di eventi speciali<br \/>Incluso nell&#8217;analisi del comportamento dei clienti<br \/>3. A chi trasmettiamo i vostri dati personali?<\/p>\n<p>Tipografia<br \/>Terzi che sono incaricati della realizzazione o dell&#8217;organizzazione di campi ed eventi<br \/>Fornitori di servizi IT<br \/>i nostri revisori dei conti<br \/>Per gli scopi indicati in questa dichiarazione, e laddove ritenuto necessario, possiamo condividere i dati personali con tribunali, forze dell&#8217;ordine, autorit\u00e0 di regolamentazione e governative e forze dell&#8217;ordine.<\/p>\n<p>4.Durata della conservazione dei dati personali<\/p>\n<p>I dati personali della persona interessata saranno cancellati non appena lo scopo della conservazione non sar\u00e0 pi\u00f9 valido.<\/p>\n<p>IV &#8211; Cookies | Tracciamento e altre tecnologie relative all&#8217;uso del nostro sito web<\/p>\n<p>Solitamente utilizziamo i &#8220;cookie&#8221; sui nostri siti web per identificare il tuo browser o dispositivo. Un cookie \u00e8 un piccolo file che viene inviato al tuo computer o memorizzato automaticamente sul tuo computer o dispositivo mobile dal browser web che usi quando visiti il nostro sito web. Se visiti di nuovo questo sito web, possiamo riconoscerti anche se non sappiamo chi sei. Oltre ai cookie che vengono utilizzati solo durante una sessione e cancellati dopo la visita al sito web (&#8220;cookie di sessione&#8221;), i cookie possono anche essere utilizzati per memorizzare le impostazioni dell&#8217;utente e altre informazioni per un certo periodo di tempo (ad esempio due anni) (&#8220;cookie permanenti&#8221;).<\/p>\n<p>Tuttavia, \u00e8 possibile impostare il browser per rifiutare i cookie, salvarli solo per una sessione o altrimenti cancellarli prematuramente. La maggior parte dei browser sono preimpostati per accettare i cookie. Utilizziamo i cookie permanenti per capire meglio come utilizzi le nostre offerte e i nostri contenuti. Se blocchi i cookie, alcune funzionalit\u00e0 (come la selezione della lingua) potrebbero non funzionare pi\u00f9.<\/p>\n<p>A volte utilizziamo Google Analytics o servizi simili sui nostri siti web. Si tratta di servizi di terzi che possono avere sede in qualsiasi paese (nel caso di Google Analytics, si tratta di Google LLC negli USA, www. google. com), con i quali possiamo valutare l&#8217;utilizzo del sito web (non personale). A questo scopo vengono utilizzati anche cookie permanenti, che vengono impostati dal fornitore di servizi. Il fornitore di servizi non riceve alcun dato personale da noi (e non conserva alcun indirizzo IP), ma pu\u00f2 tracciare il vostro utilizzo del sito web, combinare queste informazioni con quelle di altri siti web che avete visitato e che sono anch&#8217;essi tracciati dai fornitori di servizi, e utilizzare queste informazioni per i propri scopi (ad esempio per controllare la pubblicit\u00e0). Se vi siete registrati voi stessi presso il fornitore di servizi, anche il fornitore di servizi vi conosce. L&#8217;elaborazione dei vostri dati personali da parte del fornitore di servizi \u00e8 quindi di responsabilit\u00e0 del fornitore di servizi secondo le sue regole di protezione dei dati. Il fornitore di servizi ci dice solo come viene utilizzato il nostro rispettivo sito web (nessuna informazione su di te personalmente).<\/p>\n<p>&nbsp;<\/p>\n<p>V- Trasmissione sicura dei dati<\/p>\n<p>I dati personali che ci fornite attraverso i moduli del sito web ci vengono trasmessi in forma criptata attraverso una connessione sicura. Il metodo di sicurezza utilizzato (SSL-Secure Sockets Layer) corrisponde allo stato attuale della tecnica.<\/p>\n<p>&nbsp;<\/p>\n<p>VI &#8211; Pubblicit\u00e0<\/p>\n<p>Su questo sito web, fornitori di servizi come Google raccolgono e memorizzano sulla base di &#8220;WebBugs&#8221; informazioni sul comportamento di navigazione dei visitatori del sito web per scopi di marketing e per il continuo miglioramento dell&#8217;offerta. I fornitori di servizi analizzano il comportamento di navigazione e possono quindi mostrare consigli mirati sui prodotti come banner pubblicitari personalizzati su altri siti web. In nessun caso questi dati possono essere utilizzati per identificare personalmente il visitatore di questo sito web. I dati raccolti vengono utilizzati per migliorare l&#8217;offerta. Non c&#8217;\u00e8 nessun altro utilizzo.<\/p>\n<p>&nbsp;<\/p>\n<p>VII &#8211; Responsabilit\u00e0 per i link<\/p>\n<p>GreenUp dichiara espressamente che al momento della creazione dei link non erano riconoscibili contenuti illegali sulle pagine collegate. Non abbiamo alcuna influenza sulla configurazione attuale e futura, sui contenuti e sulla paternit\u00e0 delle pagine collegate. Pertanto si dissocia espressamente da tutti i contenuti di tutte le pagine collegate\/collegate che sono state modificate dopo la creazione del link. Questa dichiarazione vale per tutti i link e i riferimenti posti all&#8217;interno della propria offerta Internet. Per contenuti illegali, errati o incompleti e in particolare per danni derivanti dall&#8217;utilizzo o dal mancato utilizzo di tali informazioni, risponde esclusivamente il fornitore della pagina a cui si \u00e8 fatto riferimento, non colui che si limita a rimandare alla rispettiva pubblicazione tramite link.<\/p>\n<p>&nbsp;<\/p>\n<p>VIII &#8211; Modifiche<\/p>\n<p>Possiamo adattare questa dichiarazione sulla privacy in qualsiasi momento. Si applica la versione attuale pubblicata sul nostro sito web.<\/p>\n<p>[\/et_pb_text][\/et_pb_column][\/et_pb_row][\/et_pb_section]<\/p>\n","protected":false},"excerpt":{"rendered":"<p>Politica sulla privacyUmwelt Plattform \u00e8 l&#8217;organizzazione senza scopo di lucro registrata in Svizzera che sta dietro il marchio &#8220;GreenUp&#8221;. Il nostro numero di identificazione della societ\u00e0, UID \u00e8 CHE-484. 763. [&hellip;]<\/p>\n","protected":false},"author":2,"featured_media":0,"parent":0,"menu_order":0,"comment_status":"closed","ping_status":"closed","template":"","meta":{"_et_pb_use_builder":"on","_et_pb_old_content":"","_et_gb_content_width":"","footnotes":""},"class_list":["post-4209","page","type-page","status-publish","hentry"],"yoast_head":"<!-- This site is optimized with the Yoast SEO plugin v27.4 - https:\/\/yoast.com\/product\/yoast-seo-wordpress\/ -->\n<title>Privacy | Green Up<\/title>\n<meta name=\"robots\" content=\"index, follow, max-snippet:-1, max-image-preview:large, max-video-preview:-1\" \/>\n<link rel=\"canonical\" href=\"https:\/\/green-up.ch\/it\/privacy\/\" \/>\n<meta property=\"og:locale\" content=\"it_IT\" \/>\n<meta property=\"og:type\" content=\"article\" \/>\n<meta property=\"og:title\" content=\"Privacy | Green Up\" \/>\n<meta property=\"og:description\" content=\"Politica sulla privacyUmwelt Plattform \u00e8 l&#039;organizzazione senza scopo di lucro registrata in Svizzera che sta dietro il marchio &quot;GreenUp&quot;. Il nostro numero di identificazione della societ\u00e0, UID \u00e8 CHE-484. 763. [&hellip;]\" \/>\n<meta property=\"og:url\" content=\"https:\/\/green-up.ch\/it\/privacy\/\" \/>\n<meta property=\"og:site_name\" content=\"Green Up\" \/>\n<meta property=\"article:publisher\" content=\"https:\/\/m.facebook.com\/greenupswitzerland\" \/>\n<meta property=\"article:modified_time\" content=\"2021-09-12T19:18:40+00:00\" \/>\n<meta name=\"twitter:card\" content=\"summary_large_image\" \/>\n<meta name=\"twitter:label1\" content=\"Tempo di lettura stimato\" \/>\n\t<meta name=\"twitter:data1\" content=\"10 minuti\" \/>\n<script type=\"application\/ld+json\" class=\"yoast-schema-graph\">{\"@context\":\"https:\\\/\\\/schema.org\",\"@graph\":[{\"@type\":\"WebPage\",\"@id\":\"https:\\\/\\\/green-up.ch\\\/it\\\/privacy\\\/\",\"url\":\"https:\\\/\\\/green-up.ch\\\/it\\\/privacy\\\/\",\"name\":\"Privacy | Green Up\",\"isPartOf\":{\"@id\":\"https:\\\/\\\/green-up.ch\\\/#website\"},\"datePublished\":\"2021-09-09T07:25:52+00:00\",\"dateModified\":\"2021-09-12T19:18:40+00:00\",\"breadcrumb\":{\"@id\":\"https:\\\/\\\/green-up.ch\\\/it\\\/privacy\\\/#breadcrumb\"},\"inLanguage\":\"it-IT\",\"potentialAction\":[{\"@type\":\"ReadAction\",\"target\":[\"https:\\\/\\\/green-up.ch\\\/it\\\/privacy\\\/\"]}]},{\"@type\":\"BreadcrumbList\",\"@id\":\"https:\\\/\\\/green-up.ch\\\/it\\\/privacy\\\/#breadcrumb\",\"itemListElement\":[{\"@type\":\"ListItem\",\"position\":1,\"name\":\"Home\",\"item\":\"https:\\\/\\\/green-up.ch\\\/\"},{\"@type\":\"ListItem\",\"position\":2,\"name\":\"Privacy\"}]},{\"@type\":\"WebSite\",\"@id\":\"https:\\\/\\\/green-up.ch\\\/#website\",\"url\":\"https:\\\/\\\/green-up.ch\\\/\",\"name\":\"GreenUp\",\"description\":\"Inspire, collaborate, empower.\",\"publisher\":{\"@id\":\"https:\\\/\\\/green-up.ch\\\/#organization\"},\"potentialAction\":[{\"@type\":\"SearchAction\",\"target\":{\"@type\":\"EntryPoint\",\"urlTemplate\":\"https:\\\/\\\/green-up.ch\\\/?s={search_term_string}\"},\"query-input\":{\"@type\":\"PropertyValueSpecification\",\"valueRequired\":true,\"valueName\":\"search_term_string\"}}],\"inLanguage\":\"it-IT\"},{\"@type\":\"Organization\",\"@id\":\"https:\\\/\\\/green-up.ch\\\/#organization\",\"name\":\"GreeUp\",\"url\":\"https:\\\/\\\/green-up.ch\\\/\",\"logo\":{\"@type\":\"ImageObject\",\"inLanguage\":\"it-IT\",\"@id\":\"https:\\\/\\\/green-up.ch\\\/#\\\/schema\\\/logo\\\/image\\\/\",\"url\":\"https:\\\/\\\/green-up.ch\\\/wp-content\\\/uploads\\\/2021\\\/11\\\/greenuplogo_rond.png\",\"contentUrl\":\"https:\\\/\\\/green-up.ch\\\/wp-content\\\/uploads\\\/2021\\\/11\\\/greenuplogo_rond.png\",\"width\":600,\"height\":595,\"caption\":\"GreeUp\"},\"image\":{\"@id\":\"https:\\\/\\\/green-up.ch\\\/#\\\/schema\\\/logo\\\/image\\\/\"},\"sameAs\":[\"https:\\\/\\\/m.facebook.com\\\/greenupswitzerland\",\"https:\\\/\\\/www.instagram.com\\\/greenup.ch\\\/\",\"https:\\\/\\\/www.linkedin.com\\\/company\\\/greenupswitzerland\\\/\"]}]}<\/script>\n<!-- \/ Yoast SEO plugin. -->","yoast_head_json":{"title":"Privacy | Green Up","robots":{"index":"index","follow":"follow","max-snippet":"max-snippet:-1","max-image-preview":"max-image-preview:large","max-video-preview":"max-video-preview:-1"},"canonical":"https:\/\/green-up.ch\/it\/privacy\/","og_locale":"it_IT","og_type":"article","og_title":"Privacy | Green Up","og_description":"Politica sulla privacyUmwelt Plattform \u00e8 l'organizzazione senza scopo di lucro registrata in Svizzera che sta dietro il marchio \"GreenUp\". Il nostro numero di identificazione della societ\u00e0, UID \u00e8 CHE-484. 763. [&hellip;]","og_url":"https:\/\/green-up.ch\/it\/privacy\/","og_site_name":"Green Up","article_publisher":"https:\/\/m.facebook.com\/greenupswitzerland","article_modified_time":"2021-09-12T19:18:40+00:00","twitter_card":"summary_large_image","twitter_misc":{"Tempo di lettura stimato":"10 minuti"},"schema":{"@context":"https:\/\/schema.org","@graph":[{"@type":"WebPage","@id":"https:\/\/green-up.ch\/it\/privacy\/","url":"https:\/\/green-up.ch\/it\/privacy\/","name":"Privacy | Green Up","isPartOf":{"@id":"https:\/\/green-up.ch\/#website"},"datePublished":"2021-09-09T07:25:52+00:00","dateModified":"2021-09-12T19:18:40+00:00","breadcrumb":{"@id":"https:\/\/green-up.ch\/it\/privacy\/#breadcrumb"},"inLanguage":"it-IT","potentialAction":[{"@type":"ReadAction","target":["https:\/\/green-up.ch\/it\/privacy\/"]}]},{"@type":"BreadcrumbList","@id":"https:\/\/green-up.ch\/it\/privacy\/#breadcrumb","itemListElement":[{"@type":"ListItem","position":1,"name":"Home","item":"https:\/\/green-up.ch\/"},{"@type":"ListItem","position":2,"name":"Privacy"}]},{"@type":"WebSite","@id":"https:\/\/green-up.ch\/#website","url":"https:\/\/green-up.ch\/","name":"GreenUp","description":"Inspire, collaborate, empower.","publisher":{"@id":"https:\/\/green-up.ch\/#organization"},"potentialAction":[{"@type":"SearchAction","target":{"@type":"EntryPoint","urlTemplate":"https:\/\/green-up.ch\/?s={search_term_string}"},"query-input":{"@type":"PropertyValueSpecification","valueRequired":true,"valueName":"search_term_string"}}],"inLanguage":"it-IT"},{"@type":"Organization","@id":"https:\/\/green-up.ch\/#organization","name":"GreeUp","url":"https:\/\/green-up.ch\/","logo":{"@type":"ImageObject","inLanguage":"it-IT","@id":"https:\/\/green-up.ch\/#\/schema\/logo\/image\/","url":"https:\/\/green-up.ch\/wp-content\/uploads\/2021\/11\/greenuplogo_rond.png","contentUrl":"https:\/\/green-up.ch\/wp-content\/uploads\/2021\/11\/greenuplogo_rond.png","width":600,"height":595,"caption":"GreeUp"},"image":{"@id":"https:\/\/green-up.ch\/#\/schema\/logo\/image\/"},"sameAs":["https:\/\/m.facebook.com\/greenupswitzerland","https:\/\/www.instagram.com\/greenup.ch\/","https:\/\/www.linkedin.com\/company\/greenupswitzerland\/"]}]}},"_links":{"self":[{"href":"https:\/\/green-up.ch\/it\/wp-json\/wp\/v2\/pages\/4209","targetHints":{"allow":["GET"]}}],"collection":[{"href":"https:\/\/green-up.ch\/it\/wp-json\/wp\/v2\/pages"}],"about":[{"href":"https:\/\/green-up.ch\/it\/wp-json\/wp\/v2\/types\/page"}],"author":[{"embeddable":true,"href":"https:\/\/green-up.ch\/it\/wp-json\/wp\/v2\/users\/2"}],"replies":[{"embeddable":true,"href":"https:\/\/green-up.ch\/it\/wp-json\/wp\/v2\/comments?post=4209"}],"version-history":[{"count":3,"href":"https:\/\/green-up.ch\/it\/wp-json\/wp\/v2\/pages\/4209\/revisions"}],"predecessor-version":[{"id":4835,"href":"https:\/\/green-up.ch\/it\/wp-json\/wp\/v2\/pages\/4209\/revisions\/4835"}],"wp:attachment":[{"href":"https:\/\/green-up.ch\/it\/wp-json\/wp\/v2\/media?parent=4209"}],"curies":[{"name":"wp","href":"https:\/\/api.w.org\/{rel}","templated":true}]}}