{"id":21354,"date":"2025-10-03T08:04:49","date_gmt":"2025-10-03T08:04:49","guid":{"rendered":"https:\/\/green-up.ch\/?post_type=product&#038;p=21354"},"modified":"2026-01-30T12:33:20","modified_gmt":"2026-01-30T12:33:20","slug":"schone-holzkommode-neuwertig","status":"publish","type":"product","link":"https:\/\/green-up.ch\/fr\/produit\/schone-holzkommode-neuwertig\/","title":{"rendered":"Sch\u00f6ne Holzkommode, neuwertig"},"content":{"rendered":"<p>Sch\u00f6ne Kommode mit aus Holz, neuwertig, im Kelly Transporte Lager Davos erh\u00e4ltlich.<\/p>\n<p>Auf Spendenbasis zu vergeben.<\/p>\n<p>H\u00f6he:70cm, Breite: 100 cm, Tiefe: 45 cm<\/p>\n<p><em>Dank eurer fairen Spenden kann das GreenShare Projekt weiter existieren.\u00a0<\/em><\/p>\n","protected":false},"excerpt":{"rendered":"<p>Sch\u00f6ne Kommode mit aus Holz, neuwertig, im Kelly Transporte Lager Davos erh\u00e4ltlich. Auf Spendenbasis zu vergeben. H\u00f6he:70cm, Breite: 100 cm, Tiefe: 45 cm Dank eurer fairen Spenden kann das GreenShare [&hellip;]<\/p>\n","protected":false},"featured_media":21359,"comment_status":"open","ping_status":"closed","template":"","meta":{"_et_pb_use_builder":"","_et_pb_old_content":"","_et_gb_content_width":""},"product_brand":[],"product_cat":[279,206],"product_tag":[],"class_list":{"0":"post-21354","1":"product","2":"type-product","3":"status-publish","4":"has-post-thumbnail","6":"product_cat-greenshare","7":"product_cat-moebel","9":"first","10":"instock","11":"shipping-taxable","12":"purchasable","13":"product-type-simple"},"yoast_head":"<!-- This site is optimized with the Yoast SEO plugin v27.3 - https:\/\/yoast.com\/product\/yoast-seo-wordpress\/ -->\n<title>Sch\u00f6ne Holzkommode, neuwertig | Green Up<\/title>\n<meta name=\"robots\" content=\"index, follow, max-snippet:-1, max-image-preview:large, max-video-preview:-1\" \/>\n<link rel=\"canonical\" href=\"https:\/\/green-up.ch\/product\/schone-holzkommode-neuwertig\/\" \/>\n<meta property=\"og:locale\" content=\"fr_FR\" \/>\n<meta property=\"og:type\" content=\"article\" \/>\n<meta property=\"og:title\" content=\"Sch\u00f6ne Holzkommode, neuwertig | Green Up\" \/>\n<meta property=\"og:description\" content=\"Sch\u00f6ne Kommode mit aus Holz, neuwertig, im Kelly Transporte Lager Davos erh\u00e4ltlich. Auf Spendenbasis zu vergeben. H\u00f6he:70cm, Breite: 100 cm, Tiefe: 45 cm Dank eurer fairen Spenden kann das GreenShare [&hellip;]\" \/>\n<meta property=\"og:url\" content=\"https:\/\/green-up.ch\/product\/schone-holzkommode-neuwertig\/\" \/>\n<meta property=\"og:site_name\" content=\"Green Up\" \/>\n<meta property=\"article:publisher\" content=\"https:\/\/m.facebook.com\/greenupswitzerland\" \/>\n<meta property=\"article:modified_time\" content=\"2026-01-30T12:33:20+00:00\" \/>\n<meta property=\"og:image\" content=\"https:\/\/green-up.ch\/wp-content\/uploads\/2025\/10\/21.png\" \/>\n\t<meta property=\"og:image:width\" content=\"1080\" \/>\n\t<meta property=\"og:image:height\" content=\"1080\" \/>\n\t<meta property=\"og:image:type\" content=\"image\/png\" \/>\n<meta name=\"twitter:card\" content=\"summary_large_image\" \/>\n<meta name=\"twitter:label1\" content=\"Dur\u00e9e de lecture estim\u00e9e\" \/>\n\t<meta name=\"twitter:data1\" content=\"1 minute\" \/>\n<script type=\"application\/ld+json\" class=\"yoast-schema-graph\">{\"@context\":\"https:\\\/\\\/schema.org\",\"@graph\":[{\"@type\":\"WebPage\",\"@id\":\"https:\\\/\\\/green-up.ch\\\/product\\\/schone-holzkommode-neuwertig\\\/\",\"url\":\"https:\\\/\\\/green-up.ch\\\/product\\\/schone-holzkommode-neuwertig\\\/\",\"name\":\"Sch\u00f6ne Holzkommode, neuwertig | Green Up\",\"isPartOf\":{\"@id\":\"https:\\\/\\\/green-up.ch\\\/#website\"},\"primaryImageOfPage\":{\"@id\":\"https:\\\/\\\/green-up.ch\\\/product\\\/schone-holzkommode-neuwertig\\\/#primaryimage\"},\"image\":{\"@id\":\"https:\\\/\\\/green-up.ch\\\/product\\\/schone-holzkommode-neuwertig\\\/#primaryimage\"},\"thumbnailUrl\":\"https:\\\/\\\/green-up.ch\\\/wp-content\\\/uploads\\\/2025\\\/10\\\/21.png\",\"datePublished\":\"2025-10-03T08:04:49+00:00\",\"dateModified\":\"2026-01-30T12:33:20+00:00\",\"breadcrumb\":{\"@id\":\"https:\\\/\\\/green-up.ch\\\/product\\\/schone-holzkommode-neuwertig\\\/#breadcrumb\"},\"inLanguage\":\"fr-FR\",\"potentialAction\":[{\"@type\":\"ReadAction\",\"target\":[\"https:\\\/\\\/green-up.ch\\\/product\\\/schone-holzkommode-neuwertig\\\/\"]}]},{\"@type\":\"ImageObject\",\"inLanguage\":\"fr-FR\",\"@id\":\"https:\\\/\\\/green-up.ch\\\/product\\\/schone-holzkommode-neuwertig\\\/#primaryimage\",\"url\":\"https:\\\/\\\/green-up.ch\\\/wp-content\\\/uploads\\\/2025\\\/10\\\/21.png\",\"contentUrl\":\"https:\\\/\\\/green-up.ch\\\/wp-content\\\/uploads\\\/2025\\\/10\\\/21.png\",\"width\":1080,\"height\":1080},{\"@type\":\"BreadcrumbList\",\"@id\":\"https:\\\/\\\/green-up.ch\\\/product\\\/schone-holzkommode-neuwertig\\\/#breadcrumb\",\"itemListElement\":[{\"@type\":\"ListItem\",\"position\":1,\"name\":\"Home\",\"item\":\"https:\\\/\\\/green-up.ch\\\/\"},{\"@type\":\"ListItem\",\"position\":2,\"name\":\"Boutique\",\"item\":\"https:\\\/\\\/green-up.ch\\\/fr\\\/boutique\\\/\"},{\"@type\":\"ListItem\",\"position\":3,\"name\":\"Sch\u00f6ne Holzkommode, neuwertig\"}]},{\"@type\":\"WebSite\",\"@id\":\"https:\\\/\\\/green-up.ch\\\/#website\",\"url\":\"https:\\\/\\\/green-up.ch\\\/\",\"name\":\"GreenUp\",\"description\":\"Inspire, collaborate, empower.\",\"publisher\":{\"@id\":\"https:\\\/\\\/green-up.ch\\\/#organization\"},\"potentialAction\":[{\"@type\":\"SearchAction\",\"target\":{\"@type\":\"EntryPoint\",\"urlTemplate\":\"https:\\\/\\\/green-up.ch\\\/?s={search_term_string}\"},\"query-input\":{\"@type\":\"PropertyValueSpecification\",\"valueRequired\":true,\"valueName\":\"search_term_string\"}}],\"inLanguage\":\"fr-FR\"},{\"@type\":\"Organization\",\"@id\":\"https:\\\/\\\/green-up.ch\\\/#organization\",\"name\":\"GreeUp\",\"url\":\"https:\\\/\\\/green-up.ch\\\/\",\"logo\":{\"@type\":\"ImageObject\",\"inLanguage\":\"fr-FR\",\"@id\":\"https:\\\/\\\/green-up.ch\\\/#\\\/schema\\\/logo\\\/image\\\/\",\"url\":\"https:\\\/\\\/green-up.ch\\\/wp-content\\\/uploads\\\/2021\\\/11\\\/greenuplogo_rond.png\",\"contentUrl\":\"https:\\\/\\\/green-up.ch\\\/wp-content\\\/uploads\\\/2021\\\/11\\\/greenuplogo_rond.png\",\"width\":600,\"height\":595,\"caption\":\"GreeUp\"},\"image\":{\"@id\":\"https:\\\/\\\/green-up.ch\\\/#\\\/schema\\\/logo\\\/image\\\/\"},\"sameAs\":[\"https:\\\/\\\/m.facebook.com\\\/greenupswitzerland\",\"https:\\\/\\\/www.instagram.com\\\/greenup.ch\\\/\",\"https:\\\/\\\/www.linkedin.com\\\/company\\\/greenupswitzerland\\\/\"]}]}<\/script>\n<!-- \/ Yoast SEO plugin. -->","yoast_head_json":{"title":"Sch\u00f6ne Holzkommode, neuwertig | Green Up","robots":{"index":"index","follow":"follow","max-snippet":"max-snippet:-1","max-image-preview":"max-image-preview:large","max-video-preview":"max-video-preview:-1"},"canonical":"https:\/\/green-up.ch\/product\/schone-holzkommode-neuwertig\/","og_locale":"fr_FR","og_type":"article","og_title":"Sch\u00f6ne Holzkommode, neuwertig | Green Up","og_description":"Sch\u00f6ne Kommode mit aus Holz, neuwertig, im Kelly Transporte Lager Davos erh\u00e4ltlich. Auf Spendenbasis zu vergeben. H\u00f6he:70cm, Breite: 100 cm, Tiefe: 45 cm Dank eurer fairen Spenden kann das GreenShare [&hellip;]","og_url":"https:\/\/green-up.ch\/product\/schone-holzkommode-neuwertig\/","og_site_name":"Green Up","article_publisher":"https:\/\/m.facebook.com\/greenupswitzerland","article_modified_time":"2026-01-30T12:33:20+00:00","og_image":[{"width":1080,"height":1080,"url":"https:\/\/green-up.ch\/wp-content\/uploads\/2025\/10\/21.png","type":"image\/png"}],"twitter_card":"summary_large_image","twitter_misc":{"Dur\u00e9e de lecture estim\u00e9e":"1 minute"},"schema":{"@context":"https:\/\/schema.org","@graph":[{"@type":"WebPage","@id":"https:\/\/green-up.ch\/product\/schone-holzkommode-neuwertig\/","url":"https:\/\/green-up.ch\/product\/schone-holzkommode-neuwertig\/","name":"Sch\u00f6ne Holzkommode, neuwertig | Green Up","isPartOf":{"@id":"https:\/\/green-up.ch\/#website"},"primaryImageOfPage":{"@id":"https:\/\/green-up.ch\/product\/schone-holzkommode-neuwertig\/#primaryimage"},"image":{"@id":"https:\/\/green-up.ch\/product\/schone-holzkommode-neuwertig\/#primaryimage"},"thumbnailUrl":"https:\/\/green-up.ch\/wp-content\/uploads\/2025\/10\/21.png","datePublished":"2025-10-03T08:04:49+00:00","dateModified":"2026-01-30T12:33:20+00:00","breadcrumb":{"@id":"https:\/\/green-up.ch\/product\/schone-holzkommode-neuwertig\/#breadcrumb"},"inLanguage":"fr-FR","potentialAction":[{"@type":"ReadAction","target":["https:\/\/green-up.ch\/product\/schone-holzkommode-neuwertig\/"]}]},{"@type":"ImageObject","inLanguage":"fr-FR","@id":"https:\/\/green-up.ch\/product\/schone-holzkommode-neuwertig\/#primaryimage","url":"https:\/\/green-up.ch\/wp-content\/uploads\/2025\/10\/21.png","contentUrl":"https:\/\/green-up.ch\/wp-content\/uploads\/2025\/10\/21.png","width":1080,"height":1080},{"@type":"BreadcrumbList","@id":"https:\/\/green-up.ch\/product\/schone-holzkommode-neuwertig\/#breadcrumb","itemListElement":[{"@type":"ListItem","position":1,"name":"Home","item":"https:\/\/green-up.ch\/"},{"@type":"ListItem","position":2,"name":"Boutique","item":"https:\/\/green-up.ch\/fr\/boutique\/"},{"@type":"ListItem","position":3,"name":"Sch\u00f6ne Holzkommode, neuwertig"}]},{"@type":"WebSite","@id":"https:\/\/green-up.ch\/#website","url":"https:\/\/green-up.ch\/","name":"GreenUp","description":"Inspire, collaborate, empower.","publisher":{"@id":"https:\/\/green-up.ch\/#organization"},"potentialAction":[{"@type":"SearchAction","target":{"@type":"EntryPoint","urlTemplate":"https:\/\/green-up.ch\/?s={search_term_string}"},"query-input":{"@type":"PropertyValueSpecification","valueRequired":true,"valueName":"search_term_string"}}],"inLanguage":"fr-FR"},{"@type":"Organization","@id":"https:\/\/green-up.ch\/#organization","name":"GreeUp","url":"https:\/\/green-up.ch\/","logo":{"@type":"ImageObject","inLanguage":"fr-FR","@id":"https:\/\/green-up.ch\/#\/schema\/logo\/image\/","url":"https:\/\/green-up.ch\/wp-content\/uploads\/2021\/11\/greenuplogo_rond.png","contentUrl":"https:\/\/green-up.ch\/wp-content\/uploads\/2021\/11\/greenuplogo_rond.png","width":600,"height":595,"caption":"GreeUp"},"image":{"@id":"https:\/\/green-up.ch\/#\/schema\/logo\/image\/"},"sameAs":["https:\/\/m.facebook.com\/greenupswitzerland","https:\/\/www.instagram.com\/greenup.ch\/","https:\/\/www.linkedin.com\/company\/greenupswitzerland\/"]}]}},"_links":{"self":[{"href":"https:\/\/green-up.ch\/fr\/wp-json\/wp\/v2\/product\/21354","targetHints":{"allow":["GET"]}}],"collection":[{"href":"https:\/\/green-up.ch\/fr\/wp-json\/wp\/v2\/product"}],"about":[{"href":"https:\/\/green-up.ch\/fr\/wp-json\/wp\/v2\/types\/product"}],"replies":[{"embeddable":true,"href":"https:\/\/green-up.ch\/fr\/wp-json\/wp\/v2\/comments?post=21354"}],"wp:featuredmedia":[{"embeddable":true,"href":"https:\/\/green-up.ch\/fr\/wp-json\/wp\/v2\/media\/21359"}],"wp:attachment":[{"href":"https:\/\/green-up.ch\/fr\/wp-json\/wp\/v2\/media?parent=21354"}],"wp:term":[{"taxonomy":"product_brand","embeddable":true,"href":"https:\/\/green-up.ch\/fr\/wp-json\/wp\/v2\/product_brand?post=21354"},{"taxonomy":"product_cat","embeddable":true,"href":"https:\/\/green-up.ch\/fr\/wp-json\/wp\/v2\/product_cat?post=21354"},{"taxonomy":"product_tag","embeddable":true,"href":"https:\/\/green-up.ch\/fr\/wp-json\/wp\/v2\/product_tag?post=21354"}],"curies":[{"name":"wp","href":"https:\/\/api.w.org\/{rel}","templated":true}]}}