{"id":14997,"date":"2024-02-08T16:24:59","date_gmt":"2024-02-08T16:24:59","guid":{"rendered":"https:\/\/green-up.ch\/?post_type=product&#038;p=14997"},"modified":"2026-01-30T12:38:23","modified_gmt":"2026-01-30T12:38:23","slug":"bild-winterzeit","status":"publish","type":"product","link":"https:\/\/green-up.ch\/fr\/produit\/bild-winterzeit\/","title":{"rendered":"Gem\u00e4lde &#8211;  Winterzeit"},"content":{"rendered":"<p><strong>Im Kelly Lager Davos erh\u00e4ltlich.<\/strong><\/p>\n<p>Bild &#8211; Winterzeit aus dem Kelly Transporte Lager<\/p>\n<p>B 4cm x H 40cm<\/p>\n<p>Gegen Spende zur Unterst\u00fctzung des Projekts und weiterer GreenUp-Projekte in Davos.<\/p>\n","protected":false},"excerpt":{"rendered":"<p>Im Kelly Lager Davos erh\u00e4ltlich. Bild &#8211; Winterzeit aus dem Kelly Transporte Lager B 4cm x H 40cm Gegen Spende zur Unterst\u00fctzung des Projekts und weiterer GreenUp-Projekte in Davos.<\/p>\n","protected":false},"featured_media":14972,"comment_status":"open","ping_status":"closed","template":"","meta":{"_et_pb_use_builder":"","_et_pb_old_content":"","_et_gb_content_width":""},"product_brand":[],"product_cat":[207],"product_tag":[],"class_list":{"0":"post-14997","1":"product","2":"type-product","3":"status-publish","4":"has-post-thumbnail","6":"product_cat-deko-deco","8":"first","9":"instock","10":"shipping-taxable","11":"purchasable","12":"product-type-simple"},"yoast_head":"<!-- This site is optimized with the Yoast SEO plugin v27.3 - https:\/\/yoast.com\/product\/yoast-seo-wordpress\/ -->\n<title>Gem\u00e4lde - Winterzeit | Green Up<\/title>\n<meta name=\"robots\" content=\"index, follow, max-snippet:-1, max-image-preview:large, max-video-preview:-1\" \/>\n<link rel=\"canonical\" href=\"https:\/\/green-up.ch\/product\/bild-winterzeit\/\" \/>\n<meta property=\"og:locale\" content=\"fr_FR\" \/>\n<meta property=\"og:type\" content=\"article\" \/>\n<meta property=\"og:title\" content=\"Gem\u00e4lde - Winterzeit | Green Up\" \/>\n<meta property=\"og:description\" content=\"Im Kelly Lager Davos erh\u00e4ltlich. Bild &#8211; Winterzeit aus dem Kelly Transporte Lager B 4cm x H 40cm Gegen Spende zur Unterst\u00fctzung des Projekts und weiterer GreenUp-Projekte in Davos.\" \/>\n<meta property=\"og:url\" content=\"https:\/\/green-up.ch\/product\/bild-winterzeit\/\" \/>\n<meta property=\"og:site_name\" content=\"Green Up\" \/>\n<meta property=\"article:publisher\" content=\"https:\/\/m.facebook.com\/greenupswitzerland\" \/>\n<meta property=\"article:modified_time\" content=\"2026-01-30T12:38:23+00:00\" \/>\n<meta property=\"og:image\" content=\"https:\/\/green-up.ch\/wp-content\/uploads\/2024\/02\/79.jpg\" \/>\n\t<meta property=\"og:image:width\" content=\"1080\" \/>\n\t<meta property=\"og:image:height\" content=\"1080\" \/>\n\t<meta property=\"og:image:type\" content=\"image\/jpeg\" \/>\n<meta name=\"twitter:card\" content=\"summary_large_image\" \/>\n<meta name=\"twitter:label1\" content=\"Dur\u00e9e de lecture estim\u00e9e\" \/>\n\t<meta name=\"twitter:data1\" content=\"1 minute\" \/>\n<script type=\"application\/ld+json\" class=\"yoast-schema-graph\">{\"@context\":\"https:\\\/\\\/schema.org\",\"@graph\":[{\"@type\":\"WebPage\",\"@id\":\"https:\\\/\\\/green-up.ch\\\/product\\\/bild-winterzeit\\\/\",\"url\":\"https:\\\/\\\/green-up.ch\\\/product\\\/bild-winterzeit\\\/\",\"name\":\"Gem\u00e4lde - Winterzeit | Green Up\",\"isPartOf\":{\"@id\":\"https:\\\/\\\/green-up.ch\\\/#website\"},\"primaryImageOfPage\":{\"@id\":\"https:\\\/\\\/green-up.ch\\\/product\\\/bild-winterzeit\\\/#primaryimage\"},\"image\":{\"@id\":\"https:\\\/\\\/green-up.ch\\\/product\\\/bild-winterzeit\\\/#primaryimage\"},\"thumbnailUrl\":\"https:\\\/\\\/green-up.ch\\\/wp-content\\\/uploads\\\/2024\\\/02\\\/79.jpg\",\"datePublished\":\"2024-02-08T16:24:59+00:00\",\"dateModified\":\"2026-01-30T12:38:23+00:00\",\"breadcrumb\":{\"@id\":\"https:\\\/\\\/green-up.ch\\\/product\\\/bild-winterzeit\\\/#breadcrumb\"},\"inLanguage\":\"fr-FR\",\"potentialAction\":[{\"@type\":\"ReadAction\",\"target\":[\"https:\\\/\\\/green-up.ch\\\/product\\\/bild-winterzeit\\\/\"]}]},{\"@type\":\"ImageObject\",\"inLanguage\":\"fr-FR\",\"@id\":\"https:\\\/\\\/green-up.ch\\\/product\\\/bild-winterzeit\\\/#primaryimage\",\"url\":\"https:\\\/\\\/green-up.ch\\\/wp-content\\\/uploads\\\/2024\\\/02\\\/79.jpg\",\"contentUrl\":\"https:\\\/\\\/green-up.ch\\\/wp-content\\\/uploads\\\/2024\\\/02\\\/79.jpg\",\"width\":1080,\"height\":1080},{\"@type\":\"BreadcrumbList\",\"@id\":\"https:\\\/\\\/green-up.ch\\\/product\\\/bild-winterzeit\\\/#breadcrumb\",\"itemListElement\":[{\"@type\":\"ListItem\",\"position\":1,\"name\":\"Home\",\"item\":\"https:\\\/\\\/green-up.ch\\\/\"},{\"@type\":\"ListItem\",\"position\":2,\"name\":\"Boutique\",\"item\":\"https:\\\/\\\/green-up.ch\\\/fr\\\/boutique\\\/\"},{\"@type\":\"ListItem\",\"position\":3,\"name\":\"Gem\u00e4lde &#8211; Winterzeit\"}]},{\"@type\":\"WebSite\",\"@id\":\"https:\\\/\\\/green-up.ch\\\/#website\",\"url\":\"https:\\\/\\\/green-up.ch\\\/\",\"name\":\"GreenUp\",\"description\":\"Inspire, collaborate, empower.\",\"publisher\":{\"@id\":\"https:\\\/\\\/green-up.ch\\\/#organization\"},\"potentialAction\":[{\"@type\":\"SearchAction\",\"target\":{\"@type\":\"EntryPoint\",\"urlTemplate\":\"https:\\\/\\\/green-up.ch\\\/?s={search_term_string}\"},\"query-input\":{\"@type\":\"PropertyValueSpecification\",\"valueRequired\":true,\"valueName\":\"search_term_string\"}}],\"inLanguage\":\"fr-FR\"},{\"@type\":\"Organization\",\"@id\":\"https:\\\/\\\/green-up.ch\\\/#organization\",\"name\":\"GreeUp\",\"url\":\"https:\\\/\\\/green-up.ch\\\/\",\"logo\":{\"@type\":\"ImageObject\",\"inLanguage\":\"fr-FR\",\"@id\":\"https:\\\/\\\/green-up.ch\\\/#\\\/schema\\\/logo\\\/image\\\/\",\"url\":\"https:\\\/\\\/green-up.ch\\\/wp-content\\\/uploads\\\/2021\\\/11\\\/greenuplogo_rond.png\",\"contentUrl\":\"https:\\\/\\\/green-up.ch\\\/wp-content\\\/uploads\\\/2021\\\/11\\\/greenuplogo_rond.png\",\"width\":600,\"height\":595,\"caption\":\"GreeUp\"},\"image\":{\"@id\":\"https:\\\/\\\/green-up.ch\\\/#\\\/schema\\\/logo\\\/image\\\/\"},\"sameAs\":[\"https:\\\/\\\/m.facebook.com\\\/greenupswitzerland\",\"https:\\\/\\\/www.instagram.com\\\/greenup.ch\\\/\",\"https:\\\/\\\/www.linkedin.com\\\/company\\\/greenupswitzerland\\\/\"]}]}<\/script>\n<!-- \/ Yoast SEO plugin. -->","yoast_head_json":{"title":"Gem\u00e4lde - Winterzeit | Green Up","robots":{"index":"index","follow":"follow","max-snippet":"max-snippet:-1","max-image-preview":"max-image-preview:large","max-video-preview":"max-video-preview:-1"},"canonical":"https:\/\/green-up.ch\/product\/bild-winterzeit\/","og_locale":"fr_FR","og_type":"article","og_title":"Gem\u00e4lde - Winterzeit | Green Up","og_description":"Im Kelly Lager Davos erh\u00e4ltlich. Bild &#8211; Winterzeit aus dem Kelly Transporte Lager B 4cm x H 40cm Gegen Spende zur Unterst\u00fctzung des Projekts und weiterer GreenUp-Projekte in Davos.","og_url":"https:\/\/green-up.ch\/product\/bild-winterzeit\/","og_site_name":"Green Up","article_publisher":"https:\/\/m.facebook.com\/greenupswitzerland","article_modified_time":"2026-01-30T12:38:23+00:00","og_image":[{"width":1080,"height":1080,"url":"https:\/\/green-up.ch\/wp-content\/uploads\/2024\/02\/79.jpg","type":"image\/jpeg"}],"twitter_card":"summary_large_image","twitter_misc":{"Dur\u00e9e de lecture estim\u00e9e":"1 minute"},"schema":{"@context":"https:\/\/schema.org","@graph":[{"@type":"WebPage","@id":"https:\/\/green-up.ch\/product\/bild-winterzeit\/","url":"https:\/\/green-up.ch\/product\/bild-winterzeit\/","name":"Gem\u00e4lde - Winterzeit | Green Up","isPartOf":{"@id":"https:\/\/green-up.ch\/#website"},"primaryImageOfPage":{"@id":"https:\/\/green-up.ch\/product\/bild-winterzeit\/#primaryimage"},"image":{"@id":"https:\/\/green-up.ch\/product\/bild-winterzeit\/#primaryimage"},"thumbnailUrl":"https:\/\/green-up.ch\/wp-content\/uploads\/2024\/02\/79.jpg","datePublished":"2024-02-08T16:24:59+00:00","dateModified":"2026-01-30T12:38:23+00:00","breadcrumb":{"@id":"https:\/\/green-up.ch\/product\/bild-winterzeit\/#breadcrumb"},"inLanguage":"fr-FR","potentialAction":[{"@type":"ReadAction","target":["https:\/\/green-up.ch\/product\/bild-winterzeit\/"]}]},{"@type":"ImageObject","inLanguage":"fr-FR","@id":"https:\/\/green-up.ch\/product\/bild-winterzeit\/#primaryimage","url":"https:\/\/green-up.ch\/wp-content\/uploads\/2024\/02\/79.jpg","contentUrl":"https:\/\/green-up.ch\/wp-content\/uploads\/2024\/02\/79.jpg","width":1080,"height":1080},{"@type":"BreadcrumbList","@id":"https:\/\/green-up.ch\/product\/bild-winterzeit\/#breadcrumb","itemListElement":[{"@type":"ListItem","position":1,"name":"Home","item":"https:\/\/green-up.ch\/"},{"@type":"ListItem","position":2,"name":"Boutique","item":"https:\/\/green-up.ch\/fr\/boutique\/"},{"@type":"ListItem","position":3,"name":"Gem\u00e4lde &#8211; Winterzeit"}]},{"@type":"WebSite","@id":"https:\/\/green-up.ch\/#website","url":"https:\/\/green-up.ch\/","name":"GreenUp","description":"Inspire, collaborate, empower.","publisher":{"@id":"https:\/\/green-up.ch\/#organization"},"potentialAction":[{"@type":"SearchAction","target":{"@type":"EntryPoint","urlTemplate":"https:\/\/green-up.ch\/?s={search_term_string}"},"query-input":{"@type":"PropertyValueSpecification","valueRequired":true,"valueName":"search_term_string"}}],"inLanguage":"fr-FR"},{"@type":"Organization","@id":"https:\/\/green-up.ch\/#organization","name":"GreeUp","url":"https:\/\/green-up.ch\/","logo":{"@type":"ImageObject","inLanguage":"fr-FR","@id":"https:\/\/green-up.ch\/#\/schema\/logo\/image\/","url":"https:\/\/green-up.ch\/wp-content\/uploads\/2021\/11\/greenuplogo_rond.png","contentUrl":"https:\/\/green-up.ch\/wp-content\/uploads\/2021\/11\/greenuplogo_rond.png","width":600,"height":595,"caption":"GreeUp"},"image":{"@id":"https:\/\/green-up.ch\/#\/schema\/logo\/image\/"},"sameAs":["https:\/\/m.facebook.com\/greenupswitzerland","https:\/\/www.instagram.com\/greenup.ch\/","https:\/\/www.linkedin.com\/company\/greenupswitzerland\/"]}]}},"_links":{"self":[{"href":"https:\/\/green-up.ch\/fr\/wp-json\/wp\/v2\/product\/14997","targetHints":{"allow":["GET"]}}],"collection":[{"href":"https:\/\/green-up.ch\/fr\/wp-json\/wp\/v2\/product"}],"about":[{"href":"https:\/\/green-up.ch\/fr\/wp-json\/wp\/v2\/types\/product"}],"replies":[{"embeddable":true,"href":"https:\/\/green-up.ch\/fr\/wp-json\/wp\/v2\/comments?post=14997"}],"wp:featuredmedia":[{"embeddable":true,"href":"https:\/\/green-up.ch\/fr\/wp-json\/wp\/v2\/media\/14972"}],"wp:attachment":[{"href":"https:\/\/green-up.ch\/fr\/wp-json\/wp\/v2\/media?parent=14997"}],"wp:term":[{"taxonomy":"product_brand","embeddable":true,"href":"https:\/\/green-up.ch\/fr\/wp-json\/wp\/v2\/product_brand?post=14997"},{"taxonomy":"product_cat","embeddable":true,"href":"https:\/\/green-up.ch\/fr\/wp-json\/wp\/v2\/product_cat?post=14997"},{"taxonomy":"product_tag","embeddable":true,"href":"https:\/\/green-up.ch\/fr\/wp-json\/wp\/v2\/product_tag?post=14997"}],"curies":[{"name":"wp","href":"https:\/\/api.w.org\/{rel}","templated":true}]}}