{"id":4230,"date":"2021-09-09T08:11:05","date_gmt":"2021-09-09T08:11:05","guid":{"rendered":"https:\/\/green-up.ch\/ressources\/"},"modified":"2026-01-13T02:11:09","modified_gmt":"2026-01-13T02:11:09","slug":"vie-simple","status":"publish","type":"page","link":"https:\/\/green-up.ch\/fr\/vie-simple\/","title":{"rendered":"Vie simple"},"content":{"rendered":"<p>[et_pb_section fb_built=\u00a0\u00bb1&Prime; _builder_version=\u00a0\u00bb4.16&Prime; _module_preset=\u00a0\u00bbdefault\u00a0\u00bb custom_padding=\u00a0\u00bb||0px||false|false\u00a0\u00bb global_colors_info=\u00a0\u00bb{}\u00a0\u00bb][et_pb_row column_structure=\u00a0\u00bb1_2,1_2&Prime; _builder_version=\u00a0\u00bb4.16&Prime; _module_preset=\u00a0\u00bbdefault\u00a0\u00bb custom_padding=\u00a0\u00bb0px|0px|0px|0px|false|false\u00a0\u00bb global_colors_info=\u00a0\u00bb{}\u00a0\u00bb][et_pb_column type=\u00a0\u00bb1_2&Prime; _builder_version=\u00a0\u00bb4.16&Prime; _module_preset=\u00a0\u00bbdefault\u00a0\u00bb global_colors_info=\u00a0\u00bb{}\u00a0\u00bb][et_pb_text _builder_version=\u00a0\u00bb4.16&Prime; text_font_size=\u00a0\u00bb30px\u00a0\u00bb text_line_height=\u00a0\u00bb1.5em\u00a0\u00bb header_text_color=\u00a0\u00bb#000000&Prime; header_font_size=\u00a0\u00bb80px\u00a0\u00bb header_letter_spacing=\u00a0\u00bb1px\u00a0\u00bb z_index=\u00a0\u00bb1&Prime; custom_margin=\u00a0\u00bb100px||||false|false\u00a0\u00bb custom_margin_tablet=\u00a0\u00bb|||0px\u00a0\u00bb custom_margin_phone=\u00a0\u00bb\u00a0\u00bb custom_margin_last_edited=\u00a0\u00bbon|phone\u00a0\u00bb header_font_size_tablet=\u00a0\u00bb80px\u00a0\u00bb header_font_size_phone=\u00a0\u00bb60px\u00a0\u00bb header_font_size_last_edited=\u00a0\u00bbon|phone\u00a0\u00bb header_letter_spacing_tablet=\u00a0\u00bb0px\u00a0\u00bb header_letter_spacing_phone=\u00a0\u00bb\u00a0\u00bb header_letter_spacing_last_edited=\u00a0\u00bbon|tablet\u00a0\u00bb global_colors_info=\u00a0\u00bb{}\u00a0\u00bb]<\/p>\n<h1 style=\"text-align: right;\"><span style=\"color: #00506e;\">La vie simple<\/span><\/h1>\n<p><\/p>\n<p style=\"text-align: right;\"><em>\u00ab Contentez-vous de ce que vous avez ; r\u00e9jouissez-vous de la fa\u00e7on dont les choses sont. Lorsque vous r\u00e9alisez qu&rsquo;il ne manque rien, le monde entier vous appartient. \u00bb<\/em><\/p>\n<p><\/p>\n<p style=\"text-align: right;\"><em>Lao Tzu<\/em><\/p>\n<p>[\/et_pb_text][et_pb_text _builder_version=\u00a0\u00bb4.16&Prime; _module_preset=\u00a0\u00bbdefault\u00a0\u00bb global_colors_info=\u00a0\u00bb{}\u00a0\u00bb][\/et_pb_text][\/et_pb_column][et_pb_column type=\u00a0\u00bb1_2&Prime; _builder_version=\u00a0\u00bb4.16&Prime; _module_preset=\u00a0\u00bbdefault\u00a0\u00bb global_colors_info=\u00a0\u00bb{}\u00a0\u00bb][et_pb_image src=\u00a0\u00bbhttps:\/\/green-up.ch\/wp-content\/uploads\/2021\/09\/Objects-4.png\u00a0\u00bb title_text=\u00a0\u00bbObjects-4&Prime; _builder_version=\u00a0\u00bb4.16&Prime; _module_preset=\u00a0\u00bbdefault\u00a0\u00bb global_colors_info=\u00a0\u00bb{}\u00a0\u00bb][\/et_pb_image][\/et_pb_column][\/et_pb_row][\/et_pb_section][et_pb_section fb_built=\u00a0\u00bb1&Prime; _builder_version=\u00a0\u00bb4.16&Prime; _module_preset=\u00a0\u00bbdefault\u00a0\u00bb background_color=\u00a0\u00bb#E6FFEB\u00a0\u00bb global_colors_info=\u00a0\u00bb{}\u00a0\u00bb][et_pb_row _builder_version=\u00a0\u00bb4.16&Prime; global_colors_info=\u00a0\u00bb{}\u00a0\u00bb][et_pb_column type=\u00a0\u00bb4_4&Prime; _builder_version=\u00a0\u00bb4.16&Prime; global_colors_info=\u00a0\u00bb{}\u00a0\u00bb][et_pb_text _builder_version=\u00a0\u00bb4.16&Prime; text_font=\u00a0\u00bb||||||||\u00a0\u00bb header_font=\u00a0\u00bbGravur2||||||||\u00a0\u00bb header_2_font=\u00a0\u00bbGravur2||||||||\u00a0\u00bb header_2_text_color=\u00a0\u00bb#00506E\u00a0\u00bb header_2_font_size=\u00a0\u00bb60px\u00a0\u00bb header_2_line_height=\u00a0\u00bb1.2em\u00a0\u00bb header_4_font=\u00a0\u00bb|600||on|||||\u00a0\u00bb header_4_font_size=\u00a0\u00bb14px\u00a0\u00bb header_4_letter_spacing=\u00a0\u00bb2px\u00a0\u00bb header_4_line_height=\u00a0\u00bb1.2em\u00a0\u00bb z_index=\u00a0\u00bb1&Prime; text_orientation=\u00a0\u00bbcenter\u00a0\u00bb max_width=\u00a0\u00bb800px\u00a0\u00bb module_alignment=\u00a0\u00bbcenter\u00a0\u00bb header_2_font_size_tablet=\u00a0\u00bb40px\u00a0\u00bb header_2_font_size_phone=\u00a0\u00bb25px\u00a0\u00bb header_2_font_size_last_edited=\u00a0\u00bbon|phone\u00a0\u00bb text_orientation_tablet=\u00a0\u00bbleft\u00a0\u00bb text_orientation_phone=\u00a0\u00bbcenter\u00a0\u00bb text_orientation_last_edited=\u00a0\u00bbon|tablet\u00a0\u00bb locked=\u00a0\u00bboff\u00a0\u00bb global_colors_info=\u00a0\u00bb{}\u00a0\u00bb]<\/p>\n<h2 style=\"text-align: left;\">7 conseils pour une vie plus simple :<\/h2>\n<p>[\/et_pb_text][\/et_pb_column][\/et_pb_row][et_pb_row column_structure=\u00a0\u00bb1_4,1_4,1_4,1_4&Prime; use_custom_gutter=\u00a0\u00bbon\u00a0\u00bb gutter_width=\u00a0\u00bb2&Prime; _builder_version=\u00a0\u00bb4.16&Prime; _module_preset=\u00a0\u00bbdefault\u00a0\u00bb global_colors_info=\u00a0\u00bb{}\u00a0\u00bb][et_pb_column type=\u00a0\u00bb1_4&Prime; _builder_version=\u00a0\u00bb4.16&Prime; _module_preset=\u00a0\u00bbdefault\u00a0\u00bb link_option_url=\u00a0\u00bb#\u00a0\u00bb global_colors_info=\u00a0\u00bb{}\u00a0\u00bb][et_pb_blurb title=\u00a0\u00bbsobri\u00e9t\u00e9 heureuse\u00a0\u00bb url=\u00a0\u00bbhttps:\/\/green-up.ch\/fr\/vie-simple\/sobriete-heureuse\/\u00a0\u00bb image=\u00a0\u00bbhttps:\/\/green-up.ch\/wp-content\/uploads\/2021\/05\/fleur.png\u00a0\u00bb image_icon_width=\u00a0\u00bb40%\u00a0\u00bb icon_alignment=\u00a0\u00bbcenter\u00a0\u00bb image_icon_width_tablet=\u00a0\u00bb40%\u00a0\u00bb image_icon_width_phone=\u00a0\u00bb40%\u00a0\u00bb _builder_version=\u00a0\u00bb4.16&Prime; _module_preset=\u00a0\u00bb3e17696c-80b2-42c8-b2b5-9d31146ea833&Prime; header_text_align=\u00a0\u00bbcenter\u00a0\u00bb header_font_size=\u00a0\u00bb20px\u00a0\u00bb link_option_url=\u00a0\u00bbhttps:\/\/green-up.ch\/fr\/vie-simple\/sobriete-heureuse\/\u00a0\u00bb header_font_size_tablet=\u00a0\u00bb20px\u00a0\u00bb header_font_size_phone=\u00a0\u00bb20px\u00a0\u00bb header_font_size_last_edited=\u00a0\u00bbon|phone\u00a0\u00bb image_max_width=\u00a0\u00bb40%\u00a0\u00bb image_max_width_tablet=\u00a0\u00bb40%\u00a0\u00bb image_max_width_phone=\u00a0\u00bb40%\u00a0\u00bb locked=\u00a0\u00bboff\u00a0\u00bb global_colors_info=\u00a0\u00bb{}\u00a0\u00bb background_color__hover=\u00a0\u00bb#87F5B4&Prime;][\/et_pb_blurb][et_pb_blurb title=\u00a0\u00bbalimentation\u00a0\u00bb url=\u00a0\u00bbhttps:\/\/green-up.ch\/fr\/vie-simple\/alimentation\/\u00a0\u00bb image=\u00a0\u00bbhttps:\/\/green-up.ch\/wp-content\/uploads\/2021\/05\/manger.png\u00a0\u00bb alt=\u00a0\u00bbnutrition fork knife\u00a0\u00bb image_icon_width=\u00a0\u00bb40%\u00a0\u00bb icon_alignment=\u00a0\u00bbcenter\u00a0\u00bb image_icon_width_tablet=\u00a0\u00bb40%\u00a0\u00bb image_icon_width_phone=\u00a0\u00bb40%\u00a0\u00bb _builder_version=\u00a0\u00bb4.16&Prime; _module_preset=\u00a0\u00bb3e17696c-80b2-42c8-b2b5-9d31146ea833&Prime; header_text_align=\u00a0\u00bbcenter\u00a0\u00bb header_font_size=\u00a0\u00bb20px\u00a0\u00bb link_option_url=\u00a0\u00bbhttps:\/\/green-up.ch\/fr\/vie-simple\/alimentation\/\u00a0\u00bb header_font_size_tablet=\u00a0\u00bb20px\u00a0\u00bb header_font_size_phone=\u00a0\u00bb20px\u00a0\u00bb header_font_size_last_edited=\u00a0\u00bbon|phone\u00a0\u00bb image_max_width=\u00a0\u00bb40%\u00a0\u00bb image_max_width_tablet=\u00a0\u00bb40%\u00a0\u00bb image_max_width_phone=\u00a0\u00bb40%\u00a0\u00bb locked=\u00a0\u00bboff\u00a0\u00bb global_colors_info=\u00a0\u00bb{}\u00a0\u00bb background_color__hover=\u00a0\u00bb#87F5B4&Prime;][\/et_pb_blurb][\/et_pb_column][et_pb_column type=\u00a0\u00bb1_4&Prime; _builder_version=\u00a0\u00bb4.16&Prime; _module_preset=\u00a0\u00bbdefault\u00a0\u00bb link_option_url=\u00a0\u00bb#\u00a0\u00bb global_colors_info=\u00a0\u00bb{}\u00a0\u00bb][et_pb_blurb title=\u00a0\u00bbvert urbain\u00a0\u00bb url=\u00a0\u00bbhttps:\/\/green-up.ch\/fr\/vie-simple\/vert-urbain\/\u00a0\u00bb image=\u00a0\u00bbhttps:\/\/green-up.ch\/wp-content\/uploads\/2021\/05\/arbre.png\u00a0\u00bb alt=\u00a0\u00bbjardinage urbain\u00a0\u00bb image_icon_width=\u00a0\u00bb40%\u00a0\u00bb icon_alignment=\u00a0\u00bbcenter\u00a0\u00bb image_icon_width_tablet=\u00a0\u00bb40%\u00a0\u00bb image_icon_width_phone=\u00a0\u00bb40%\u00a0\u00bb _builder_version=\u00a0\u00bb4.22.2&Prime; _module_preset=\u00a0\u00bb3e17696c-80b2-42c8-b2b5-9d31146ea833&Prime; header_text_align=\u00a0\u00bbcenter\u00a0\u00bb header_font_size=\u00a0\u00bb20px\u00a0\u00bb header_font_size_tablet=\u00a0\u00bb20px\u00a0\u00bb header_font_size_phone=\u00a0\u00bb20px\u00a0\u00bb header_font_size_last_edited=\u00a0\u00bbon|phone\u00a0\u00bb image_max_width=\u00a0\u00bb40%\u00a0\u00bb image_max_width_tablet=\u00a0\u00bb40%\u00a0\u00bb image_max_width_phone=\u00a0\u00bb40%\u00a0\u00bb locked=\u00a0\u00bboff\u00a0\u00bb global_colors_info=\u00a0\u00bb{}\u00a0\u00bb background_color__hover=\u00a0\u00bb#87F5B4&Prime;][\/et_pb_blurb][et_pb_blurb title=\u00a0\u00bbvivre, construire &amp; \u00e9nergie\u00a0\u00bb url=\u00a0\u00bbhttps:\/\/green-up.ch\/fr\/vie-simple\/vivre-construire-energie\/\u00a0\u00bb image=\u00a0\u00bbhttps:\/\/green-up.ch\/wp-content\/uploads\/2021\/07\/Pictogram_GreenCity.png\u00a0\u00bb alt=\u00a0\u00bbhabitat, b\u00e2timent et \u00e9nergie\u00a0\u00bb image_icon_width=\u00a0\u00bb40%\u00a0\u00bb icon_alignment=\u00a0\u00bbcenter\u00a0\u00bb image_icon_width_tablet=\u00a0\u00bb40%\u00a0\u00bb image_icon_width_phone=\u00a0\u00bb40%\u00a0\u00bb _builder_version=\u00a0\u00bb4.16&Prime; _module_preset=\u00a0\u00bb3e17696c-80b2-42c8-b2b5-9d31146ea833&Prime; header_text_align=\u00a0\u00bbcenter\u00a0\u00bb header_font_size=\u00a0\u00bb20px\u00a0\u00bb link_option_url=\u00a0\u00bbhttps:\/\/green-up.ch\/fr\/vie-simple\/vivre-construire-energie\/\u00a0\u00bb header_font_size_tablet=\u00a0\u00bb20px\u00a0\u00bb header_font_size_phone=\u00a0\u00bb20px\u00a0\u00bb header_font_size_last_edited=\u00a0\u00bbon|phone\u00a0\u00bb image_max_width=\u00a0\u00bb40%\u00a0\u00bb image_max_width_tablet=\u00a0\u00bb40%\u00a0\u00bb image_max_width_phone=\u00a0\u00bb40%\u00a0\u00bb locked=\u00a0\u00bboff\u00a0\u00bb global_colors_info=\u00a0\u00bb{}\u00a0\u00bb background_color__hover=\u00a0\u00bb#87F5B4&Prime;][\/et_pb_blurb][\/et_pb_column][et_pb_column type=\u00a0\u00bb1_4&Prime; _builder_version=\u00a0\u00bb4.16&Prime; _module_preset=\u00a0\u00bbdefault\u00a0\u00bb link_option_url=\u00a0\u00bb#\u00a0\u00bb global_colors_info=\u00a0\u00bb{}\u00a0\u00bb][et_pb_blurb title=\u00a0\u00bbpartage &amp; \u00e9conomie locale\u00a0\u00bb url=\u00a0\u00bbhttps:\/\/green-up.ch\/fr\/vie-simple\/economie-locale-et-du-partage\/\u00a0\u00bb image=\u00a0\u00bbhttps:\/\/green-up.ch\/wp-content\/uploads\/2021\/05\/lieu.png\u00a0\u00bb image_icon_width=\u00a0\u00bb40%\u00a0\u00bb icon_alignment=\u00a0\u00bbcenter\u00a0\u00bb image_icon_width_tablet=\u00a0\u00bb40%\u00a0\u00bb image_icon_width_phone=\u00a0\u00bb40%\u00a0\u00bb _builder_version=\u00a0\u00bb4.16&Prime; _module_preset=\u00a0\u00bb3e17696c-80b2-42c8-b2b5-9d31146ea833&Prime; header_text_align=\u00a0\u00bbcenter\u00a0\u00bb header_font_size=\u00a0\u00bb20px\u00a0\u00bb link_option_url=\u00a0\u00bbhttps:\/\/green-up.ch\/fr\/vie-simple\/economie-locale-et-du-partage\/\u00a0\u00bb header_font_size_tablet=\u00a0\u00bb20px\u00a0\u00bb header_font_size_phone=\u00a0\u00bb20px\u00a0\u00bb header_font_size_last_edited=\u00a0\u00bbon|phone\u00a0\u00bb image_max_width=\u00a0\u00bb40%\u00a0\u00bb image_max_width_tablet=\u00a0\u00bb40%\u00a0\u00bb image_max_width_phone=\u00a0\u00bb40%\u00a0\u00bb locked=\u00a0\u00bboff\u00a0\u00bb global_colors_info=\u00a0\u00bb{}\u00a0\u00bb background_color__hover=\u00a0\u00bb#87F5B4&Prime;][\/et_pb_blurb][et_pb_blurb title=\u00a0\u00bbz\u00e9ro d\u00e9chet &amp; \u00e9conomie circulaire\u00a0\u00bb url=\u00a0\u00bbhttps:\/\/green-up.ch\/fr\/vie-simple\/zero-dechet-economie-circulaire\/\u00a0\u00bb image=\u00a0\u00bbhttps:\/\/green-up.ch\/wp-content\/uploads\/2021\/07\/Pictogram_Recycle.png\u00a0\u00bb alt=\u00a0\u00bbhttps:\/\/green-up.ch\/fr\/ressources\/zero-dechet-economie-circulaire\/\u00a0\u00bb image_icon_width=\u00a0\u00bb40%\u00a0\u00bb icon_alignment=\u00a0\u00bbcenter\u00a0\u00bb image_icon_width_tablet=\u00a0\u00bb40%\u00a0\u00bb image_icon_width_phone=\u00a0\u00bb40%\u00a0\u00bb _builder_version=\u00a0\u00bb4.16&Prime; _module_preset=\u00a0\u00bb3e17696c-80b2-42c8-b2b5-9d31146ea833&Prime; header_text_align=\u00a0\u00bbcenter\u00a0\u00bb header_font_size=\u00a0\u00bb20px\u00a0\u00bb link_option_url=\u00a0\u00bbhttps:\/\/green-up.ch\/fr\/vie-simple\/zero-dechet-economie-circulaire\/\u00a0\u00bb header_font_size_tablet=\u00a0\u00bb20px\u00a0\u00bb header_font_size_phone=\u00a0\u00bb20px\u00a0\u00bb header_font_size_last_edited=\u00a0\u00bbon|phone\u00a0\u00bb image_max_width=\u00a0\u00bb40%\u00a0\u00bb image_max_width_tablet=\u00a0\u00bb40%\u00a0\u00bb image_max_width_phone=\u00a0\u00bb40%\u00a0\u00bb locked=\u00a0\u00bboff\u00a0\u00bb global_colors_info=\u00a0\u00bb{}\u00a0\u00bb background_color__hover=\u00a0\u00bb#87F5B4&Prime;][\/et_pb_blurb][\/et_pb_column][et_pb_column type=\u00a0\u00bb1_4&Prime; _builder_version=\u00a0\u00bb4.16&Prime; _module_preset=\u00a0\u00bbdefault\u00a0\u00bb link_option_url=\u00a0\u00bb#\u00a0\u00bb global_colors_info=\u00a0\u00bb{}\u00a0\u00bb][et_pb_blurb title=\u00a0\u00bbmobilit\u00e9 &amp; loisirs\u00a0\u00bb url=\u00a0\u00bbhttps:\/\/green-up.ch\/fr\/vie-simple\/mobilite-loisirs\/\u00a0\u00bb image=\u00a0\u00bbhttps:\/\/green-up.ch\/wp-content\/uploads\/2021\/05\/roue.png\u00a0\u00bb image_icon_width=\u00a0\u00bb40%\u00a0\u00bb icon_alignment=\u00a0\u00bbcenter\u00a0\u00bb image_icon_width_tablet=\u00a0\u00bb40%\u00a0\u00bb image_icon_width_phone=\u00a0\u00bb40%\u00a0\u00bb _builder_version=\u00a0\u00bb4.16&Prime; _module_preset=\u00a0\u00bb3e17696c-80b2-42c8-b2b5-9d31146ea833&Prime; header_text_align=\u00a0\u00bbcenter\u00a0\u00bb header_font_size=\u00a0\u00bb20px\u00a0\u00bb header_font_size_tablet=\u00a0\u00bb20px\u00a0\u00bb header_font_size_phone=\u00a0\u00bb20px\u00a0\u00bb header_font_size_last_edited=\u00a0\u00bbon|phone\u00a0\u00bb image_max_width=\u00a0\u00bb40%\u00a0\u00bb image_max_width_tablet=\u00a0\u00bb40%\u00a0\u00bb image_max_width_phone=\u00a0\u00bb40%\u00a0\u00bb locked=\u00a0\u00bboff\u00a0\u00bb global_colors_info=\u00a0\u00bb{}\u00a0\u00bb background_color__hover=\u00a0\u00bb#87F5B4&Prime;][\/et_pb_blurb][et_pb_blurb url=\u00a0\u00bbhttps:\/\/green-up.ch\/fr\/vie-simple\/mobilite-loisirs\/\u00a0\u00bb image_icon_width=\u00a0\u00bb40%\u00a0\u00bb icon_alignment=\u00a0\u00bbcenter\u00a0\u00bb image_icon_width_tablet=\u00a0\u00bb40%\u00a0\u00bb image_icon_width_phone=\u00a0\u00bb40%\u00a0\u00bb _builder_version=\u00a0\u00bb4.16&Prime; _module_preset=\u00a0\u00bb3e17696c-80b2-42c8-b2b5-9d31146ea833&Prime; header_text_align=\u00a0\u00bbcenter\u00a0\u00bb header_font_size=\u00a0\u00bb20px\u00a0\u00bb header_font_size_tablet=\u00a0\u00bb20px\u00a0\u00bb header_font_size_phone=\u00a0\u00bb20px\u00a0\u00bb header_font_size_last_edited=\u00a0\u00bbon|phone\u00a0\u00bb image_max_width=\u00a0\u00bb40%\u00a0\u00bb image_max_width_tablet=\u00a0\u00bb40%\u00a0\u00bb image_max_width_phone=\u00a0\u00bb40%\u00a0\u00bb locked=\u00a0\u00bboff\u00a0\u00bb global_colors_info=\u00a0\u00bb{}\u00a0\u00bb background_color__hover=\u00a0\u00bb#87F5B4&Prime;][\/et_pb_blurb][\/et_pb_column][\/et_pb_row][\/et_pb_section][et_pb_section fb_built=\u00a0\u00bb1&Prime; _builder_version=\u00a0\u00bb4.16&Prime; _module_preset=\u00a0\u00bbdefault\u00a0\u00bb global_colors_info=\u00a0\u00bb{}\u00a0\u00bb][et_pb_row _builder_version=\u00a0\u00bb4.16&Prime; _module_preset=\u00a0\u00bbdefault\u00a0\u00bb global_colors_info=\u00a0\u00bb{}\u00a0\u00bb][et_pb_column type=\u00a0\u00bb4_4&Prime; _builder_version=\u00a0\u00bb4.16&Prime; _module_preset=\u00a0\u00bbdefault\u00a0\u00bb global_colors_info=\u00a0\u00bb{}\u00a0\u00bb]<\/p>\n<p>[et_pb_video src=\u00a0\u00bbhttps:\/\/www.youtube.com\/watch?v=ZrMOLqgv714&Prime; play_icon_color=\u00a0\u00bb#87F5B4&Prime; _builder_version=\u00a0\u00bb4.9.10&Prime; _module_preset=\u00a0\u00bbdefault\u00a0\u00bb border_radii=\u00a0\u00bbon|30px|30px|30px|30px\u00a0\u00bb][\/et_pb_video]<\/p>\n<p>[\/et_pb_column][\/et_pb_row][\/et_pb_section]<\/p>\n","protected":false},"excerpt":{"rendered":"<p>La vie simple\u00ab Contentez-vous de ce que vous avez ; r\u00e9jouissez-vous de la fa\u00e7on dont les choses sont. Lorsque vous r\u00e9alisez qu&rsquo;il ne manque rien, le monde entier vous appartient. [&hellip;]<\/p>\n","protected":false},"author":2,"featured_media":0,"parent":0,"menu_order":0,"comment_status":"closed","ping_status":"closed","template":"","meta":{"_et_pb_use_builder":"on","_et_pb_old_content":"","_et_gb_content_width":"","footnotes":""},"class_list":["post-4230","page","type-page","status-publish","hentry"],"yoast_head":"<!-- This site is optimized with the Yoast SEO plugin v27.3 - https:\/\/yoast.com\/product\/yoast-seo-wordpress\/ -->\n<title>Vie simple | Green Up<\/title>\n<meta name=\"robots\" content=\"index, follow, max-snippet:-1, max-image-preview:large, max-video-preview:-1\" \/>\n<link rel=\"canonical\" href=\"https:\/\/green-up.ch\/simple-living\/\" \/>\n<meta property=\"og:locale\" content=\"fr_FR\" \/>\n<meta property=\"og:type\" content=\"article\" \/>\n<meta property=\"og:title\" content=\"Vie simple | Green Up\" \/>\n<meta property=\"og:description\" content=\"La vie simple\u00ab Contentez-vous de ce que vous avez ; r\u00e9jouissez-vous de la fa\u00e7on dont les choses sont. Lorsque vous r\u00e9alisez qu&#039;il ne manque rien, le monde entier vous appartient. [&hellip;]\" \/>\n<meta property=\"og:url\" content=\"https:\/\/green-up.ch\/simple-living\/\" \/>\n<meta property=\"og:site_name\" content=\"Green Up\" \/>\n<meta property=\"article:publisher\" content=\"https:\/\/m.facebook.com\/greenupswitzerland\" \/>\n<meta property=\"article:modified_time\" content=\"2026-01-13T02:11:09+00:00\" \/>\n<meta name=\"twitter:card\" content=\"summary_large_image\" \/>\n<meta name=\"twitter:label1\" content=\"Dur\u00e9e de lecture estim\u00e9e\" \/>\n\t<meta name=\"twitter:data1\" content=\"7 minutes\" \/>\n<script type=\"application\/ld+json\" class=\"yoast-schema-graph\">{\"@context\":\"https:\\\/\\\/schema.org\",\"@graph\":[{\"@type\":\"WebPage\",\"@id\":\"https:\\\/\\\/green-up.ch\\\/simple-living\\\/\",\"url\":\"https:\\\/\\\/green-up.ch\\\/simple-living\\\/\",\"name\":\"Vie simple | Green Up\",\"isPartOf\":{\"@id\":\"https:\\\/\\\/green-up.ch\\\/#website\"},\"datePublished\":\"2021-09-09T08:11:05+00:00\",\"dateModified\":\"2026-01-13T02:11:09+00:00\",\"breadcrumb\":{\"@id\":\"https:\\\/\\\/green-up.ch\\\/simple-living\\\/#breadcrumb\"},\"inLanguage\":\"fr-FR\",\"potentialAction\":[{\"@type\":\"ReadAction\",\"target\":[\"https:\\\/\\\/green-up.ch\\\/simple-living\\\/\"]}]},{\"@type\":\"BreadcrumbList\",\"@id\":\"https:\\\/\\\/green-up.ch\\\/simple-living\\\/#breadcrumb\",\"itemListElement\":[{\"@type\":\"ListItem\",\"position\":1,\"name\":\"Home\",\"item\":\"https:\\\/\\\/green-up.ch\\\/\"},{\"@type\":\"ListItem\",\"position\":2,\"name\":\"Vie simple\"}]},{\"@type\":\"WebSite\",\"@id\":\"https:\\\/\\\/green-up.ch\\\/#website\",\"url\":\"https:\\\/\\\/green-up.ch\\\/\",\"name\":\"GreenUp\",\"description\":\"Inspire, collaborate, empower.\",\"publisher\":{\"@id\":\"https:\\\/\\\/green-up.ch\\\/#organization\"},\"potentialAction\":[{\"@type\":\"SearchAction\",\"target\":{\"@type\":\"EntryPoint\",\"urlTemplate\":\"https:\\\/\\\/green-up.ch\\\/?s={search_term_string}\"},\"query-input\":{\"@type\":\"PropertyValueSpecification\",\"valueRequired\":true,\"valueName\":\"search_term_string\"}}],\"inLanguage\":\"fr-FR\"},{\"@type\":\"Organization\",\"@id\":\"https:\\\/\\\/green-up.ch\\\/#organization\",\"name\":\"GreeUp\",\"url\":\"https:\\\/\\\/green-up.ch\\\/\",\"logo\":{\"@type\":\"ImageObject\",\"inLanguage\":\"fr-FR\",\"@id\":\"https:\\\/\\\/green-up.ch\\\/#\\\/schema\\\/logo\\\/image\\\/\",\"url\":\"https:\\\/\\\/green-up.ch\\\/wp-content\\\/uploads\\\/2021\\\/11\\\/greenuplogo_rond.png\",\"contentUrl\":\"https:\\\/\\\/green-up.ch\\\/wp-content\\\/uploads\\\/2021\\\/11\\\/greenuplogo_rond.png\",\"width\":600,\"height\":595,\"caption\":\"GreeUp\"},\"image\":{\"@id\":\"https:\\\/\\\/green-up.ch\\\/#\\\/schema\\\/logo\\\/image\\\/\"},\"sameAs\":[\"https:\\\/\\\/m.facebook.com\\\/greenupswitzerland\",\"https:\\\/\\\/www.instagram.com\\\/greenup.ch\\\/\",\"https:\\\/\\\/www.linkedin.com\\\/company\\\/greenupswitzerland\\\/\"]}]}<\/script>\n<!-- \/ Yoast SEO plugin. -->","yoast_head_json":{"title":"Vie simple | Green Up","robots":{"index":"index","follow":"follow","max-snippet":"max-snippet:-1","max-image-preview":"max-image-preview:large","max-video-preview":"max-video-preview:-1"},"canonical":"https:\/\/green-up.ch\/simple-living\/","og_locale":"fr_FR","og_type":"article","og_title":"Vie simple | Green Up","og_description":"La vie simple\u00ab Contentez-vous de ce que vous avez ; r\u00e9jouissez-vous de la fa\u00e7on dont les choses sont. Lorsque vous r\u00e9alisez qu'il ne manque rien, le monde entier vous appartient. [&hellip;]","og_url":"https:\/\/green-up.ch\/simple-living\/","og_site_name":"Green Up","article_publisher":"https:\/\/m.facebook.com\/greenupswitzerland","article_modified_time":"2026-01-13T02:11:09+00:00","twitter_card":"summary_large_image","twitter_misc":{"Dur\u00e9e de lecture estim\u00e9e":"7 minutes"},"schema":{"@context":"https:\/\/schema.org","@graph":[{"@type":"WebPage","@id":"https:\/\/green-up.ch\/simple-living\/","url":"https:\/\/green-up.ch\/simple-living\/","name":"Vie simple | Green Up","isPartOf":{"@id":"https:\/\/green-up.ch\/#website"},"datePublished":"2021-09-09T08:11:05+00:00","dateModified":"2026-01-13T02:11:09+00:00","breadcrumb":{"@id":"https:\/\/green-up.ch\/simple-living\/#breadcrumb"},"inLanguage":"fr-FR","potentialAction":[{"@type":"ReadAction","target":["https:\/\/green-up.ch\/simple-living\/"]}]},{"@type":"BreadcrumbList","@id":"https:\/\/green-up.ch\/simple-living\/#breadcrumb","itemListElement":[{"@type":"ListItem","position":1,"name":"Home","item":"https:\/\/green-up.ch\/"},{"@type":"ListItem","position":2,"name":"Vie simple"}]},{"@type":"WebSite","@id":"https:\/\/green-up.ch\/#website","url":"https:\/\/green-up.ch\/","name":"GreenUp","description":"Inspire, collaborate, empower.","publisher":{"@id":"https:\/\/green-up.ch\/#organization"},"potentialAction":[{"@type":"SearchAction","target":{"@type":"EntryPoint","urlTemplate":"https:\/\/green-up.ch\/?s={search_term_string}"},"query-input":{"@type":"PropertyValueSpecification","valueRequired":true,"valueName":"search_term_string"}}],"inLanguage":"fr-FR"},{"@type":"Organization","@id":"https:\/\/green-up.ch\/#organization","name":"GreeUp","url":"https:\/\/green-up.ch\/","logo":{"@type":"ImageObject","inLanguage":"fr-FR","@id":"https:\/\/green-up.ch\/#\/schema\/logo\/image\/","url":"https:\/\/green-up.ch\/wp-content\/uploads\/2021\/11\/greenuplogo_rond.png","contentUrl":"https:\/\/green-up.ch\/wp-content\/uploads\/2021\/11\/greenuplogo_rond.png","width":600,"height":595,"caption":"GreeUp"},"image":{"@id":"https:\/\/green-up.ch\/#\/schema\/logo\/image\/"},"sameAs":["https:\/\/m.facebook.com\/greenupswitzerland","https:\/\/www.instagram.com\/greenup.ch\/","https:\/\/www.linkedin.com\/company\/greenupswitzerland\/"]}]}},"_links":{"self":[{"href":"https:\/\/green-up.ch\/fr\/wp-json\/wp\/v2\/pages\/4230","targetHints":{"allow":["GET"]}}],"collection":[{"href":"https:\/\/green-up.ch\/fr\/wp-json\/wp\/v2\/pages"}],"about":[{"href":"https:\/\/green-up.ch\/fr\/wp-json\/wp\/v2\/types\/page"}],"author":[{"embeddable":true,"href":"https:\/\/green-up.ch\/fr\/wp-json\/wp\/v2\/users\/2"}],"replies":[{"embeddable":true,"href":"https:\/\/green-up.ch\/fr\/wp-json\/wp\/v2\/comments?post=4230"}],"version-history":[{"count":26,"href":"https:\/\/green-up.ch\/fr\/wp-json\/wp\/v2\/pages\/4230\/revisions"}],"predecessor-version":[{"id":22983,"href":"https:\/\/green-up.ch\/fr\/wp-json\/wp\/v2\/pages\/4230\/revisions\/22983"}],"wp:attachment":[{"href":"https:\/\/green-up.ch\/fr\/wp-json\/wp\/v2\/media?parent=4230"}],"curies":[{"name":"wp","href":"https:\/\/api.w.org\/{rel}","templated":true}]}}