{"id":8034,"date":"2022-06-06T18:08:29","date_gmt":"2022-06-06T18:08:29","guid":{"rendered":"https:\/\/green-up.ch\/ueber-uns\/staedte\/sion\/"},"modified":"2022-09-21T10:47:05","modified_gmt":"2022-09-21T10:47:05","slug":"sion","status":"publish","type":"page","link":"https:\/\/green-up.ch\/de\/ueber-uns\/staedte\/sion\/","title":{"rendered":"Sion"},"content":{"rendered":"<p>[et_pb_section fb_built=&#8220;1&#8243; admin_label=&#8220;Services&#8220; _builder_version=&#8220;3.26.3&#8243; custom_padding=&#8220;0px||0px|||&#8220; locked=&#8220;off&#8220;][et_pb_row column_structure=&#8220;3_5,2_5&#8243; _builder_version=&#8220;4.9.4&#8243;][et_pb_column type=&#8220;3_5&#8243; _builder_version=&#8220;3.26.3&#8243; z_index=&#8220;10&#8243;][et_pb_image src=&#8220;https:\/\/green-up.ch\/wp-content\/uploads\/2022\/06\/IMG_20220507_154633-scaled-e1654631103693.jpg&#8220; title_text=&#8220;IMG_20220507_154633&#8243; _builder_version=&#8220;4.9.10&#8243; custom_margin=&#8220;|||-15vw|false|false&#8220; custom_margin_tablet=&#8220;|||0vw|false|false&#8220; custom_margin_phone=&#8220;&#8220; custom_margin_last_edited=&#8220;on|desktop&#8220; border_radii=&#8220;on|30px|30px|30px|30px&#8220; locked=&#8220;off&#8220;][\/et_pb_image][\/et_pb_column][et_pb_column type=&#8220;2_5&#8243; _builder_version=&#8220;4.9.4&#8243; z_index=&#8220;50&#8243;][et_pb_text _builder_version=&#8220;4.9.4&#8243; text_font=&#8220;||||||||&#8220; text_font_size=&#8220;16px&#8220; text_line_height=&#8220;1.8em&#8220; header_2_font=&#8220;Prompt|200|||||||&#8220; header_2_text_color=&#8220;#000000&#8243; header_2_font_size=&#8220;60px&#8220; header_2_line_height=&#8220;1.2em&#8220; header_4_font=&#8220;Prompt|600||on|||||&#8220; header_4_text_color=&#8220;#ff6f7e&#8220; header_4_font_size=&#8220;12px&#8220; header_4_letter_spacing=&#8220;2px&#8220; header_4_line_height=&#8220;1.2em&#8220; z_index=&#8220;1&#8243; custom_margin=&#8220;56px||0px||false|false&#8220; custom_padding=&#8220;0px|||||&#8220; text_font_size_tablet=&#8220;&#8220; text_font_size_phone=&#8220;14px&#8220; text_font_size_last_edited=&#8220;on|desktop&#8220; header_2_font_size_tablet=&#8220;60px&#8220; header_2_font_size_phone=&#8220;30px&#8220; header_2_font_size_last_edited=&#8220;on|phone&#8220; locked=&#8220;off&#8220;]<\/p>\n<h1>\u00dcber Sion<\/h1>\n<p>Seit 2016 sind wir in der Westschweiz aktiv, mit Veranstaltungen in Lausanne, Genf, Yverdon, Sainte-Croix und Sitten. Seit 2021 haben wir einen festen Standort im Herzen des Wallis, in Sitten. Mit einer Gruppe von zwei Team-Leads und einigen Freiwilligen organisieren wir regelm\u00e4ssig Veranstaltungen und Projekte, bei denen wir Hunderte von Menschen inspiriert haben, mit weniger Ressourcen ein gl\u00fcckliches Leben zu f\u00fchren. Mit unseren Team-Leitern Ana\u00efs und Sofia freuen wir uns darauf, f\u00fcr alle Leute in Sitten und Umgebung spannende Veranstaltungen auf die Beine zu stellen.<\/p>\n<p>[\/et_pb_text][\/et_pb_column][\/et_pb_row][\/et_pb_section][et_pb_section fb_built=&#8220;1&#8243; _builder_version=&#8220;4.9.10&#8243; _module_preset=&#8220;default&#8220; background_color=&#8220;#E6FFEB&#8220;][et_pb_row _builder_version=&#8220;4.9.4&#8243; _module_preset=&#8220;default&#8220;][et_pb_column type=&#8220;4_4&#8243; _builder_version=&#8220;4.9.4&#8243; _module_preset=&#8220;default&#8220;][et_pb_text _builder_version=&#8220;4.9.10&#8243; _module_preset=&#8220;default&#8220;]<\/p>\n<h1 style=\"text-align: center;\">Kommende Events!<\/h1>\n<p>[\/et_pb_text][\/et_pb_column][\/et_pb_row][et_pb_row _builder_version=&#8220;4.9.10&#8243; _module_preset=&#8220;default&#8220;][et_pb_column type=&#8220;4_4&#8243; _builder_version=&#8220;4.9.10&#8243; _module_preset=&#8220;default&#8220;][et_pb_image src=&#8220;https:\/\/green-up.ch\/wp-content\/uploads\/2022\/06\/SION-Flyer-Facebook-Tout-partenaire.png&#8220; title_text=&#8220;SION- Flyer Facebook &#8211; Tout partenaire&#8220; force_fullwidth=&#8220;on&#8220; _builder_version=&#8220;4.9.10&#8243; max_width_tablet=&#8220;100%&#8220; max_width_phone=&#8220;&#8220; max_width_last_edited=&#8220;on|desktop&#8220; border_radii=&#8220;on|30px|30px|30px|30px&#8220; locked=&#8220;off&#8220;][\/et_pb_image][\/et_pb_column][\/et_pb_row][\/et_pb_section][et_pb_section fb_built=&#8220;1&#8243; _builder_version=&#8220;4.9.4&#8243; _module_preset=&#8220;default&#8220; background_color=&#8220;RGBA(0,0,0,0)&#8220; background_color_gradient_direction=&#8220;90deg&#8220;][et_pb_row _builder_version=&#8220;4.9.4&#8243; _module_preset=&#8220;default&#8220;][et_pb_column type=&#8220;4_4&#8243; _builder_version=&#8220;4.9.4&#8243; _module_preset=&#8220;default&#8220;][et_pb_text _builder_version=&#8220;4.9.10&#8243; _module_preset=&#8220;default&#8220;]<\/p>\n<h1 style=\"text-align: center;\">Was wir bisher gemacht haben<\/h1>\n<p>[\/et_pb_text][\/et_pb_column][\/et_pb_row][et_pb_row column_structure=&#8220;1_2,1_2&#8243; _builder_version=&#8220;4.9.4&#8243; _module_preset=&#8220;default&#8220;][et_pb_column type=&#8220;1_2&#8243; _builder_version=&#8220;4.9.4&#8243; _module_preset=&#8220;default&#8220;][et_pb_image src=&#8220;https:\/\/green-up.ch\/wp-content\/uploads\/2022\/06\/CAA_1027-2-scaled-e1654524952978.jpg&#8220; alt=&#8220;DiscoSoup Sion&#8220; title_text=&#8220;CAA_1027 (2)&#8220; _builder_version=&#8220;4.9.10&#8243; _module_preset=&#8220;default&#8220; border_radii=&#8220;on|30px|30px|30px|30px&#8220;][\/et_pb_image][et_pb_text _builder_version=&#8220;4.9.4&#8243; _module_preset=&#8220;default&#8220;]<\/p>\n<h3>DiscoSoup Sion, November 2021<\/h3>\n<p>Vor dem M\u00fcll gerettet und wiederverwendet! Gemeinsam kochten wir eine leckere Suppe aus unf\u00f6rmigem Gem\u00fcse. Wir genossen sie in einer gem\u00fctlichen Atmosph\u00e4re begleitet von sch\u00f6ner Live-Musik. Die Leute liessen sich mit Rezepten und Tipps inspirieren. Und&#8230; lernten das neu gegr\u00fcndete GreenUp Chapter kennen![\/et_pb_text][\/et_pb_column][et_pb_column type=&#8220;1_2&#8243; _builder_version=&#8220;4.9.4&#8243; _module_preset=&#8220;default&#8220;][et_pb_image src=&#8220;https:\/\/green-up.ch\/wp-content\/uploads\/2022\/06\/IMG_20220507_160245-scaled-e1654524818121.jpg&#8220; alt=&#8220;PlantSwap Sion&#8220; title_text=&#8220;IMG_20220507_160245&#8243; _builder_version=&#8220;4.9.10&#8243; _module_preset=&#8220;default&#8220; border_radii=&#8220;on|30px|30px|30px|30px&#8220;][\/et_pb_image][et_pb_text _builder_version=&#8220;4.9.4&#8243; _module_preset=&#8220;default&#8220;]<\/p>\n<h3>Plant Swap, Mai 2022<\/h3>\n<p>Im Cafe Matriochka kamen die Leute zusammen, um Pflanzen und Samen zu tauschen und alles \u00fcber unsere gr\u00fcnen Freunde zu erfahren! Pflanzentausch ist eine umweltfreundliche, einfache und g\u00fcnstige M\u00f6glichkeit, mehr Gr\u00fcn ins Haus zu bringen. Wir haben Menschen dazu inspiriert, aktiver im Bereich der Sharing Economy zu werden.[\/et_pb_text][\/et_pb_column][\/et_pb_row][\/et_pb_section][et_pb_section fb_built=&#8220;1&#8243; _builder_version=&#8220;4.9.4&#8243; _module_preset=&#8220;default&#8220; background_color=&#8220;#E6FFEB&#8220;][et_pb_row _builder_version=&#8220;4.9.4&#8243; _module_preset=&#8220;default&#8220;][et_pb_column type=&#8220;4_4&#8243; _builder_version=&#8220;4.9.4&#8243; _module_preset=&#8220;default&#8220;][et_pb_text _builder_version=&#8220;4.9.4&#8243; _module_preset=&#8220;default&#8220;]<\/p>\n<h1 style=\"text-align: center;\">Want to empower people in Valais for a simpler life?<\/h1>\n<p>[\/et_pb_text][et_pb_button button_url=&#8220;https:\/\/green-up.ch\/de\/tritt-uns-bei\/&#8220; button_text=&#8220;Join us !&#8220; button_alignment=&#8220;center&#8220; _builder_version=&#8220;4.9.10&#8243; custom_button=&#8220;on&#8220; button_text_size=&#8220;14px&#8220; button_text_color=&#8220;#00506E&#8220; button_bg_color=&#8220;#87F5B4&#8243; button_border_width=&#8220;0px&#8220; button_border_radius=&#8220;30px&#8220; button_letter_spacing=&#8220;2px&#8220; button_font=&#8220;|||on|||||&#8220; button_use_icon=&#8220;off&#8220; transform_translate=&#8220;0px|0%&#8220; transform_translate_linked=&#8220;off&#8220; z_index=&#8220;1&#8243; custom_margin=&#8220;||0px||false|false&#8220; custom_padding=&#8220;15px|30px|15px|30px|true|true&#8220; locked=&#8220;off&#8220; button_bg_color__hover_enabled=&#8220;on|hover&#8220; button_bg_color__hover=&#8220;#008C87&#8243; button_bg_enable_color__hover=&#8220;on&#8220; button_text_color__hover=&#8220;#ffffff&#8220; button_border_color__hover=&#8220;rgba(0,0,0,0)&#8220;][\/et_pb_button][\/et_pb_column][\/et_pb_row][\/et_pb_section]<\/p>\n","protected":false},"excerpt":{"rendered":"<p>\u00dcber Sion Seit 2016 sind wir in der Westschweiz aktiv, mit Veranstaltungen in Lausanne, Genf, Yverdon, Sainte-Croix und Sitten. Seit 2021 haben wir einen festen Standort im Herzen des Wallis, [&hellip;]<\/p>\n","protected":false},"author":2,"featured_media":0,"parent":4136,"menu_order":0,"comment_status":"closed","ping_status":"closed","template":"","meta":{"_et_pb_use_builder":"on","_et_pb_old_content":"","_et_gb_content_width":"","footnotes":""},"class_list":["post-8034","page","type-page","status-publish","hentry"],"yoast_head":"<!-- This site is optimized with the Yoast SEO plugin v27.5 - https:\/\/yoast.com\/product\/yoast-seo-wordpress\/ -->\n<title>Sion | GreenUp<\/title>\n<meta name=\"robots\" content=\"index, follow, max-snippet:-1, max-image-preview:large, max-video-preview:-1\" \/>\n<link rel=\"canonical\" href=\"https:\/\/green-up.ch\/?page_id=7830\" \/>\n<meta property=\"og:locale\" content=\"de_DE\" \/>\n<meta property=\"og:type\" content=\"article\" \/>\n<meta property=\"og:title\" content=\"Sion | GreenUp\" \/>\n<meta property=\"og:description\" content=\"\u00dcber Sion Seit 2016 sind wir in der Westschweiz aktiv, mit Veranstaltungen in Lausanne, Genf, Yverdon, Sainte-Croix und Sitten. Seit 2021 haben wir einen festen Standort im Herzen des Wallis, [&hellip;]\" \/>\n<meta property=\"og:url\" content=\"https:\/\/green-up.ch\/?page_id=7830\" \/>\n<meta property=\"og:site_name\" content=\"GreenUp\" \/>\n<meta property=\"article:publisher\" content=\"https:\/\/m.facebook.com\/greenupswitzerland\" \/>\n<meta property=\"article:modified_time\" content=\"2022-09-21T10:47:05+00:00\" \/>\n<meta name=\"twitter:card\" content=\"summary_large_image\" \/>\n<meta name=\"twitter:label1\" content=\"Gesch\u00e4tzte Lesezeit\" \/>\n\t<meta name=\"twitter:data1\" content=\"4\u00a0Minuten\" \/>\n<script type=\"application\/ld+json\" class=\"yoast-schema-graph\">{\"@context\":\"https:\\\/\\\/schema.org\",\"@graph\":[{\"@type\":\"WebPage\",\"@id\":\"https:\\\/\\\/green-up.ch\\\/?page_id=7830\",\"url\":\"https:\\\/\\\/green-up.ch\\\/?page_id=7830\",\"name\":\"Sion | GreenUp\",\"isPartOf\":{\"@id\":\"https:\\\/\\\/green-up.ch\\\/#website\"},\"datePublished\":\"2022-06-06T18:08:29+00:00\",\"dateModified\":\"2022-09-21T10:47:05+00:00\",\"breadcrumb\":{\"@id\":\"https:\\\/\\\/green-up.ch\\\/?page_id=7830#breadcrumb\"},\"inLanguage\":\"de\",\"potentialAction\":[{\"@type\":\"ReadAction\",\"target\":[\"https:\\\/\\\/green-up.ch\\\/?page_id=7830\"]}]},{\"@type\":\"BreadcrumbList\",\"@id\":\"https:\\\/\\\/green-up.ch\\\/?page_id=7830#breadcrumb\",\"itemListElement\":[{\"@type\":\"ListItem\",\"position\":1,\"name\":\"Home\",\"item\":\"https:\\\/\\\/green-up.ch\\\/\"},{\"@type\":\"ListItem\",\"position\":2,\"name\":\"About\",\"item\":\"https:\\\/\\\/green-up.ch\\\/about\\\/\"},{\"@type\":\"ListItem\",\"position\":3,\"name\":\"St\u00e4dte\",\"item\":\"https:\\\/\\\/green-up.ch\\\/?page_id=2280\"},{\"@type\":\"ListItem\",\"position\":4,\"name\":\"Sion\"}]},{\"@type\":\"WebSite\",\"@id\":\"https:\\\/\\\/green-up.ch\\\/#website\",\"url\":\"https:\\\/\\\/green-up.ch\\\/\",\"name\":\"GreenUp\",\"description\":\"Inspire, collaborate, empower.\",\"publisher\":{\"@id\":\"https:\\\/\\\/green-up.ch\\\/#organization\"},\"potentialAction\":[{\"@type\":\"SearchAction\",\"target\":{\"@type\":\"EntryPoint\",\"urlTemplate\":\"https:\\\/\\\/green-up.ch\\\/?s={search_term_string}\"},\"query-input\":{\"@type\":\"PropertyValueSpecification\",\"valueRequired\":true,\"valueName\":\"search_term_string\"}}],\"inLanguage\":\"de\"},{\"@type\":\"Organization\",\"@id\":\"https:\\\/\\\/green-up.ch\\\/#organization\",\"name\":\"GreeUp\",\"url\":\"https:\\\/\\\/green-up.ch\\\/\",\"logo\":{\"@type\":\"ImageObject\",\"inLanguage\":\"de\",\"@id\":\"https:\\\/\\\/green-up.ch\\\/#\\\/schema\\\/logo\\\/image\\\/\",\"url\":\"https:\\\/\\\/green-up.ch\\\/wp-content\\\/uploads\\\/2021\\\/11\\\/greenuplogo_rond.png\",\"contentUrl\":\"https:\\\/\\\/green-up.ch\\\/wp-content\\\/uploads\\\/2021\\\/11\\\/greenuplogo_rond.png\",\"width\":600,\"height\":595,\"caption\":\"GreeUp\"},\"image\":{\"@id\":\"https:\\\/\\\/green-up.ch\\\/#\\\/schema\\\/logo\\\/image\\\/\"},\"sameAs\":[\"https:\\\/\\\/m.facebook.com\\\/greenupswitzerland\",\"https:\\\/\\\/www.instagram.com\\\/greenup.ch\\\/\",\"https:\\\/\\\/www.linkedin.com\\\/company\\\/greenupswitzerland\\\/\"]}]}<\/script>\n<!-- \/ Yoast SEO plugin. -->","yoast_head_json":{"title":"Sion | GreenUp","robots":{"index":"index","follow":"follow","max-snippet":"max-snippet:-1","max-image-preview":"max-image-preview:large","max-video-preview":"max-video-preview:-1"},"canonical":"https:\/\/green-up.ch\/?page_id=7830","og_locale":"de_DE","og_type":"article","og_title":"Sion | GreenUp","og_description":"\u00dcber Sion Seit 2016 sind wir in der Westschweiz aktiv, mit Veranstaltungen in Lausanne, Genf, Yverdon, Sainte-Croix und Sitten. Seit 2021 haben wir einen festen Standort im Herzen des Wallis, [&hellip;]","og_url":"https:\/\/green-up.ch\/?page_id=7830","og_site_name":"GreenUp","article_publisher":"https:\/\/m.facebook.com\/greenupswitzerland","article_modified_time":"2022-09-21T10:47:05+00:00","twitter_card":"summary_large_image","twitter_misc":{"Gesch\u00e4tzte Lesezeit":"4\u00a0Minuten"},"schema":{"@context":"https:\/\/schema.org","@graph":[{"@type":"WebPage","@id":"https:\/\/green-up.ch\/?page_id=7830","url":"https:\/\/green-up.ch\/?page_id=7830","name":"Sion | GreenUp","isPartOf":{"@id":"https:\/\/green-up.ch\/#website"},"datePublished":"2022-06-06T18:08:29+00:00","dateModified":"2022-09-21T10:47:05+00:00","breadcrumb":{"@id":"https:\/\/green-up.ch\/?page_id=7830#breadcrumb"},"inLanguage":"de","potentialAction":[{"@type":"ReadAction","target":["https:\/\/green-up.ch\/?page_id=7830"]}]},{"@type":"BreadcrumbList","@id":"https:\/\/green-up.ch\/?page_id=7830#breadcrumb","itemListElement":[{"@type":"ListItem","position":1,"name":"Home","item":"https:\/\/green-up.ch\/"},{"@type":"ListItem","position":2,"name":"About","item":"https:\/\/green-up.ch\/about\/"},{"@type":"ListItem","position":3,"name":"St\u00e4dte","item":"https:\/\/green-up.ch\/?page_id=2280"},{"@type":"ListItem","position":4,"name":"Sion"}]},{"@type":"WebSite","@id":"https:\/\/green-up.ch\/#website","url":"https:\/\/green-up.ch\/","name":"GreenUp","description":"Inspire, collaborate, empower.","publisher":{"@id":"https:\/\/green-up.ch\/#organization"},"potentialAction":[{"@type":"SearchAction","target":{"@type":"EntryPoint","urlTemplate":"https:\/\/green-up.ch\/?s={search_term_string}"},"query-input":{"@type":"PropertyValueSpecification","valueRequired":true,"valueName":"search_term_string"}}],"inLanguage":"de"},{"@type":"Organization","@id":"https:\/\/green-up.ch\/#organization","name":"GreeUp","url":"https:\/\/green-up.ch\/","logo":{"@type":"ImageObject","inLanguage":"de","@id":"https:\/\/green-up.ch\/#\/schema\/logo\/image\/","url":"https:\/\/green-up.ch\/wp-content\/uploads\/2021\/11\/greenuplogo_rond.png","contentUrl":"https:\/\/green-up.ch\/wp-content\/uploads\/2021\/11\/greenuplogo_rond.png","width":600,"height":595,"caption":"GreeUp"},"image":{"@id":"https:\/\/green-up.ch\/#\/schema\/logo\/image\/"},"sameAs":["https:\/\/m.facebook.com\/greenupswitzerland","https:\/\/www.instagram.com\/greenup.ch\/","https:\/\/www.linkedin.com\/company\/greenupswitzerland\/"]}]}},"_links":{"self":[{"href":"https:\/\/green-up.ch\/de\/wp-json\/wp\/v2\/pages\/8034","targetHints":{"allow":["GET"]}}],"collection":[{"href":"https:\/\/green-up.ch\/de\/wp-json\/wp\/v2\/pages"}],"about":[{"href":"https:\/\/green-up.ch\/de\/wp-json\/wp\/v2\/types\/page"}],"author":[{"embeddable":true,"href":"https:\/\/green-up.ch\/de\/wp-json\/wp\/v2\/users\/2"}],"replies":[{"embeddable":true,"href":"https:\/\/green-up.ch\/de\/wp-json\/wp\/v2\/comments?post=8034"}],"version-history":[{"count":9,"href":"https:\/\/green-up.ch\/de\/wp-json\/wp\/v2\/pages\/8034\/revisions"}],"predecessor-version":[{"id":8977,"href":"https:\/\/green-up.ch\/de\/wp-json\/wp\/v2\/pages\/8034\/revisions\/8977"}],"up":[{"embeddable":true,"href":"https:\/\/green-up.ch\/de\/wp-json\/wp\/v2\/pages\/4136"}],"wp:attachment":[{"href":"https:\/\/green-up.ch\/de\/wp-json\/wp\/v2\/media?parent=8034"}],"curies":[{"name":"wp","href":"https:\/\/api.w.org\/{rel}","templated":true}]}}