{"id":4310,"date":"2021-09-09T19:46:54","date_gmt":"2021-09-09T19:46:54","guid":{"rendered":"https:\/\/green-up.ch\/ressourcen\/sharing-economy-lokale-wirtschaft\/"},"modified":"2023-03-14T20:31:16","modified_gmt":"2023-03-14T20:31:16","slug":"sharing-economy-lokale-wirtschaft","status":"publish","type":"page","link":"https:\/\/green-up.ch\/de\/simple-living\/sharing-economy-lokale-wirtschaft\/","title":{"rendered":"Sharing Economy &#038; lokale Wirtschaft"},"content":{"rendered":"<p>[et_pb_section fb_built=&#8220;1&#8243; admin_label=&#8220;Header&#8220; _builder_version=&#8220;4.16&#8243; custom_margin=&#8220;||-2px||false|false&#8220; custom_margin_tablet=&#8220;||0px||false|false&#8220; custom_margin_phone=&#8220;&#8220; custom_margin_last_edited=&#8220;on|desktop&#8220; custom_padding=&#8220;0px||||false|false&#8220; global_colors_info=&#8220;{}&#8220;][et_pb_row column_structure=&#8220;3_5,2_5&#8243; _builder_version=&#8220;4.16&#8243; custom_padding=&#8220;0px||0px||false|false&#8220; border_width_left=&#8220;150px&#8220; border_color_left=&#8220;rgba(0,0,0,0)&#8220; border_width_left_tablet=&#8220;0px&#8220; border_width_left_phone=&#8220;&#8220; border_width_left_last_edited=&#8220;on|desktop&#8220; global_colors_info=&#8220;{}&#8220;][et_pb_column type=&#8220;3_5&#8243; _builder_version=&#8220;4.16&#8243; background_color=&#8220;#E6FFEB&#8220; background_color_gradient_direction=&#8220;90deg&#8220; transform_translate_linked=&#8220;off&#8220; custom_padding=&#8220;60px|40px|||false|false&#8220; custom_padding_tablet=&#8220;40px|40px||40px|false|true&#8220; custom_padding_phone=&#8220;|20px||20px|false|true&#8220; custom_padding_last_edited=&#8220;on|phone&#8220; custom_css_main_element=&#8220;overflow:visible;&#8220; border_radii=&#8220;off|||30px|30px&#8220; box_shadow_vertical_tablet=&#8220;-200px&#8220; box_shadow_vertical_phone=&#8220;-100px&#8220; box_shadow_vertical_last_edited=&#8220;on|phone&#8220; global_colors_info=&#8220;{}&#8220;][et_pb_text _builder_version=&#8220;4.16&#8243; text_text_color=&#8220;#00506E&#8220; header_text_color=&#8220;#000000&#8243; header_font_size=&#8220;104px&#8220; z_index=&#8220;1&#8243; custom_margin=&#8220;|||-150px||&#8220; custom_margin_tablet=&#8220;|||0px&#8220; custom_margin_phone=&#8220;&#8220; custom_margin_last_edited=&#8220;on|phone&#8220; header_font_size_tablet=&#8220;80px&#8220; header_font_size_phone=&#8220;60px&#8220; header_font_size_last_edited=&#8220;on|phone&#8220; header_letter_spacing_tablet=&#8220;0px&#8220; header_letter_spacing_phone=&#8220;&#8220; header_letter_spacing_last_edited=&#8220;on|tablet&#8220; global_colors_info=&#8220;{}&#8220;]<\/p>\n<h1><span style=\"font-weight: 400; color: #00506e;\">Sharing Economy &amp; lokale Wirtschaft<\/span><\/h1>\n<p>[\/et_pb_text][et_pb_image src=&#8220;https:\/\/green-up.ch\/wp-content\/uploads\/2021\/09\/12.png&#8220; title_text=&#8220;12&#8243; _builder_version=&#8220;4.16&#8243; transform_scale_tablet=&#8220;&#8220; transform_scale_phone=&#8220;&#8220; transform_scale_last_edited=&#8220;on|desktop&#8220; transform_translate=&#8220;120px|0px&#8220; transform_translate_tablet=&#8220;0px|0px&#8220; transform_translate_phone=&#8220;&#8220; transform_translate_last_edited=&#8220;on|tablet&#8220; transform_translate_linked=&#8220;off&#8220; transform_rotate_tablet=&#8220;&#8220; transform_rotate_phone=&#8220;&#8220; transform_rotate_last_edited=&#8220;on|desktop&#8220; transform_skew_tablet=&#8220;&#8220; transform_skew_phone=&#8220;&#8220; transform_skew_last_edited=&#8220;on|desktop&#8220; transform_origin_tablet=&#8220;&#8220; transform_origin_phone=&#8220;&#8220; transform_origin_last_edited=&#8220;on|desktop&#8220; transform_styles_last_edited=&#8220;on|tablet&#8220; max_width=&#8220;400px&#8220; max_width_tablet=&#8220;250px&#8220; max_width_phone=&#8220;180px&#8220; max_width_last_edited=&#8220;on|desktop&#8220; module_alignment=&#8220;right&#8220; custom_margin=&#8220;-200px||-260px||false|false&#8220; custom_margin_tablet=&#8220;-50px||-160px||false|false&#8220; custom_margin_phone=&#8220;||-110px||false|false&#8220; custom_margin_last_edited=&#8220;on|phone&#8220; transform_styles_tablet=&#8220;&#8220; transform_styles_phone=&#8220;&#8220; module_alignment_tablet=&#8220;center&#8220; module_alignment_phone=&#8220;&#8220; module_alignment_last_edited=&#8220;on|desktop&#8220; global_colors_info=&#8220;{}&#8220;][\/et_pb_image][\/et_pb_column][et_pb_column type=&#8220;2_5&#8243; _builder_version=&#8220;4.16&#8243; global_colors_info=&#8220;{}&#8220;][et_pb_text _builder_version=&#8220;4.16&#8243; text_font=&#8220;|800|||||||&#8220; text_font_size=&#8220;16px&#8220; text_line_height=&#8220;1.6em&#8220; header_2_font=&#8220;||||||||&#8220; header_4_font=&#8220;Prompt|600||on|||||&#8220; header_4_font_size=&#8220;12px&#8220; header_4_letter_spacing=&#8220;2px&#8220; header_4_line_height=&#8220;1.2em&#8220; background_color=&#8220;#00506E&#8220; z_index=&#8220;1&#8243; background_layout=&#8220;dark&#8220; custom_margin=&#8220;|-4vw|||false|false&#8220; custom_margin_tablet=&#8220;|0vw|||false|false&#8220; custom_margin_phone=&#8220;&#8220; custom_margin_last_edited=&#8220;on|tablet&#8220; custom_padding=&#8220;80px|40px|60px|40px|false|true&#8220; custom_padding_tablet=&#8220;&#8220; custom_padding_phone=&#8220;40px|20px|40px|20px|true|true&#8220; custom_padding_last_edited=&#8220;on|phone&#8220; border_radii=&#8220;off|||30px|30px&#8220; locked=&#8220;off&#8220; global_colors_info=&#8220;{}&#8220;]<\/p>\n<p><em>Das Konzept des Teilens ist so alt wie die menschliche Zivilisation.\u00a0<br \/><\/em><strong>Gregory Hodkinson Pr\u00e9sident, Groupe Arup<\/strong><\/p>\n<p>[\/et_pb_text][et_pb_text _builder_version=&#8220;4.16&#8243; text_font=&#8220;||||||||&#8220; text_font_size=&#8220;16px&#8220; text_line_height=&#8220;1.6em&#8220; header_2_font=&#8220;Prompt|800|||||||&#8220; header_2_text_color=&#8220;#f76538&#8243; header_2_font_size=&#8220;40px&#8220; header_2_line_height=&#8220;1.2em&#8220; z_index=&#8220;1&#8243; text_orientation=&#8220;right&#8220; custom_margin=&#8220;80px||||false|false&#8220; custom_margin_tablet=&#8220;0px||||false|false&#8220; custom_margin_phone=&#8220;&#8220; custom_margin_last_edited=&#8220;on|desktop&#8220; custom_padding=&#8220;|||40px|false|false&#8220; custom_padding_tablet=&#8220;|||0px|false|false&#8220; custom_padding_phone=&#8220;&#8220; custom_padding_last_edited=&#8220;on|desktop&#8220; header_2_font_size_tablet=&#8220;30px&#8220; header_2_font_size_phone=&#8220;20px&#8220; header_2_font_size_last_edited=&#8220;on|phone&#8220; text_text_align=&#8220;right&#8220; locked=&#8220;off&#8220; global_colors_info=&#8220;{}&#8220; text_text_align_tablet=&#8220;left&#8220; text_text_align_last_edited=&#8220;on|desktop&#8220; text_text_align_phone=&#8220;left&#8220;]<\/p>\n<p>Indem wir Sharing-Initiativen wie Carsharing, AirBnB und Werkzeugbibliotheken nutzen, verbrauchen wir weniger, sparen wertvolle Ressourcen und vereinfachen unser Leben: ein Gewinn f\u00fcr alle!\u00a0 Und es gibt noch mehr gute Nachrichten. Sharing kann uns dabei helfen, zu einer lokalen Wirtschaft \u00fcberzugehen, in der wir Unternehmen der Gemeinschaft finanziell unterst\u00fctzen, und uns von der Gewohnheit befreien, alles besitzen zu m\u00fcssen.<\/p>\n<p>&nbsp;<\/p>\n<p>Weniger Zeug = weniger Stress f\u00fcr uns und f\u00fcr den Planeten.<\/p>\n<p>[\/et_pb_text][\/et_pb_column][\/et_pb_row][\/et_pb_section][et_pb_section fb_built=&#8220;1&#8243; _builder_version=&#8220;4.16&#8243; _module_preset=&#8220;default&#8220; min_height=&#8220;457.3px&#8220; global_colors_info=&#8220;{}&#8220;][et_pb_row _builder_version=&#8220;4.16&#8243; _module_preset=&#8220;default&#8220; global_colors_info=&#8220;{}&#8220;][et_pb_column type=&#8220;4_4&#8243; _builder_version=&#8220;4.16&#8243; _module_preset=&#8220;default&#8220; global_colors_info=&#8220;{}&#8220;][et_pb_text _builder_version=&#8220;4.16&#8243; _module_preset=&#8220;default&#8220; max_width=&#8220;50em&#8220; global_colors_info=&#8220;{}&#8220;]<\/p>\n<h1><strong><span style=\"color: #008c87;\">Warum teilen?<\/span><\/strong><\/h1>\n<p>[\/et_pb_text][et_pb_text _builder_version=&#8220;4.16&#8243; _module_preset=&#8220;default&#8220; global_colors_info=&#8220;{}&#8220;]<\/p>\n<p>Es ist eine Tatsache, dass viele Gegenst\u00e4nde, die wir besitzen, kaum benutzt werden. In den USA zum Beispiel wird ein Auto im Durchschnitt nur 29 Minuten pro Tag benutzt. Im Vereinigten K\u00f6nigreich werden 80% der Gegenst\u00e4nde, die man besitzt, weniger als einmal im Monat benutzt, und 30% der Kleidung wird nie getragen.<\/p>\n<p>Die Sharing Economy ist effektiv, weil sie von \u00fcberm\u00e4\u00dfigem Konsum abh\u00e4lt und soziale Verantwortung f\u00f6rdert. Der Einzelne kann immer noch Zugang zu allem haben, was er zum Leben braucht, aber auf eine erschwingliche und nachhaltige Weise. Die gute Nachricht ist, dass die Sharing Economy bereits da ist: 55% der Schweizer Konsumentinnen und Konsumenten nehmen bereits in irgendeiner Form daran teil, und weltweit wurden bereits mehr als 12 Milliarden USD investiert &#8211; es war also noch nie so einfach, seinen pers\u00f6nlichen Konsum einzuschr\u00e4nken.\u00a0<\/p>\n<p>Lies hier mehr dazu <strong><a href=\"https:\/\/drive.google.com\/file\/d\/1CvB1G020RiuwHSdeFSRMjaSD-9gJhFec\/view\">Sharing Economy in der Schweiz<\/a><\/strong> (Deloitte, 2015)<\/p>\n<p>M\u00f6chtest du mehr erfahren?\u00a0 Nehm an diesem <strong><a href=\"https:\/\/www.coursera.org\/learn\/sharing-cities\">kostenlosen Online-Kurs<\/a><\/strong> teil!<\/p>\n<p>[\/et_pb_text][\/et_pb_column][\/et_pb_row][et_pb_row _builder_version=&#8220;4.16&#8243; _module_preset=&#8220;default&#8220; global_colors_info=&#8220;{}&#8220;][et_pb_column type=&#8220;4_4&#8243; _builder_version=&#8220;4.16&#8243; _module_preset=&#8220;default&#8220; global_colors_info=&#8220;{}&#8220;][et_pb_video src=&#8220;https:\/\/www.youtube.com\/watch?v=yy7MH9TyZck&#8220; play_icon_color=&#8220;#87F5B4&#8243; _builder_version=&#8220;4.16&#8243; _module_preset=&#8220;default&#8220; border_radii=&#8220;on|30px|30px|30px|30px&#8220; global_colors_info=&#8220;{}&#8220;][\/et_pb_video][\/et_pb_column][\/et_pb_row][\/et_pb_section][et_pb_section fb_built=&#8220;1&#8243; admin_label=&#8220;Services&#8220; _builder_version=&#8220;4.16&#8243; custom_padding=&#8220;0px|||||&#8220; locked=&#8220;off&#8220; global_colors_info=&#8220;{}&#8220;][et_pb_row column_structure=&#8220;1_2,1_2&#8243; _builder_version=&#8220;4.16&#8243; global_colors_info=&#8220;{}&#8220;][et_pb_column type=&#8220;1_2&#8243; _builder_version=&#8220;4.16&#8243; z_index=&#8220;10&#8243; global_colors_info=&#8220;{}&#8220;][et_pb_image src=&#8220;https:\/\/green-up.ch\/wp-content\/uploads\/2021\/09\/Tips_Localbuying.png&#8220; title_text=&#8220;Tips_Localbuying&#8220; _builder_version=&#8220;4.16&#8243; custom_margin=&#8220;||||false|false&#8220; custom_margin_tablet=&#8220;|||0vw|false|false&#8220; custom_margin_phone=&#8220;&#8220; custom_margin_last_edited=&#8220;on|desktop&#8220; border_radii=&#8220;on|30px|30px|30px|30px&#8220; locked=&#8220;off&#8220; global_colors_info=&#8220;{}&#8220;][\/et_pb_image][et_pb_video src=&#8220;https:\/\/www.youtube.com\/watch?v=glM7KMoDUFc&#8220; play_icon_color=&#8220;#87F5B4&#8243; _builder_version=&#8220;4.16&#8243; _module_preset=&#8220;default&#8220; border_radii=&#8220;on|30px|30px|30px|30px&#8220; global_colors_info=&#8220;{}&#8220;][\/et_pb_video][\/et_pb_column][et_pb_column type=&#8220;1_2&#8243; _builder_version=&#8220;4.16&#8243; z_index=&#8220;50&#8243; global_colors_info=&#8220;{}&#8220;][et_pb_text _builder_version=&#8220;4.16&#8243; text_font=&#8220;||||||||&#8220; text_font_size=&#8220;16px&#8220; text_line_height=&#8220;1.8em&#8220; header_2_font=&#8220;Prompt|200|||||||&#8220; header_2_text_color=&#8220;#000000&#8243; header_2_font_size=&#8220;60px&#8220; header_2_line_height=&#8220;1.2em&#8220; header_4_font=&#8220;Prompt|600||on|||||&#8220; header_4_text_color=&#8220;#ff6f7e&#8220; header_4_font_size=&#8220;12px&#8220; header_4_letter_spacing=&#8220;2px&#8220; header_4_line_height=&#8220;1.2em&#8220; z_index=&#8220;1&#8243; custom_margin=&#8220;84px||0px||false|false&#8220; custom_margin_tablet=&#8220;0px||0px||false|false&#8220; custom_margin_phone=&#8220;&#8220; custom_margin_last_edited=&#8220;on|desktop&#8220; custom_padding=&#8220;0px|||||&#8220; text_font_size_tablet=&#8220;&#8220; text_font_size_phone=&#8220;14px&#8220; text_font_size_last_edited=&#8220;on|desktop&#8220; header_2_font_size_tablet=&#8220;60px&#8220; header_2_font_size_phone=&#8220;30px&#8220; header_2_font_size_last_edited=&#8220;on|phone&#8220; locked=&#8220;off&#8220; global_colors_info=&#8220;{}&#8220;]<\/p>\n<h1>Lokal kaufen<\/h1>\n<p>Eine lokale Wirtschaft ist eine Wirtschaft, die direkt der lokalen Bev\u00f6lkerung zugute kommt. Ein Bauernmarkt ist ein gutes Beispiel daf\u00fcr. Wenn das Geld &#8222;in der Stadt&#8220; bleibt, hat das enorme positive wirtschaftliche Auswirkungen: Mehr Geld bleibt in der Region, und mehr Menschen in der Region profitieren h\u00e4ufiger von demselben Geld; indirekt auch du.<\/p>\n<p>Zum Beispiel kauft eine Person auf einem Bauernmarkt ein, der Landwirt mietet ein Werkzeug in einem \u00f6rtlichen Gesch\u00e4ft, der Besitzer dieses Werkzeugs geht in ein \u00f6rtliches Restaurant, der Restaurantbesitzer kauft auf dem Bauernmarkt ein. Die Gewinne fliessen zwischen den Mitgliedern der Gemeinschaft zur\u00fcck, und alle profitieren davon.<\/p>\n<p>Einige St\u00e4dte haben sogar lokale W\u00e4hrungen geschaffen, die f\u00fcr Waren und Dienstleistungen in einer bestimmten Stadt oder einem bestimmten Gebiet eingetauscht werden k\u00f6nnen. Dies regt nicht nur die lokalen Ausgaben an, sondern schafft auch ein gr\u00f6sseres Gemeinschaftsgef\u00fchl zwischen Unternehmen und Einzelpersonen. Beispiele:\u00a0<\/p>\n<ul>\n<li>Netzbon, Basel<\/li>\n<li>L&#8217;abeille, La Chaux-de-Fonds<\/li>\n<li>WIR, Z\u00fcrich \/ Schweizweit<\/li>\n<\/ul>\n<p>Die Carte Abeille kann zum Beispiel in \u00fcber 30 Gesch\u00e4ften und Restaurants verwendet werden.\u00a0<\/p>\n<p>[\/et_pb_text][\/et_pb_column][\/et_pb_row][\/et_pb_section][et_pb_section fb_built=&#8220;1&#8243; admin_label=&#8220;Services&#8220; _builder_version=&#8220;4.16&#8243; custom_padding=&#8220;0px|||||&#8220; locked=&#8220;off&#8220; global_colors_info=&#8220;{}&#8220;][et_pb_row column_structure=&#8220;1_2,1_2&#8243; _builder_version=&#8220;4.16&#8243; global_colors_info=&#8220;{}&#8220;][et_pb_column type=&#8220;1_2&#8243; _builder_version=&#8220;4.16&#8243; z_index=&#8220;10&#8243; global_colors_info=&#8220;{}&#8220;][et_pb_image src=&#8220;https:\/\/green-up.ch\/wp-content\/uploads\/2021\/09\/toollibrary.webp&#8220; title_text=&#8220;toollibrary&#8220; _builder_version=&#8220;4.16&#8243; custom_margin=&#8220;50px|||-15vw|false|false&#8220; custom_margin_tablet=&#8220;|||0vw|false|false&#8220; custom_margin_phone=&#8220;&#8220; custom_margin_last_edited=&#8220;on|desktop&#8220; border_radii=&#8220;on|30px|30px|30px|30px&#8220; locked=&#8220;off&#8220; global_colors_info=&#8220;{}&#8220;][\/et_pb_image][\/et_pb_column][et_pb_column type=&#8220;1_2&#8243; _builder_version=&#8220;4.16&#8243; z_index=&#8220;50&#8243; global_colors_info=&#8220;{}&#8220;][et_pb_text _builder_version=&#8220;4.16&#8243; text_font=&#8220;||||||||&#8220; text_font_size=&#8220;16px&#8220; text_line_height=&#8220;1.8em&#8220; header_2_font=&#8220;Prompt|200|||||||&#8220; header_2_text_color=&#8220;#000000&#8243; header_2_font_size=&#8220;60px&#8220; header_2_line_height=&#8220;1.2em&#8220; header_4_font=&#8220;Prompt|600||on|||||&#8220; header_4_text_color=&#8220;#ff6f7e&#8220; header_4_font_size=&#8220;12px&#8220; header_4_letter_spacing=&#8220;2px&#8220; header_4_line_height=&#8220;1.2em&#8220; z_index=&#8220;1&#8243; custom_margin=&#8220;48px||0px||false|false&#8220; custom_margin_tablet=&#8220;0px||0px||false|false&#8220; custom_margin_phone=&#8220;&#8220; custom_margin_last_edited=&#8220;on|desktop&#8220; text_font_size_tablet=&#8220;&#8220; text_font_size_phone=&#8220;14px&#8220; text_font_size_last_edited=&#8220;on|desktop&#8220; header_2_font_size_tablet=&#8220;60px&#8220; header_2_font_size_phone=&#8220;30px&#8220; header_2_font_size_last_edited=&#8220;on|phone&#8220; locked=&#8220;off&#8220; global_colors_info=&#8220;{}&#8220;]<\/p>\n<h1>Das Herzst\u00fcck unserer St\u00e4dte<\/h1>\n<p>Werkzeugbibliotheken, Tauschb\u00f6rsen und Kleiderbibliotheken. Sie sind die Zukunft, wenn wir dich und alle anderen da draussen dazu ermutigen wollen, mehr zu teilen und zu tauschen.\u00a0<\/p>\n<p>Und in der Tat, es werden immer mehr! Leider ist es f\u00fcr sie nicht einfach, die Massen zu erreichen. Doch langsam aber sicher erobern diese Konzepte die Welt. Unterst\u00fctze sie!<\/p>\n<p>Das Gleiche gilt nat\u00fcrlich auch f\u00fcr Kleidertauschb\u00f6rsen und Nachbarschaftstauschb\u00f6rsen. Das sind Dinge, die du leicht selbst mit einer kleinen Gruppe von Freunden\/Nachbarn organisieren kannst! Probiere es mal aus!<\/p>\n<p>[\/et_pb_text][\/et_pb_column][\/et_pb_row][et_pb_row column_structure=&#8220;2_5,3_5&#8243; _builder_version=&#8220;4.16&#8243; _module_preset=&#8220;default&#8220; global_colors_info=&#8220;{}&#8220;][et_pb_column type=&#8220;2_5&#8243; _builder_version=&#8220;4.16&#8243; _module_preset=&#8220;default&#8220; global_colors_info=&#8220;{}&#8220;][et_pb_text _builder_version=&#8220;4.16&#8243; _module_preset=&#8220;default&#8220; global_colors_info=&#8220;{}&#8220;]<\/p>\n<p>Die Karte zeigt die vielen Werkzeugbibliotheken der Schweiz an. Ein paar fehlen allerdings.<\/p>\n<p>Schaue dir also die Leihlager in deiner N\u00e4he an und kaufe dir ein Abonnement. Allein f\u00fcr das Zelt, das du 1x pro Jahr benutzen, lohnt sich das Abo schon!<\/p>\n<p>[\/et_pb_text][\/et_pb_column][et_pb_column type=&#8220;3_5&#8243; _builder_version=&#8220;4.16&#8243; _module_preset=&#8220;default&#8220; global_colors_info=&#8220;{}&#8220;][et_pb_image src=&#8220;https:\/\/green-up.ch\/wp-content\/uploads\/2021\/09\/Screen-Shot-2021-09-06-at-3.47.59.png&#8220; title_text=&#8220;Screen Shot 2021-09-06 at 3.47.59&#8243; url=&#8220;https:\/\/www.google.com\/maps\/d\/u\/0\/viewer?mid=1XTej5hdN6B5zfu1HjjjQEMA2DhP_zuLr&#038;hl=fr&#038;ll=46.77490167147942%2C8.147948922618458&#038;z=8&#8243; url_new_window=&#8220;on&#8220; _builder_version=&#8220;4.16&#8243; custom_margin=&#8220;||||false|false&#8220; custom_margin_tablet=&#8220;|||0vw|false|false&#8220; custom_margin_phone=&#8220;&#8220; custom_margin_last_edited=&#8220;on|desktop&#8220; border_radii=&#8220;on|30px|30px|30px|30px&#8220; locked=&#8220;off&#8220; global_colors_info=&#8220;{}&#8220;][\/et_pb_image][\/et_pb_column][\/et_pb_row][\/et_pb_section]<\/p>\n","protected":false},"excerpt":{"rendered":"<p>Sharing Economy &amp; lokale WirtschaftDas Konzept des Teilens ist so alt wie die menschliche Zivilisation.\u00a0Gregory Hodkinson Pr\u00e9sident, Groupe ArupIndem wir Sharing-Initiativen wie Carsharing, AirBnB und Werkzeugbibliotheken nutzen, verbrauchen wir weniger, [&hellip;]<\/p>\n","protected":false},"author":2,"featured_media":0,"parent":4233,"menu_order":0,"comment_status":"closed","ping_status":"closed","template":"","meta":{"_et_pb_use_builder":"on","_et_pb_old_content":"","_et_gb_content_width":"","footnotes":""},"class_list":["post-4310","page","type-page","status-publish","hentry"],"yoast_head":"<!-- This site is optimized with the Yoast SEO plugin v27.4 - https:\/\/yoast.com\/product\/yoast-seo-wordpress\/ -->\n<title>Sharing Economy &amp; lokale Wirtschaft | GreenUp<\/title>\n<meta name=\"robots\" content=\"index, follow, max-snippet:-1, max-image-preview:large, max-video-preview:-1\" \/>\n<link rel=\"canonical\" href=\"https:\/\/green-up.ch\/simple-living\/sharing-local-economy\/\" \/>\n<meta property=\"og:locale\" content=\"de_DE\" \/>\n<meta property=\"og:type\" content=\"article\" \/>\n<meta property=\"og:title\" content=\"Sharing Economy &amp; lokale Wirtschaft | GreenUp\" \/>\n<meta property=\"og:description\" content=\"Sharing Economy &amp; lokale WirtschaftDas Konzept des Teilens ist so alt wie die menschliche Zivilisation.\u00a0Gregory Hodkinson Pr\u00e9sident, Groupe ArupIndem wir Sharing-Initiativen wie Carsharing, AirBnB und Werkzeugbibliotheken nutzen, verbrauchen wir weniger, [&hellip;]\" \/>\n<meta property=\"og:url\" content=\"https:\/\/green-up.ch\/simple-living\/sharing-local-economy\/\" \/>\n<meta property=\"og:site_name\" content=\"GreenUp\" \/>\n<meta property=\"article:publisher\" content=\"https:\/\/m.facebook.com\/greenupswitzerland\" \/>\n<meta property=\"article:modified_time\" content=\"2023-03-14T20:31:16+00:00\" \/>\n<meta name=\"twitter:card\" content=\"summary_large_image\" \/>\n<meta name=\"twitter:label1\" content=\"Gesch\u00e4tzte Lesezeit\" \/>\n\t<meta name=\"twitter:data1\" content=\"10\u00a0Minuten\" \/>\n<script type=\"application\/ld+json\" class=\"yoast-schema-graph\">{\"@context\":\"https:\\\/\\\/schema.org\",\"@graph\":[{\"@type\":\"WebPage\",\"@id\":\"https:\\\/\\\/green-up.ch\\\/simple-living\\\/sharing-local-economy\\\/\",\"url\":\"https:\\\/\\\/green-up.ch\\\/simple-living\\\/sharing-local-economy\\\/\",\"name\":\"Sharing Economy & lokale Wirtschaft | GreenUp\",\"isPartOf\":{\"@id\":\"https:\\\/\\\/green-up.ch\\\/#website\"},\"datePublished\":\"2021-09-09T19:46:54+00:00\",\"dateModified\":\"2023-03-14T20:31:16+00:00\",\"breadcrumb\":{\"@id\":\"https:\\\/\\\/green-up.ch\\\/simple-living\\\/sharing-local-economy\\\/#breadcrumb\"},\"inLanguage\":\"de\",\"potentialAction\":[{\"@type\":\"ReadAction\",\"target\":[\"https:\\\/\\\/green-up.ch\\\/simple-living\\\/sharing-local-economy\\\/\"]}]},{\"@type\":\"BreadcrumbList\",\"@id\":\"https:\\\/\\\/green-up.ch\\\/simple-living\\\/sharing-local-economy\\\/#breadcrumb\",\"itemListElement\":[{\"@type\":\"ListItem\",\"position\":1,\"name\":\"Home\",\"item\":\"https:\\\/\\\/green-up.ch\\\/\"},{\"@type\":\"ListItem\",\"position\":2,\"name\":\"Das Einfache Leben\",\"item\":\"https:\\\/\\\/green-up.ch\\\/simple-living\\\/\"},{\"@type\":\"ListItem\",\"position\":3,\"name\":\"Sharing Economy &#038; lokale Wirtschaft\"}]},{\"@type\":\"WebSite\",\"@id\":\"https:\\\/\\\/green-up.ch\\\/#website\",\"url\":\"https:\\\/\\\/green-up.ch\\\/\",\"name\":\"GreenUp\",\"description\":\"Inspire, collaborate, empower.\",\"publisher\":{\"@id\":\"https:\\\/\\\/green-up.ch\\\/#organization\"},\"potentialAction\":[{\"@type\":\"SearchAction\",\"target\":{\"@type\":\"EntryPoint\",\"urlTemplate\":\"https:\\\/\\\/green-up.ch\\\/?s={search_term_string}\"},\"query-input\":{\"@type\":\"PropertyValueSpecification\",\"valueRequired\":true,\"valueName\":\"search_term_string\"}}],\"inLanguage\":\"de\"},{\"@type\":\"Organization\",\"@id\":\"https:\\\/\\\/green-up.ch\\\/#organization\",\"name\":\"GreeUp\",\"url\":\"https:\\\/\\\/green-up.ch\\\/\",\"logo\":{\"@type\":\"ImageObject\",\"inLanguage\":\"de\",\"@id\":\"https:\\\/\\\/green-up.ch\\\/#\\\/schema\\\/logo\\\/image\\\/\",\"url\":\"https:\\\/\\\/green-up.ch\\\/wp-content\\\/uploads\\\/2021\\\/11\\\/greenuplogo_rond.png\",\"contentUrl\":\"https:\\\/\\\/green-up.ch\\\/wp-content\\\/uploads\\\/2021\\\/11\\\/greenuplogo_rond.png\",\"width\":600,\"height\":595,\"caption\":\"GreeUp\"},\"image\":{\"@id\":\"https:\\\/\\\/green-up.ch\\\/#\\\/schema\\\/logo\\\/image\\\/\"},\"sameAs\":[\"https:\\\/\\\/m.facebook.com\\\/greenupswitzerland\",\"https:\\\/\\\/www.instagram.com\\\/greenup.ch\\\/\",\"https:\\\/\\\/www.linkedin.com\\\/company\\\/greenupswitzerland\\\/\"]}]}<\/script>\n<!-- \/ Yoast SEO plugin. -->","yoast_head_json":{"title":"Sharing Economy & lokale Wirtschaft | GreenUp","robots":{"index":"index","follow":"follow","max-snippet":"max-snippet:-1","max-image-preview":"max-image-preview:large","max-video-preview":"max-video-preview:-1"},"canonical":"https:\/\/green-up.ch\/simple-living\/sharing-local-economy\/","og_locale":"de_DE","og_type":"article","og_title":"Sharing Economy & lokale Wirtschaft | GreenUp","og_description":"Sharing Economy &amp; lokale WirtschaftDas Konzept des Teilens ist so alt wie die menschliche Zivilisation.\u00a0Gregory Hodkinson Pr\u00e9sident, Groupe ArupIndem wir Sharing-Initiativen wie Carsharing, AirBnB und Werkzeugbibliotheken nutzen, verbrauchen wir weniger, [&hellip;]","og_url":"https:\/\/green-up.ch\/simple-living\/sharing-local-economy\/","og_site_name":"GreenUp","article_publisher":"https:\/\/m.facebook.com\/greenupswitzerland","article_modified_time":"2023-03-14T20:31:16+00:00","twitter_card":"summary_large_image","twitter_misc":{"Gesch\u00e4tzte Lesezeit":"10\u00a0Minuten"},"schema":{"@context":"https:\/\/schema.org","@graph":[{"@type":"WebPage","@id":"https:\/\/green-up.ch\/simple-living\/sharing-local-economy\/","url":"https:\/\/green-up.ch\/simple-living\/sharing-local-economy\/","name":"Sharing Economy & lokale Wirtschaft | GreenUp","isPartOf":{"@id":"https:\/\/green-up.ch\/#website"},"datePublished":"2021-09-09T19:46:54+00:00","dateModified":"2023-03-14T20:31:16+00:00","breadcrumb":{"@id":"https:\/\/green-up.ch\/simple-living\/sharing-local-economy\/#breadcrumb"},"inLanguage":"de","potentialAction":[{"@type":"ReadAction","target":["https:\/\/green-up.ch\/simple-living\/sharing-local-economy\/"]}]},{"@type":"BreadcrumbList","@id":"https:\/\/green-up.ch\/simple-living\/sharing-local-economy\/#breadcrumb","itemListElement":[{"@type":"ListItem","position":1,"name":"Home","item":"https:\/\/green-up.ch\/"},{"@type":"ListItem","position":2,"name":"Das Einfache Leben","item":"https:\/\/green-up.ch\/simple-living\/"},{"@type":"ListItem","position":3,"name":"Sharing Economy &#038; lokale Wirtschaft"}]},{"@type":"WebSite","@id":"https:\/\/green-up.ch\/#website","url":"https:\/\/green-up.ch\/","name":"GreenUp","description":"Inspire, collaborate, empower.","publisher":{"@id":"https:\/\/green-up.ch\/#organization"},"potentialAction":[{"@type":"SearchAction","target":{"@type":"EntryPoint","urlTemplate":"https:\/\/green-up.ch\/?s={search_term_string}"},"query-input":{"@type":"PropertyValueSpecification","valueRequired":true,"valueName":"search_term_string"}}],"inLanguage":"de"},{"@type":"Organization","@id":"https:\/\/green-up.ch\/#organization","name":"GreeUp","url":"https:\/\/green-up.ch\/","logo":{"@type":"ImageObject","inLanguage":"de","@id":"https:\/\/green-up.ch\/#\/schema\/logo\/image\/","url":"https:\/\/green-up.ch\/wp-content\/uploads\/2021\/11\/greenuplogo_rond.png","contentUrl":"https:\/\/green-up.ch\/wp-content\/uploads\/2021\/11\/greenuplogo_rond.png","width":600,"height":595,"caption":"GreeUp"},"image":{"@id":"https:\/\/green-up.ch\/#\/schema\/logo\/image\/"},"sameAs":["https:\/\/m.facebook.com\/greenupswitzerland","https:\/\/www.instagram.com\/greenup.ch\/","https:\/\/www.linkedin.com\/company\/greenupswitzerland\/"]}]}},"_links":{"self":[{"href":"https:\/\/green-up.ch\/de\/wp-json\/wp\/v2\/pages\/4310","targetHints":{"allow":["GET"]}}],"collection":[{"href":"https:\/\/green-up.ch\/de\/wp-json\/wp\/v2\/pages"}],"about":[{"href":"https:\/\/green-up.ch\/de\/wp-json\/wp\/v2\/types\/page"}],"author":[{"embeddable":true,"href":"https:\/\/green-up.ch\/de\/wp-json\/wp\/v2\/users\/2"}],"replies":[{"embeddable":true,"href":"https:\/\/green-up.ch\/de\/wp-json\/wp\/v2\/comments?post=4310"}],"version-history":[{"count":4,"href":"https:\/\/green-up.ch\/de\/wp-json\/wp\/v2\/pages\/4310\/revisions"}],"predecessor-version":[{"id":11336,"href":"https:\/\/green-up.ch\/de\/wp-json\/wp\/v2\/pages\/4310\/revisions\/11336"}],"up":[{"embeddable":true,"href":"https:\/\/green-up.ch\/de\/wp-json\/wp\/v2\/pages\/4233"}],"wp:attachment":[{"href":"https:\/\/green-up.ch\/de\/wp-json\/wp\/v2\/media?parent=4310"}],"curies":[{"name":"wp","href":"https:\/\/api.w.org\/{rel}","templated":true}]}}