{"id":4206,"date":"2021-09-09T07:14:41","date_gmt":"2021-09-09T07:14:41","guid":{"rendered":"https:\/\/green-up.ch\/datenschutz\/"},"modified":"2023-06-19T00:01:39","modified_gmt":"2023-06-19T00:01:39","slug":"datenschutz","status":"publish","type":"page","link":"https:\/\/green-up.ch\/de\/datenschutz\/","title":{"rendered":"Datenschutz"},"content":{"rendered":"<p>[et_pb_section fb_built=&#8220;1&#8243; admin_label=&#8220;Header&#8220; _builder_version=&#8220;4.16&#8243; custom_margin=&#8220;||2px||false|false&#8220; custom_margin_tablet=&#8220;||0px||false|false&#8220; custom_margin_phone=&#8220;&#8220; custom_margin_last_edited=&#8220;on|desktop&#8220; custom_padding=&#8220;0px||||false|false&#8220; global_colors_info=&#8220;{}&#8220;][et_pb_row column_structure=&#8220;3_5,2_5&#8243; _builder_version=&#8220;4.16&#8243; custom_padding=&#8220;0px||0px||false|false&#8220; border_width_left=&#8220;150px&#8220; border_color_left=&#8220;rgba(0,0,0,0)&#8220; border_width_left_tablet=&#8220;0px&#8220; border_width_left_phone=&#8220;&#8220; border_width_left_last_edited=&#8220;on|desktop&#8220; global_colors_info=&#8220;{}&#8220;][et_pb_column type=&#8220;3_5&#8243; _builder_version=&#8220;4.16&#8243; background_color=&#8220;#E6FFEB&#8220; background_color_gradient_direction=&#8220;90deg&#8220; transform_translate_linked=&#8220;off&#8220; custom_padding=&#8220;60px|40px|||false|false&#8220; custom_padding_tablet=&#8220;40px|40px||40px|false|true&#8220; custom_padding_phone=&#8220;|20px||20px|false|true&#8220; custom_padding_last_edited=&#8220;on|phone&#8220; custom_css_main_element=&#8220;overflow:visible;&#8220; border_radii=&#8220;off|||30px|30px&#8220; box_shadow_vertical_tablet=&#8220;-200px&#8220; box_shadow_vertical_phone=&#8220;-100px&#8220; box_shadow_vertical_last_edited=&#8220;on|phone&#8220; global_colors_info=&#8220;{}&#8220;][et_pb_text _builder_version=&#8220;4.16&#8243; header_text_color=&#8220;#000000&#8243; header_font_size=&#8220;104px&#8220; z_index=&#8220;1&#8243; custom_margin=&#8220;|||-150px||&#8220; custom_margin_tablet=&#8220;|||0px&#8220; custom_margin_phone=&#8220;&#8220; custom_margin_last_edited=&#8220;on|phone&#8220; header_font_size_tablet=&#8220;80px&#8220; header_font_size_phone=&#8220;60px&#8220; header_font_size_last_edited=&#8220;on|phone&#8220; header_letter_spacing_tablet=&#8220;0px&#8220; header_letter_spacing_phone=&#8220;&#8220; header_letter_spacing_last_edited=&#8220;on|tablet&#8220; global_colors_info=&#8220;{}&#8220;]<\/p>\n<h1><a id=\"dictEntry10000326985\" class=\"dictLink featured\"><\/a><span style=\"color: #00506e;\">Datenschutz-richtlinie<\/span><\/h1>\n<p>[\/et_pb_text][et_pb_image src=&#8220;https:\/\/green-up.ch\/wp-content\/uploads\/2021\/09\/Untitled_design__5_-removebg-preview.png&#8220; title_text=&#8220;Untitled_design__5_-removebg-preview&#8220; _builder_version=&#8220;4.16&#8243; transform_scale_tablet=&#8220;&#8220; transform_scale_phone=&#8220;&#8220; transform_scale_last_edited=&#8220;on|desktop&#8220; transform_translate=&#8220;120px|0px&#8220; transform_translate_tablet=&#8220;0px|0px&#8220; transform_translate_phone=&#8220;&#8220; transform_translate_last_edited=&#8220;on|tablet&#8220; transform_translate_linked=&#8220;off&#8220; transform_rotate_tablet=&#8220;&#8220; transform_rotate_phone=&#8220;&#8220; transform_rotate_last_edited=&#8220;on|desktop&#8220; transform_skew_tablet=&#8220;&#8220; transform_skew_phone=&#8220;&#8220; transform_skew_last_edited=&#8220;on|desktop&#8220; transform_origin_tablet=&#8220;&#8220; transform_origin_phone=&#8220;&#8220; transform_origin_last_edited=&#8220;on|desktop&#8220; transform_styles_last_edited=&#8220;on|tablet&#8220; width=&#8220;100%&#8220; max_width=&#8220;400px&#8220; max_width_tablet=&#8220;250px&#8220; max_width_phone=&#8220;180px&#8220; max_width_last_edited=&#8220;on|desktop&#8220; module_alignment=&#8220;right&#8220; min_height=&#8220;184px&#8220; height=&#8220;484px&#8220; custom_margin=&#8220;-200px||-260px||false|false&#8220; custom_margin_tablet=&#8220;-50px||-160px||false|false&#8220; custom_margin_phone=&#8220;||-110px||false|false&#8220; custom_margin_last_edited=&#8220;on|phone&#8220; transform_styles_tablet=&#8220;&#8220; transform_styles_phone=&#8220;&#8220; module_alignment_tablet=&#8220;center&#8220; module_alignment_phone=&#8220;&#8220; module_alignment_last_edited=&#8220;on|desktop&#8220; global_colors_info=&#8220;{}&#8220;][\/et_pb_image][\/et_pb_column][et_pb_column type=&#8220;2_5&#8243; _builder_version=&#8220;4.16&#8243; global_colors_info=&#8220;{}&#8220;][et_pb_text _builder_version=&#8220;4.16&#8243; text_font=&#8220;|800|||||||&#8220; text_font_size=&#8220;16px&#8220; text_line_height=&#8220;1.6em&#8220; header_2_font=&#8220;||||||||&#8220; header_4_font=&#8220;Prompt|600||on|||||&#8220; header_4_font_size=&#8220;12px&#8220; header_4_letter_spacing=&#8220;2px&#8220; header_4_line_height=&#8220;1.2em&#8220; background_color=&#8220;#00506E&#8220; z_index=&#8220;1&#8243; background_layout=&#8220;dark&#8220; min_height=&#8220;186px&#8220; custom_margin=&#8220;|-4vw|-29px||false|false&#8220; custom_margin_tablet=&#8220;|0vw|||false|false&#8220; custom_margin_phone=&#8220;&#8220; custom_margin_last_edited=&#8220;on|tablet&#8220; custom_padding=&#8220;80px|40px|60px|40px|false|true&#8220; custom_padding_tablet=&#8220;&#8220; custom_padding_phone=&#8220;40px|20px|40px|20px|true|true&#8220; custom_padding_last_edited=&#8220;on|phone&#8220; border_radii=&#8220;off|||30px|30px&#8220; locked=&#8220;off&#8220; global_colors_info=&#8220;{}&#8220;]<\/p>\n<p>Die Umwelt Plattform ist die in der Schweiz registrierte Gemeinn\u00fctziger Verein, die hinter der Marke &#8222;GreenUp&#8220; steht.<\/p>\n<p>Unsere Unternehmens-identifikationsnummer, UID, lautet CHE-484. 763. 548.<\/p>\n<p>Unsere Vereinsadresse ist:\u00a0<\/p>\n<p><strong>GreenUp<\/strong><br \/>p\/a Umwelt Plattform<br \/>4000 Basel<\/p>\n<p>[\/et_pb_text][\/et_pb_column][\/et_pb_row][\/et_pb_section][et_pb_section fb_built=&#8220;1&#8243; _builder_version=&#8220;4.16&#8243; _module_preset=&#8220;default&#8220; global_colors_info=&#8220;{}&#8220;][et_pb_row _builder_version=&#8220;4.16&#8243; _module_preset=&#8220;default&#8220; global_colors_info=&#8220;{}&#8220;][et_pb_column type=&#8220;4_4&#8243; _builder_version=&#8220;4.16&#8243; _module_preset=&#8220;default&#8220; global_colors_info=&#8220;{}&#8220;][\/et_pb_column][\/et_pb_row][\/et_pb_section][et_pb_section fb_built=&#8220;1&#8243; _builder_version=&#8220;4.16&#8243; _module_preset=&#8220;default&#8220; min_height=&#8220;1137px&#8220; custom_margin=&#8220;-107px|||||&#8220; custom_padding=&#8220;155px|||||&#8220; global_colors_info=&#8220;{}&#8220;][et_pb_row _builder_version=&#8220;4.16&#8243; _module_preset=&#8220;default&#8220; global_colors_info=&#8220;{}&#8220;][et_pb_column type=&#8220;4_4&#8243; _builder_version=&#8220;4.16&#8243; _module_preset=&#8220;default&#8220; global_colors_info=&#8220;{}&#8220;][et_pb_text _builder_version=&#8220;4.16&#8243; _module_preset=&#8220;default&#8220; max_width=&#8220;820em&#8220; custom_padding=&#8220;|0px||||&#8220; global_colors_info=&#8220;{}&#8220;]<\/p>\n<p>GreenUp ist auf die Gro\u00dfz\u00fcgigkeit unserer Freiwilligen und Unterst\u00fctzer sowie auf das Vertrauen der \u00d6ffentlichkeit angewiesen. Wir verpflichten uns daher, alle pers\u00f6nlichen Informationen, die wir \u00fcber Sie erhalten, zu sch\u00fctzen, unabh\u00e4ngig davon, ob Sie nur die Website https:\/\/green-up.ch (Website) besuchen, ein Partner, ein finanzieller Unterst\u00fctzer oder ein Freiwilliger sind.<\/p>\n<p>In dieser Datenschutzerkl\u00e4rung wird dargelegt, wie wir personenbezogene Daten, die Sie uns zur Verf\u00fcgung stellen oder die wir \u00fcber Sie sammeln, verwenden, nutzen und sch\u00fctzen, sei es online, per Telefon, SMS, E-Mail, in Briefen oder in anderer Korrespondenz.<\/p>\n<p>&nbsp;<\/p>\n<p>I &#8211; Name und Anschrift<\/p>\n<p>Die Umwelt Plattform ist die in der Schweiz registrierte Non-Profit-Organisation, die hinter der Marke &#8222;GreenUp&#8220; steht.<\/p>\n<p>Unsere Unternehmensidentifikationsnummer, UID, lautet CHE-484. 763. 548.<\/p>\n<p>Unsere offizielle Adresse lautet:<br \/>GreenUp<br \/>p\/a Umwelt Plattform<br \/>4000 Basel<\/p>\n<p>&nbsp;<\/p>\n<p>II &#8211; Name und Adresse f\u00fcr Datenschutzanfragen<\/p>\n<p>Wenn Sie Fragen zu Ihren pers\u00f6nlichen Daten haben, k\u00f6nnen Sie sich per E-Mail oder per Post an uns wenden (siehe oben).\u00a0<\/p>\n<p>Sie k\u00f6nnen jederzeit unentgeltlich Auskunft \u00fcber Ihre bei uns gespeicherten Daten erhalten sowie Ihr Recht auf Berichtigung, Sperrung, Widerspruch oder L\u00f6schung Ihrer Daten aus\u00fcben. Bitte wenden Sie sich an die oben genannte Kontaktperson.<\/p>\n<p>&nbsp;<\/p>\n<p>III &#8211; Allgemeine Informationen zur Datenverarbeitung<\/p>\n<p>Der Schutz Ihrer Daten ist uns wichtig. Wir respektieren Ihre Privatsph\u00e4re und setzen uns daf\u00fcr ein, dass Ihre Daten im Einklang mit den geltenden Gesetzen verarbeitet werden, unabh\u00e4ngig davon, ob Sie uns Ihre Daten elektronisch, postalisch oder telefonisch zur Verf\u00fcgung stellen. Grunds\u00e4tzlich verarbeiten wir personenbezogene Daten nur in dem Umfang, der notwendig ist, um eine funktionierende Website und unsere Inhalte und Dienstleistungen bereitzustellen, die Sie als Interessent, Spender, E-Newsletter-Abonnent oder Mitbewerber von uns erhalten m\u00f6chten.<\/p>\n<p>Die Verarbeitung von personenbezogenen Daten erfolgt in jedem Fall nur im Rahmen der gesetzlichen Bestimmungen. Der gemeinn\u00fctzige Verein UP-Umwelt Plattform unterliegt dem schweizerischen Recht. Dies gilt auch f\u00fcr den Datenschutz. Unser Angebot richtet sich ausschliesslich an Personen in der Schweiz, weshalb das EU-Recht, insbesondere die EU-Datenschutzgrundverordnung, nicht anwendbar ist.<\/p>\n<p>Mit dieser Datenschutzerkl\u00e4rung informieren wir Sie umfassend \u00fcber unsere Datenbearbeitung. Wenn Sie uns personenbezogene Daten von Dritten zur Verf\u00fcgung stellen, vergewissern Sie sich bitte, dass die Angaben korrekt sind, die betreffende Person diese Datenschutzerkl\u00e4rung zur Kenntnis genommen hat und der Daten\u00fcbermittlung an die UP &#8211; Umwelt Plattform zustimmt.<\/p>\n<p>1. Verarbeitung von personenbezogenen Daten<\/p>\n<p>Die Verarbeitung personenbezogener Daten umfasst z.B. die<br \/>Erhebung<br \/>Speicherung<br \/>Verwaltung<br \/>Verwendung<br \/>\u00dcbermittlung<br \/>Benachrichtigung<br \/>L\u00f6schung<br \/>von personenbezogenen Daten. Wir verarbeiten zum einen personenbezogene Daten, die Sie uns zur Verf\u00fcgung stellen, und zum anderen Daten, die automatisch oder manuell erhoben werden, wenn Sie unsere Website besuchen. Dies sind zum Beispiel:<\/p>\n<p>Nachname und Vorname<br \/>Adresse des Wohnorts<br \/>Geburtsdatum<br \/>Geschlecht<br \/>E-Mail Adresse<br \/>Telefonnummern<br \/>Spenden (Beitragsh\u00f6he, Datum, Medium, Zweck)<br \/>Aktivit\u00e4ten auf der Website umweltplattform. ch<br \/>IP-Adresse der technischen Ger\u00e4te<br \/>Zustimmung zum Erhalt von Newslettern oder anderen Informationen<br \/>Kommunikation per Telefon, Fax, E-Mail, Textnachrichten (SMS)<br \/>2. Wof\u00fcr verwenden wir Ihre pers\u00f6nlichen Daten?<\/p>\n<p>Wir bearbeiten Ihre Personendaten in erster Linie f\u00fcr den bei der Erfassung angegebenen Zweck, z. B. um unseren Newsletter zu abonnieren, Ihre Anfrage zu beantworten, Ihre Teilnahme an Aktionen, Promotionen oder Gewinnspielen abzuwickeln oder Ihre Spenden auf der Website von Umweltplattform.ch zu bearbeiten.<\/p>\n<p>Dar\u00fcber hinaus bearbeiten wir Ihre Daten zu Marketingzwecken im Rahmen der geltenden Gesetze. Wir bearbeiten Ihre Personendaten z. B. f\u00fcr folgende Bearbeitungszwecke im Zusammenhang mit:<\/p>\n<p>der Bereitstellung unserer Waren oder Dienstleistungen<br \/>Ihrer Spende an UP<br \/>der Organisation und Durchf\u00fchrung von Kundenkommunikation (per Post oder \u00fcber elektronische Kommunikationsmittel)<br \/>der gesch\u00e4ftlichen Kommunikation per Post, Telefon, E-Mail, Sprachnachrichten, SMS, MMS, Videonachrichten oder Instant Messaging<br \/>die Auswertung der Nutzung unserer Angebote per Telefon, E-Mail, SMS, Videobotschaften oder Instant Messaging wie z.B. Art der Nutzung, H\u00e4ufigkeit und Dauer der Nutzung, genauer Ort der Nutzung<br \/>die Organisation und Durchf\u00fchrung von speziellen Events<br \/>in die Analyse des Kundenverhaltens einflie\u00dfen<br \/>3. An wen geben wir Ihre personenbezogenen Daten weiter?<\/p>\n<p>Druckereien<br \/>Dritte, die mit der Durchf\u00fchrung oder Organisation von Camps und Events betraut sind<br \/>IT-Dienstleister<br \/>unsere Wirtschaftspr\u00fcfer<br \/>Zu den in dieser Erkl\u00e4rung dargelegten Zwecken und wenn es f\u00fcr notwendig erachtet wird, k\u00f6nnen wir personenbezogene Daten an Gerichte, Strafverfolgungsbeh\u00f6rden, Regulierungs- und Regierungsbeh\u00f6rden sowie Strafverfolgungsbeh\u00f6rden weitergeben.<\/p>\n<p>4. Dauer der Aufbewahrung personenbezogener Daten<\/p>\n<p>Die personenbezogenen Daten der betroffenen Person werden gel\u00f6scht, sobald der Zweck der Speicherung entfallen ist.<\/p>\n<p>&nbsp;<\/p>\n<p>IV &#8211; Cookies | Tracking und andere Technologien im Zusammenhang mit der Nutzung unserer Website<\/p>\n<p>Wir verwenden auf unseren Websites in der Regel &#8222;Cookies&#8220;, um Ihren Browser oder Ihr Ger\u00e4t zu identifizieren. Ein Cookie ist eine kleine Datei, die von dem Webbrowser, den Sie beim Besuch unserer Website verwenden, an Ihren Computer gesendet oder automatisch auf Ihrem Computer oder Mobilger\u00e4t gespeichert wird. Wenn Sie diese Website erneut besuchen, k\u00f6nnen wir Sie erkennen, auch wenn wir nicht wissen, wer Sie sind. Neben Cookies, die nur w\u00e4hrend einer Sitzung verwendet und nach Ihrem Besuch der Website gel\u00f6scht werden (&#8222;Session-Cookies&#8220;), k\u00f6nnen auch Cookies verwendet werden, um Benutzereinstellungen und andere Informationen \u00fcber einen bestimmten Zeitraum (z. B. zwei Jahre) zu speichern (&#8222;permanente Cookies&#8220;).<\/p>\n<p>Sie k\u00f6nnen Ihren Browser jedoch so einstellen, dass er Cookies ablehnt, sie nur f\u00fcr eine Sitzung speichert oder sie auf andere Weise vorzeitig l\u00f6scht. Die meisten Browser sind so voreingestellt, dass sie Cookies akzeptieren. Wir verwenden permanente Cookies, um besser zu verstehen, wie Sie unsere Angebote und Inhalte nutzen. Wenn Sie Cookies blockieren, funktionieren bestimmte Funktionen (z. B. die Sprachauswahl) m\u00f6glicherweise nicht mehr.<\/p>\n<p>Wir verwenden manchmal Google Analytics oder \u00e4hnliche Dienste auf unseren Websites. Dabei handelt es sich um Dienste von Drittanbietern, die sich in jedem Land befinden k\u00f6nnen (im Falle von Google Analytics ist es Google LLC in den USA, www. google. com), mit denen wir die Nutzung der Website (nicht personenbezogen) auswerten k\u00f6nnen. Zu diesem Zweck werden auch permanente Cookies verwendet, die vom Dienstanbieter gesetzt werden. Der Dienstanbieter erh\u00e4lt von uns keine personenbezogenen Daten (und speichert auch keine IP-Adressen), kann aber Ihre Nutzung der Website nachverfolgen, diese Informationen mit Informationen von anderen Websites, die Sie besucht haben und die ebenfalls von Dienstanbietern nachverfolgt werden, kombinieren und diese Informationen f\u00fcr eigene Zwecke (z. B. zur Steuerung von Werbung) nutzen. Wenn Sie sich selbst beim Diensteanbieter registriert haben, kennt der Diensteanbieter Sie ebenfalls. Die Verarbeitung Ihrer pers\u00f6nlichen Daten durch den Dienstanbieter obliegt dann dem Dienstanbieter nach seinen Datenschutzbestimmungen. Der Dienstanbieter teilt uns lediglich mit, wie unsere jeweilige Website genutzt wird (keine Informationen \u00fcber Sie pers\u00f6nlich).<\/p>\n<p>&nbsp;<\/p>\n<p>V- Sichere Daten\u00fcbermittlung<\/p>\n<p>Personenbezogene Daten, die Sie uns \u00fcber die Formulare der Website zur Verf\u00fcgung stellen, werden \u00fcber eine sichere Verbindung verschl\u00fcsselt an uns \u00fcbertragen. Das verwendete Sicherheitsverfahren (SSL-Secure Sockets Layer) entspricht dem \u00fcblichen Stand der Technik.<\/p>\n<p>&nbsp;<\/p>\n<p>VI &#8211; Werbung<\/p>\n<p>Auf dieser Website erheben und speichern Dienstleister wie z.B. Google auf der Basis von &#8222;WebBugs&#8220; Informationen \u00fcber das Surfverhalten von Website-Besuchern zu Marketingzwecken und zur kontinuierlichen Verbesserung des Angebots. Die Dienstleister analysieren das Surfverhalten und k\u00f6nnen dann gezielte Produktempfehlungen als personalisierte Werbebanner auf anderen Webseiten einblenden. In keinem Fall k\u00f6nnen diese Daten dazu benutzt werden, den Besucher dieser Website pers\u00f6nlich zu identifizieren. Die erhobenen Daten werden zur Verbesserung des Angebotes genutzt. Eine andere Verwendung findet nicht statt.<\/p>\n<p>&nbsp;<\/p>\n<p>VII &#8211; Haftung f\u00fcr Links<\/p>\n<p>GreenUp erkl\u00e4rt hiermit ausdr\u00fccklich, dass zum Zeitpunkt der Linksetzung keine illegalen Inhalte auf den zu verlinkenden Seiten erkennbar waren. Auf die aktuelle und zuk\u00fcnftige Gestaltung, die Inhalte oder die Urheberschaft der gelinkten\/verkn\u00fcpften Seiten hat der Autor keinerlei Einfluss. Deshalb distanziert er sich hiermit ausdr\u00fccklich von allen Inhalten aller gelinkten \/verkn\u00fcpften Seiten, die nach der Linksetzung ver\u00e4ndert wurden. Diese Feststellung gilt f\u00fcr alle innerhalb des eigenen Internetangebotes gesetzten Links und Verweise. F\u00fcr illegale, fehlerhafte oder unvollst\u00e4ndige Inhalte und insbesondere f\u00fcr Sch\u00e4den, die aus der Nutzung oder Nichtnutzung solcherart dargebotener Informationen entstehen, haftet allein der Anbieter der Seite, auf welche verwiesen wurde, nicht derjenige, der \u00fcber Links auf die jeweilige Ver\u00f6ffentlichung lediglich verweist.<\/p>\n<p>VIII &#8211; \u00c4nderungen<\/p>\n<p>Wir k\u00f6nnen diese Datenschutzerkl\u00e4rung jederzeit anpassen. Es gilt die jeweils aktuelle, auf unserer Website ver\u00f6ffentlichte Fassung.<span style=\"color: #008c87;\">\u00a0<\/span><\/p>\n<p>[\/et_pb_text][\/et_pb_column][\/et_pb_row][\/et_pb_section]<\/p>\n","protected":false},"excerpt":{"rendered":"<p>Datenschutz-richtlinieDie Umwelt Plattform ist die in der Schweiz registrierte Gemeinn\u00fctziger Verein, die hinter der Marke &#8222;GreenUp&#8220; steht. Unsere Unternehmens-identifikationsnummer, UID, lautet CHE-484. 763. 548. Unsere Vereinsadresse ist:\u00a0 GreenUpp\/a Umwelt Plattform4000 [&hellip;]<\/p>\n","protected":false},"author":2,"featured_media":0,"parent":0,"menu_order":0,"comment_status":"closed","ping_status":"closed","template":"","meta":{"_et_pb_use_builder":"on","_et_pb_old_content":"","_et_gb_content_width":"","footnotes":""},"class_list":["post-4206","page","type-page","status-publish","hentry"],"yoast_head":"<!-- This site is optimized with the Yoast SEO plugin v27.6 - https:\/\/yoast.com\/product\/yoast-seo-wordpress\/ -->\n<title>Datenschutz | GreenUp<\/title>\n<meta name=\"robots\" content=\"index, follow, max-snippet:-1, max-image-preview:large, max-video-preview:-1\" \/>\n<link rel=\"canonical\" href=\"https:\/\/green-up.ch\/de\/datenschutz\/\" \/>\n<meta property=\"og:locale\" content=\"de_DE\" \/>\n<meta property=\"og:type\" content=\"article\" \/>\n<meta property=\"og:title\" content=\"Datenschutz | GreenUp\" \/>\n<meta property=\"og:description\" content=\"Datenschutz-richtlinieDie Umwelt Plattform ist die in der Schweiz registrierte Gemeinn\u00fctziger Verein, die hinter der Marke &quot;GreenUp&quot; steht. Unsere Unternehmens-identifikationsnummer, UID, lautet CHE-484. 763. 548. Unsere Vereinsadresse ist:\u00a0 GreenUpp\/a Umwelt Plattform4000 [&hellip;]\" \/>\n<meta property=\"og:url\" content=\"https:\/\/green-up.ch\/de\/datenschutz\/\" \/>\n<meta property=\"og:site_name\" content=\"GreenUp\" \/>\n<meta property=\"article:publisher\" content=\"https:\/\/m.facebook.com\/greenupswitzerland\" \/>\n<meta property=\"article:modified_time\" content=\"2023-06-19T00:01:39+00:00\" \/>\n<meta name=\"twitter:card\" content=\"summary_large_image\" \/>\n<meta name=\"twitter:label1\" content=\"Gesch\u00e4tzte Lesezeit\" \/>\n\t<meta name=\"twitter:data1\" content=\"10\u00a0Minuten\" \/>\n<script type=\"application\/ld+json\" class=\"yoast-schema-graph\">{\"@context\":\"https:\\\/\\\/schema.org\",\"@graph\":[{\"@type\":\"WebPage\",\"@id\":\"https:\\\/\\\/green-up.ch\\\/de\\\/datenschutz\\\/\",\"url\":\"https:\\\/\\\/green-up.ch\\\/de\\\/datenschutz\\\/\",\"name\":\"Datenschutz | GreenUp\",\"isPartOf\":{\"@id\":\"https:\\\/\\\/green-up.ch\\\/#website\"},\"datePublished\":\"2021-09-09T07:14:41+00:00\",\"dateModified\":\"2023-06-19T00:01:39+00:00\",\"breadcrumb\":{\"@id\":\"https:\\\/\\\/green-up.ch\\\/de\\\/datenschutz\\\/#breadcrumb\"},\"inLanguage\":\"de\",\"potentialAction\":[{\"@type\":\"ReadAction\",\"target\":[\"https:\\\/\\\/green-up.ch\\\/de\\\/datenschutz\\\/\"]}]},{\"@type\":\"BreadcrumbList\",\"@id\":\"https:\\\/\\\/green-up.ch\\\/de\\\/datenschutz\\\/#breadcrumb\",\"itemListElement\":[{\"@type\":\"ListItem\",\"position\":1,\"name\":\"Home\",\"item\":\"https:\\\/\\\/green-up.ch\\\/\"},{\"@type\":\"ListItem\",\"position\":2,\"name\":\"Datenschutz\"}]},{\"@type\":\"WebSite\",\"@id\":\"https:\\\/\\\/green-up.ch\\\/#website\",\"url\":\"https:\\\/\\\/green-up.ch\\\/\",\"name\":\"GreenUp\",\"description\":\"Inspire, collaborate, empower.\",\"publisher\":{\"@id\":\"https:\\\/\\\/green-up.ch\\\/#organization\"},\"potentialAction\":[{\"@type\":\"SearchAction\",\"target\":{\"@type\":\"EntryPoint\",\"urlTemplate\":\"https:\\\/\\\/green-up.ch\\\/?s={search_term_string}\"},\"query-input\":{\"@type\":\"PropertyValueSpecification\",\"valueRequired\":true,\"valueName\":\"search_term_string\"}}],\"inLanguage\":\"de\"},{\"@type\":\"Organization\",\"@id\":\"https:\\\/\\\/green-up.ch\\\/#organization\",\"name\":\"GreeUp\",\"url\":\"https:\\\/\\\/green-up.ch\\\/\",\"logo\":{\"@type\":\"ImageObject\",\"inLanguage\":\"de\",\"@id\":\"https:\\\/\\\/green-up.ch\\\/#\\\/schema\\\/logo\\\/image\\\/\",\"url\":\"https:\\\/\\\/green-up.ch\\\/wp-content\\\/uploads\\\/2021\\\/11\\\/greenuplogo_rond.png\",\"contentUrl\":\"https:\\\/\\\/green-up.ch\\\/wp-content\\\/uploads\\\/2021\\\/11\\\/greenuplogo_rond.png\",\"width\":600,\"height\":595,\"caption\":\"GreeUp\"},\"image\":{\"@id\":\"https:\\\/\\\/green-up.ch\\\/#\\\/schema\\\/logo\\\/image\\\/\"},\"sameAs\":[\"https:\\\/\\\/m.facebook.com\\\/greenupswitzerland\",\"https:\\\/\\\/www.instagram.com\\\/greenup.ch\\\/\",\"https:\\\/\\\/www.linkedin.com\\\/company\\\/greenupswitzerland\\\/\"]}]}<\/script>\n<!-- \/ Yoast SEO plugin. -->","yoast_head_json":{"title":"Datenschutz | GreenUp","robots":{"index":"index","follow":"follow","max-snippet":"max-snippet:-1","max-image-preview":"max-image-preview:large","max-video-preview":"max-video-preview:-1"},"canonical":"https:\/\/green-up.ch\/de\/datenschutz\/","og_locale":"de_DE","og_type":"article","og_title":"Datenschutz | GreenUp","og_description":"Datenschutz-richtlinieDie Umwelt Plattform ist die in der Schweiz registrierte Gemeinn\u00fctziger Verein, die hinter der Marke \"GreenUp\" steht. Unsere Unternehmens-identifikationsnummer, UID, lautet CHE-484. 763. 548. Unsere Vereinsadresse ist:\u00a0 GreenUpp\/a Umwelt Plattform4000 [&hellip;]","og_url":"https:\/\/green-up.ch\/de\/datenschutz\/","og_site_name":"GreenUp","article_publisher":"https:\/\/m.facebook.com\/greenupswitzerland","article_modified_time":"2023-06-19T00:01:39+00:00","twitter_card":"summary_large_image","twitter_misc":{"Gesch\u00e4tzte Lesezeit":"10\u00a0Minuten"},"schema":{"@context":"https:\/\/schema.org","@graph":[{"@type":"WebPage","@id":"https:\/\/green-up.ch\/de\/datenschutz\/","url":"https:\/\/green-up.ch\/de\/datenschutz\/","name":"Datenschutz | GreenUp","isPartOf":{"@id":"https:\/\/green-up.ch\/#website"},"datePublished":"2021-09-09T07:14:41+00:00","dateModified":"2023-06-19T00:01:39+00:00","breadcrumb":{"@id":"https:\/\/green-up.ch\/de\/datenschutz\/#breadcrumb"},"inLanguage":"de","potentialAction":[{"@type":"ReadAction","target":["https:\/\/green-up.ch\/de\/datenschutz\/"]}]},{"@type":"BreadcrumbList","@id":"https:\/\/green-up.ch\/de\/datenschutz\/#breadcrumb","itemListElement":[{"@type":"ListItem","position":1,"name":"Home","item":"https:\/\/green-up.ch\/"},{"@type":"ListItem","position":2,"name":"Datenschutz"}]},{"@type":"WebSite","@id":"https:\/\/green-up.ch\/#website","url":"https:\/\/green-up.ch\/","name":"GreenUp","description":"Inspire, collaborate, empower.","publisher":{"@id":"https:\/\/green-up.ch\/#organization"},"potentialAction":[{"@type":"SearchAction","target":{"@type":"EntryPoint","urlTemplate":"https:\/\/green-up.ch\/?s={search_term_string}"},"query-input":{"@type":"PropertyValueSpecification","valueRequired":true,"valueName":"search_term_string"}}],"inLanguage":"de"},{"@type":"Organization","@id":"https:\/\/green-up.ch\/#organization","name":"GreeUp","url":"https:\/\/green-up.ch\/","logo":{"@type":"ImageObject","inLanguage":"de","@id":"https:\/\/green-up.ch\/#\/schema\/logo\/image\/","url":"https:\/\/green-up.ch\/wp-content\/uploads\/2021\/11\/greenuplogo_rond.png","contentUrl":"https:\/\/green-up.ch\/wp-content\/uploads\/2021\/11\/greenuplogo_rond.png","width":600,"height":595,"caption":"GreeUp"},"image":{"@id":"https:\/\/green-up.ch\/#\/schema\/logo\/image\/"},"sameAs":["https:\/\/m.facebook.com\/greenupswitzerland","https:\/\/www.instagram.com\/greenup.ch\/","https:\/\/www.linkedin.com\/company\/greenupswitzerland\/"]}]}},"_links":{"self":[{"href":"https:\/\/green-up.ch\/de\/wp-json\/wp\/v2\/pages\/4206","targetHints":{"allow":["GET"]}}],"collection":[{"href":"https:\/\/green-up.ch\/de\/wp-json\/wp\/v2\/pages"}],"about":[{"href":"https:\/\/green-up.ch\/de\/wp-json\/wp\/v2\/types\/page"}],"author":[{"embeddable":true,"href":"https:\/\/green-up.ch\/de\/wp-json\/wp\/v2\/users\/2"}],"replies":[{"embeddable":true,"href":"https:\/\/green-up.ch\/de\/wp-json\/wp\/v2\/comments?post=4206"}],"version-history":[{"count":4,"href":"https:\/\/green-up.ch\/de\/wp-json\/wp\/v2\/pages\/4206\/revisions"}],"predecessor-version":[{"id":12156,"href":"https:\/\/green-up.ch\/de\/wp-json\/wp\/v2\/pages\/4206\/revisions\/12156"}],"wp:attachment":[{"href":"https:\/\/green-up.ch\/de\/wp-json\/wp\/v2\/media?parent=4206"}],"curies":[{"name":"wp","href":"https:\/\/api.w.org\/{rel}","templated":true}]}}