{"id":22965,"date":"2026-01-13T01:46:32","date_gmt":"2026-01-13T01:46:32","guid":{"rendered":"https:\/\/green-up.ch\/ressourcen-2\/"},"modified":"2026-01-13T01:46:35","modified_gmt":"2026-01-13T01:46:35","slug":"ressourcen-2","status":"publish","type":"page","link":"https:\/\/green-up.ch\/de\/ressourcen-2\/","title":{"rendered":"Ressourcen"},"content":{"rendered":"<p>[et_pb_section fb_built=&#8220;1&#8243; fullwidth=&#8220;on&#8220; _builder_version=&#8220;4.27.4&#8243; _module_preset=&#8220;default&#8220; global_colors_info=&#8220;{}&#8220;][et_pb_fullwidth_header title=&#8220;Ressourcen&#8220; _builder_version=&#8220;4.27.4&#8243; _module_preset=&#8220;default&#8220; title_font_size=&#8220;78px&#8220; content_font_size=&#8220;32px&#8220; background_image=&#8220;https:\/\/green-up.ch\/wp-content\/uploads\/2026\/01\/Resources.png&#8220; hover_enabled=&#8220;0&#8243; title_text_shadow_style=&#8220;preset1&#8243; content_text_shadow_style=&#8220;preset3&#8243; global_colors_info=&#8220;{}&#8220; content_text_color=&#8220;#FFFFFF&#8220; sticky_enabled=&#8220;0&#8243;]<\/p>\n<p>Wie geht das?<\/p>\n<p><\/p>\n<p>Das ist eine Frage, die uns oft gestellt wird. In diesem Bereich unserer Website stellen wir Ihnen verschiedene Arten von Ressourcen zur Verf\u00fcgung. F\u00fcr Sie, Ihr Unternehmen und\/oder Ihre Gemeinde.<\/p>\n<p>[\/et_pb_fullwidth_header][\/et_pb_section][et_pb_section fb_built=&#8220;1&#8243; _builder_version=&#8220;4.27.4&#8243; _module_preset=&#8220;default&#8220; global_colors_info=&#8220;{}&#8220;][et_pb_row column_structure=&#8220;1_2,1_2&#8243; _builder_version=&#8220;4.27.4&#8243; _module_preset=&#8220;default&#8220; global_colors_info=&#8220;{}&#8220;][et_pb_column type=&#8220;1_2&#8243; _builder_version=&#8220;4.27.4&#8243; _module_preset=&#8220;default&#8220; global_colors_info=&#8220;{}&#8220;][et_pb_text _builder_version=&#8220;4.27.4&#8243; _module_preset=&#8220;default&#8220; global_colors_info=&#8220;{}&#8220;]<\/p>\n<h1>Gesch\u00e4fte auf regenerative Weise t\u00e4tigen&#8230; wie?<\/h1>\n<p>[\/et_pb_text][et_pb_text _builder_version=&#8220;4.27.4&#8243; _module_preset=&#8220;default&#8220; global_colors_info=&#8220;{}&#8220;]<\/p>\n<p>Das klingt grossartig, aber was bedeutet es, ein regeneratives Unternehmen zu sein oder zu werden? Was sind die Grunds\u00e4tze und M\u00f6glichkeiten? Weitere Informationen finden Sie auf unserer speziellen Webseite. &gt;&gt;<\/p>\n<p>[\/et_pb_text][et_pb_image src=&#8220;https:\/\/green-up.ch\/wp-content\/uploads\/2026\/01\/GreenUp_Regen_Business-Models.jpeg&#8220; title_text=&#8220;Final 1&#8243; url=&#8220;http:\/\/www.green-up.ch\/regenerative-business%20&#8243; _builder_version=&#8220;4.27.4&#8243; _module_preset=&#8220;default&#8220; border_radii=&#8220;on|18px|18px|18px|18px&#8220; global_colors_info=&#8220;{}&#8220;][\/et_pb_image][\/et_pb_column][et_pb_column type=&#8220;1_2&#8243; _builder_version=&#8220;4.27.4&#8243; _module_preset=&#8220;default&#8220; global_colors_info=&#8220;{}&#8220;][et_pb_text _builder_version=&#8220;4.27.4&#8243; _module_preset=&#8220;default&#8220; global_colors_info=&#8220;{}&#8220;]<\/p>\n<h1>7 praktische Ratgeber f\u00fcr ein einfacheres Leben<\/h1>\n<p>[\/et_pb_text][et_pb_text _builder_version=&#8220;4.27.4&#8243; _module_preset=&#8220;default&#8220; global_colors_info=&#8220;{}&#8220;]<\/p>\n<p>Wie lassen sich Produkte mit minimalem Abfallaufwand herstellen? Wie lassen sich Milchprodukte beim Kochen ersetzen, aber auch&#8230; wie k\u00f6nnen wir Wissen \u00fcber st\u00e4dtische Gr\u00fcnfl\u00e4chen und Biodiversit\u00e4t f\u00f6rdern und weitergeben?<\/p>\n<p>[\/et_pb_text][et_pb_image src=&#8220;https:\/\/green-up.ch\/wp-content\/uploads\/2026\/01\/Resources-1-e1768180065804.png&#8220; title_text=&#8220;Ressourcen&#8220; url=&#8220;https:\/\/green-up.ch\/de\/ressourcen\/&#8220; _builder_version=&#8220;4.27.4&#8243; _module_preset=&#8220;default&#8220; width=&#8220;100%&#8220; min_height=&#8220;316px&#8220; border_radii=&#8220;on|18px|18px|18px|18px&#8220; global_colors_info=&#8220;{}&#8220;][\/et_pb_image][\/et_pb_column][\/et_pb_row][\/et_pb_section]<\/p>\n","protected":false},"excerpt":{"rendered":"<p>Wie geht das?Das ist eine Frage, die uns oft gestellt wird. In diesem Bereich unserer Website stellen wir Ihnen verschiedene Arten von Ressourcen zur Verf\u00fcgung. F\u00fcr Sie, Ihr Unternehmen und\/oder [&hellip;]<\/p>\n","protected":false},"author":2,"featured_media":0,"parent":0,"menu_order":0,"comment_status":"closed","ping_status":"closed","template":"","meta":{"_et_pb_use_builder":"on","_et_pb_old_content":"","_et_gb_content_width":"","footnotes":""},"class_list":["post-22965","page","type-page","status-publish","hentry"],"yoast_head":"<!-- This site is optimized with the Yoast SEO plugin v27.3 - https:\/\/yoast.com\/product\/yoast-seo-wordpress\/ -->\n<title>Ressourcen | GreenUp<\/title>\n<meta name=\"robots\" content=\"index, follow, max-snippet:-1, max-image-preview:large, max-video-preview:-1\" \/>\n<link rel=\"canonical\" href=\"https:\/\/green-up.ch\/resources\/\" \/>\n<meta property=\"og:locale\" content=\"de_DE\" \/>\n<meta property=\"og:type\" content=\"article\" \/>\n<meta property=\"og:title\" content=\"Ressourcen | GreenUp\" \/>\n<meta property=\"og:description\" content=\"Wie geht das?Das ist eine Frage, die uns oft gestellt wird. In diesem Bereich unserer Website stellen wir Ihnen verschiedene Arten von Ressourcen zur Verf\u00fcgung. F\u00fcr Sie, Ihr Unternehmen und\/oder [&hellip;]\" \/>\n<meta property=\"og:url\" content=\"https:\/\/green-up.ch\/resources\/\" \/>\n<meta property=\"og:site_name\" content=\"GreenUp\" \/>\n<meta property=\"article:publisher\" content=\"https:\/\/m.facebook.com\/greenupswitzerland\" \/>\n<meta property=\"article:modified_time\" content=\"2026-01-13T01:46:35+00:00\" \/>\n<meta name=\"twitter:card\" content=\"summary_large_image\" \/>\n<meta name=\"twitter:label1\" content=\"Gesch\u00e4tzte Lesezeit\" \/>\n\t<meta name=\"twitter:data1\" content=\"2\u00a0Minuten\" \/>\n<script type=\"application\/ld+json\" class=\"yoast-schema-graph\">{\"@context\":\"https:\\\/\\\/schema.org\",\"@graph\":[{\"@type\":\"WebPage\",\"@id\":\"https:\\\/\\\/green-up.ch\\\/resources\\\/\",\"url\":\"https:\\\/\\\/green-up.ch\\\/resources\\\/\",\"name\":\"Ressourcen | GreenUp\",\"isPartOf\":{\"@id\":\"https:\\\/\\\/green-up.ch\\\/#website\"},\"datePublished\":\"2026-01-13T01:46:32+00:00\",\"dateModified\":\"2026-01-13T01:46:35+00:00\",\"breadcrumb\":{\"@id\":\"https:\\\/\\\/green-up.ch\\\/resources\\\/#breadcrumb\"},\"inLanguage\":\"de\",\"potentialAction\":[{\"@type\":\"ReadAction\",\"target\":[\"https:\\\/\\\/green-up.ch\\\/resources\\\/\"]}]},{\"@type\":\"BreadcrumbList\",\"@id\":\"https:\\\/\\\/green-up.ch\\\/resources\\\/#breadcrumb\",\"itemListElement\":[{\"@type\":\"ListItem\",\"position\":1,\"name\":\"Home\",\"item\":\"https:\\\/\\\/green-up.ch\\\/\"},{\"@type\":\"ListItem\",\"position\":2,\"name\":\"Ressourcen\"}]},{\"@type\":\"WebSite\",\"@id\":\"https:\\\/\\\/green-up.ch\\\/#website\",\"url\":\"https:\\\/\\\/green-up.ch\\\/\",\"name\":\"GreenUp\",\"description\":\"Inspire, collaborate, empower.\",\"publisher\":{\"@id\":\"https:\\\/\\\/green-up.ch\\\/#organization\"},\"potentialAction\":[{\"@type\":\"SearchAction\",\"target\":{\"@type\":\"EntryPoint\",\"urlTemplate\":\"https:\\\/\\\/green-up.ch\\\/?s={search_term_string}\"},\"query-input\":{\"@type\":\"PropertyValueSpecification\",\"valueRequired\":true,\"valueName\":\"search_term_string\"}}],\"inLanguage\":\"de\"},{\"@type\":\"Organization\",\"@id\":\"https:\\\/\\\/green-up.ch\\\/#organization\",\"name\":\"GreeUp\",\"url\":\"https:\\\/\\\/green-up.ch\\\/\",\"logo\":{\"@type\":\"ImageObject\",\"inLanguage\":\"de\",\"@id\":\"https:\\\/\\\/green-up.ch\\\/#\\\/schema\\\/logo\\\/image\\\/\",\"url\":\"https:\\\/\\\/green-up.ch\\\/wp-content\\\/uploads\\\/2021\\\/11\\\/greenuplogo_rond.png\",\"contentUrl\":\"https:\\\/\\\/green-up.ch\\\/wp-content\\\/uploads\\\/2021\\\/11\\\/greenuplogo_rond.png\",\"width\":600,\"height\":595,\"caption\":\"GreeUp\"},\"image\":{\"@id\":\"https:\\\/\\\/green-up.ch\\\/#\\\/schema\\\/logo\\\/image\\\/\"},\"sameAs\":[\"https:\\\/\\\/m.facebook.com\\\/greenupswitzerland\",\"https:\\\/\\\/www.instagram.com\\\/greenup.ch\\\/\",\"https:\\\/\\\/www.linkedin.com\\\/company\\\/greenupswitzerland\\\/\"]}]}<\/script>\n<!-- \/ Yoast SEO plugin. -->","yoast_head_json":{"title":"Ressourcen | GreenUp","robots":{"index":"index","follow":"follow","max-snippet":"max-snippet:-1","max-image-preview":"max-image-preview:large","max-video-preview":"max-video-preview:-1"},"canonical":"https:\/\/green-up.ch\/resources\/","og_locale":"de_DE","og_type":"article","og_title":"Ressourcen | GreenUp","og_description":"Wie geht das?Das ist eine Frage, die uns oft gestellt wird. In diesem Bereich unserer Website stellen wir Ihnen verschiedene Arten von Ressourcen zur Verf\u00fcgung. F\u00fcr Sie, Ihr Unternehmen und\/oder [&hellip;]","og_url":"https:\/\/green-up.ch\/resources\/","og_site_name":"GreenUp","article_publisher":"https:\/\/m.facebook.com\/greenupswitzerland","article_modified_time":"2026-01-13T01:46:35+00:00","twitter_card":"summary_large_image","twitter_misc":{"Gesch\u00e4tzte Lesezeit":"2\u00a0Minuten"},"schema":{"@context":"https:\/\/schema.org","@graph":[{"@type":"WebPage","@id":"https:\/\/green-up.ch\/resources\/","url":"https:\/\/green-up.ch\/resources\/","name":"Ressourcen | GreenUp","isPartOf":{"@id":"https:\/\/green-up.ch\/#website"},"datePublished":"2026-01-13T01:46:32+00:00","dateModified":"2026-01-13T01:46:35+00:00","breadcrumb":{"@id":"https:\/\/green-up.ch\/resources\/#breadcrumb"},"inLanguage":"de","potentialAction":[{"@type":"ReadAction","target":["https:\/\/green-up.ch\/resources\/"]}]},{"@type":"BreadcrumbList","@id":"https:\/\/green-up.ch\/resources\/#breadcrumb","itemListElement":[{"@type":"ListItem","position":1,"name":"Home","item":"https:\/\/green-up.ch\/"},{"@type":"ListItem","position":2,"name":"Ressourcen"}]},{"@type":"WebSite","@id":"https:\/\/green-up.ch\/#website","url":"https:\/\/green-up.ch\/","name":"GreenUp","description":"Inspire, collaborate, empower.","publisher":{"@id":"https:\/\/green-up.ch\/#organization"},"potentialAction":[{"@type":"SearchAction","target":{"@type":"EntryPoint","urlTemplate":"https:\/\/green-up.ch\/?s={search_term_string}"},"query-input":{"@type":"PropertyValueSpecification","valueRequired":true,"valueName":"search_term_string"}}],"inLanguage":"de"},{"@type":"Organization","@id":"https:\/\/green-up.ch\/#organization","name":"GreeUp","url":"https:\/\/green-up.ch\/","logo":{"@type":"ImageObject","inLanguage":"de","@id":"https:\/\/green-up.ch\/#\/schema\/logo\/image\/","url":"https:\/\/green-up.ch\/wp-content\/uploads\/2021\/11\/greenuplogo_rond.png","contentUrl":"https:\/\/green-up.ch\/wp-content\/uploads\/2021\/11\/greenuplogo_rond.png","width":600,"height":595,"caption":"GreeUp"},"image":{"@id":"https:\/\/green-up.ch\/#\/schema\/logo\/image\/"},"sameAs":["https:\/\/m.facebook.com\/greenupswitzerland","https:\/\/www.instagram.com\/greenup.ch\/","https:\/\/www.linkedin.com\/company\/greenupswitzerland\/"]}]}},"_links":{"self":[{"href":"https:\/\/green-up.ch\/de\/wp-json\/wp\/v2\/pages\/22965","targetHints":{"allow":["GET"]}}],"collection":[{"href":"https:\/\/green-up.ch\/de\/wp-json\/wp\/v2\/pages"}],"about":[{"href":"https:\/\/green-up.ch\/de\/wp-json\/wp\/v2\/types\/page"}],"author":[{"embeddable":true,"href":"https:\/\/green-up.ch\/de\/wp-json\/wp\/v2\/users\/2"}],"replies":[{"embeddable":true,"href":"https:\/\/green-up.ch\/de\/wp-json\/wp\/v2\/comments?post=22965"}],"version-history":[{"count":2,"href":"https:\/\/green-up.ch\/de\/wp-json\/wp\/v2\/pages\/22965\/revisions"}],"predecessor-version":[{"id":22967,"href":"https:\/\/green-up.ch\/de\/wp-json\/wp\/v2\/pages\/22965\/revisions\/22967"}],"wp:attachment":[{"href":"https:\/\/green-up.ch\/de\/wp-json\/wp\/v2\/media?parent=22965"}],"curies":[{"name":"wp","href":"https:\/\/api.w.org\/{rel}","templated":true}]}}