{"id":22962,"date":"2026-01-13T01:42:17","date_gmt":"2026-01-13T01:42:17","guid":{"rendered":"https:\/\/green-up.ch\/gosimple\/"},"modified":"2026-01-13T01:42:19","modified_gmt":"2026-01-13T01:42:19","slug":"gosimple","status":"publish","type":"page","link":"https:\/\/green-up.ch\/de\/gosimple\/","title":{"rendered":"GoSimple"},"content":{"rendered":"<p>[et_pb_section fb_built=&#8220;1&#8243; _builder_version=&#8220;4.27.4&#8243; _module_preset=&#8220;default&#8220; background_video_mp4=&#8220;https:\/\/green-up.ch\/wp-content\/uploads\/2025\/11\/Untitled-design-3-2.mp4&#8243; min_height=&#8220;555.4px&#8220; custom_margin=&#8220;||-155px|||&#8220; custom_padding=&#8220;||20px|||&#8220; global_colors_info=&#8220;{}&#8220;][et_pb_row _builder_version=&#8220;4.27.4&#8243; _module_preset=&#8220;default&#8220; global_colors_info=&#8220;{}&#8220;][et_pb_column type=&#8220;4_4&#8243; _builder_version=&#8220;4.27.4&#8243; _module_preset=&#8220;default&#8220; global_colors_info=&#8220;{}&#8220;][et_pb_heading title=&#8220;GoSimple&#8220; _builder_version=&#8220;4.27.4&#8243; _module_preset=&#8220;default&#8220; title_text_align=&#8220;left&#8220; title_text_color=&#8220;#FFFFFF&#8220; title_font_size=&#8220;70px&#8220; title_text_shadow_style=&#8220;preset1&#8243; global_colors_info=&#8220;{}&#8220;][\/et_pb_heading][\/et_pb_column][\/et_pb_row][et_pb_row _builder_version=&#8220;4.27.4&#8243; _module_preset=&#8220;default&#8220; global_colors_info=&#8220;{}&#8220;][et_pb_column type=&#8220;4_4&#8243; _builder_version=&#8220;4.27.4&#8243; _module_preset=&#8220;default&#8220; global_colors_info=&#8220;{}&#8220;][et_pb_text _builder_version=&#8220;4.27.4&#8243; _module_preset=&#8220;default&#8220; text_text_color=&#8220;#FFFFFF&#8220; text_font_size=&#8220;30px&#8220; text_text_shadow_style=&#8220;preset1&#8243; global_colors_info=&#8220;{}&#8220;]<\/p>\n<p>Ein naturpositives Leben einfach, gemeinschaftlich und transformativ gestalten<\/p>\n<p>[\/et_pb_text][\/et_pb_column][\/et_pb_row][\/et_pb_section][et_pb_section fb_built=&#8220;1&#8243; _builder_version=&#8220;4.27.4&#8243; _module_preset=&#8220;default&#8220; min_height=&#8220;2166px&#8220; global_colors_info=&#8220;{}&#8220;][et_pb_row _builder_version=&#8220;4.27.4&#8243; _module_preset=&#8220;default&#8220; global_colors_info=&#8220;{}&#8220;][et_pb_column type=&#8220;4_4&#8243; _builder_version=&#8220;4.27.4&#8243; _module_preset=&#8220;default&#8220; global_colors_info=&#8220;{}&#8220;][et_pb_text _builder_version=&#8220;4.27.4&#8243; _module_preset=&#8220;default&#8220; text_font_size=&#8220;19px&#8220; global_colors_info=&#8220;{}&#8220;]<\/p>\n<p>GoSimple basiert auf einer wichtigen Erkenntnis, die durch <a href=\"https:\/\/www.cambridge.org\/core\/journals\/behavioural-public-policy\/article\/exposure-to-individual-climate-solutions-does-not-reduce-support-for-systemic-solutions-a-crosscultural-study-in-australia-and-iran\/\">aktuelle Forschungsergebnisse<\/a> gest\u00fctzt wird: Individuelle und systemische Klimaschutzmassnahmen verst\u00e4rken sich gegenseitig.<\/p>\n<p><\/p>\n<p>Wenn Menschen in ihrem Alltag sinnvolle Ver\u00e4nderungen vornehmen, um Ressourcen sinnvoller zu nutzen, werden sie auch zu st\u00e4rkeren Bef\u00fcrwortern von Nachhaltigkeitsma\u00dfnahmen und gro\u00df angelegten Ver\u00e4nderungen, die die Gesellschaft voranbringen. Pers\u00f6nliches Handeln treibt systemische Ver\u00e4nderungen voran.<\/p>\n<p><\/p>\n<p>Seit 2021 setzt das von GreenUp ins Leben gerufene Projekt GoSimple dies mit zwei Ans\u00e4tzen in die Praxis um: dem \u201eHousehold Challenge Programme\u201d und dem \u201eCommunity Outreach Programme\u201d.<\/p>\n<p>[\/et_pb_text][\/et_pb_column][\/et_pb_row][et_pb_row _builder_version=&#8220;4.27.4&#8243; _module_preset=&#8220;default&#8220; custom_padding=&#8220;||0px|||&#8220; global_colors_info=&#8220;{}&#8220;][et_pb_column type=&#8220;4_4&#8243; _builder_version=&#8220;4.27.4&#8243; _module_preset=&#8220;default&#8220; global_colors_info=&#8220;{}&#8220;][et_pb_heading title=&#8220;Das Haushalts-Challenge-Programm&#8220; _builder_version=&#8220;4.27.4&#8243; _module_preset=&#8220;default&#8220; title_font_size=&#8220;32px&#8220; global_colors_info=&#8220;{}&#8220;][\/et_pb_heading][\/et_pb_column][\/et_pb_row][et_pb_row _builder_version=&#8220;4.27.4&#8243; _module_preset=&#8220;default&#8220; global_colors_info=&#8220;{}&#8220;][et_pb_column type=&#8220;4_4&#8243; _builder_version=&#8220;4.27.4&#8243; _module_preset=&#8220;default&#8220; global_colors_info=&#8220;{}&#8220;][et_pb_text _builder_version=&#8220;4.27.4&#8243; _module_preset=&#8220;default&#8220; text_font_size=&#8220;19px&#8220; global_colors_info=&#8220;{}&#8220;]<\/p>\n<p>Durch vier praktische Workshops, vier unterhaltsame monatliche Herausforderungen und die Unterst\u00fctzung einer gleichgesinnten Community hilft dieses j\u00e4hrliche Programm Haushalten dabei, nachhaltige Gewohnheiten zu entwickeln und zu Multiplikatoren positiver Ver\u00e4nderungen in ihrer Nachbarschaft, an ihrem Arbeitsplatz und in ihrer Gemeinde zu werden.<\/p>\n<p><\/p>\n<p>Bislang hat GoSimple 258 Teilnehmer aus 87 Haushalten zu Themen wie Reduzierung des \u00f6kologischen Fu\u00dfabdrucks, Kreislaufwirtschaft, Ern\u00e4hrung, Mobilit\u00e4t, bewusstes Leben, digitale Entgiftung und gemeinschaftliches Handeln zusammengebracht.<\/p>\n<p><\/p>\n<p>Die Ergebnisse sind beeindruckend, und noch bemerkenswerter ist, dass die Teilnehmer ihre neuen Gewohnheiten auch ein Jahr sp\u00e4ter beibehalten.<\/p>\n<p>[\/et_pb_text][\/et_pb_column][\/et_pb_row][et_pb_row column_structure=&#8220;1_4,1_4,1_4,1_4&#8243; _builder_version=&#8220;4.27.4&#8243; _module_preset=&#8220;default&#8220; global_colors_info=&#8220;{}&#8220;][et_pb_column type=&#8220;1_4&#8243; _builder_version=&#8220;4.27.4&#8243; _module_preset=&#8220;default&#8220; global_colors_info=&#8220;{}&#8220;][et_pb_circle_counter title=&#8220;Reduzierung des durchschnittlichen CO2-Fussabdrucks der Teilnehmer&#8220; number=&#8220;20%&#8220; _builder_version=&#8220;4.27.4&#8243; _module_preset=&#8220;default&#8220; global_colors_info=&#8220;{}&#8220;][\/et_pb_circle_counter][\/et_pb_column][et_pb_column type=&#8220;1_4&#8243; _builder_version=&#8220;4.27.4&#8243; _module_preset=&#8220;default&#8220; global_colors_info=&#8220;{}&#8220;][et_pb_circle_counter title=&#8220;der Teilnehmer nahmen einen ges\u00fcnderen Lebensstil an und f\u00fchlten sich motiviert, diesen fortzusetzen.&#8220; number=&#8220;100%&#8220; _builder_version=&#8220;4.27.4&#8243; _module_preset=&#8220;default&#8220; global_colors_info=&#8220;{}&#8220;][\/et_pb_circle_counter][\/et_pb_column][et_pb_column type=&#8220;1_4&#8243; _builder_version=&#8220;4.27.4&#8243; _module_preset=&#8220;default&#8220; global_colors_info=&#8220;{}&#8220;][et_pb_circle_counter title=&#8220;der TeilnehmerInnen w\u00fcrden GoSimple ihren Freunden weiterempfehlen&#8220; number=&#8220;94%&#8220; _builder_version=&#8220;4.27.4&#8243; _module_preset=&#8220;default&#8220; global_colors_info=&#8220;{}&#8220;][\/et_pb_circle_counter][\/et_pb_column][et_pb_column type=&#8220;1_4&#8243; _builder_version=&#8220;4.27.4&#8243; _module_preset=&#8220;default&#8220; global_colors_info=&#8220;{}&#8220;][et_pb_circle_counter title=&#8220;die Teilnehmenden werden zu Changemakern in ihren lokalen Gemeinschaften.&#8220; number=&#8220;25%&#8220; _builder_version=&#8220;4.27.4&#8243; _module_preset=&#8220;default&#8220; global_colors_info=&#8220;{}&#8220;][\/et_pb_circle_counter][\/et_pb_column][\/et_pb_row][et_pb_row _builder_version=&#8220;4.27.4&#8243; _module_preset=&#8220;default&#8220; custom_padding=&#8220;||5px|||&#8220; global_colors_info=&#8220;{}&#8220;][et_pb_column type=&#8220;4_4&#8243; _builder_version=&#8220;4.27.4&#8243; _module_preset=&#8220;default&#8220; global_colors_info=&#8220;{}&#8220;][et_pb_heading title=&#8220;Das Gemeinschaftsprogramm&#8220; _builder_version=&#8220;4.27.4&#8243; _module_preset=&#8220;default&#8220; title_font_size=&#8220;32px&#8220; global_colors_info=&#8220;{}&#8220;][\/et_pb_heading][\/et_pb_column][\/et_pb_row][et_pb_row _builder_version=&#8220;4.27.4&#8243; _module_preset=&#8220;default&#8220; global_colors_info=&#8220;{}&#8220;][et_pb_column type=&#8220;4_4&#8243; _builder_version=&#8220;4.27.4&#8243; _module_preset=&#8220;default&#8220; global_colors_info=&#8220;{}&#8220;][et_pb_text _builder_version=&#8220;4.27.4&#8243; _module_preset=&#8220;default&#8220; text_font_size=&#8220;19px&#8220; global_colors_info=&#8220;{}&#8220;]<\/p>\n<p>Zus\u00e4tzlich zum intensiven Challenge-Programm bieten wir einem breiteren Publikum die M\u00f6glichkeit, sich durch von Experten geleitete Online-Seminare, Pop-up-Workshops und gef\u00fchrte Besichtigungen lokaler Nachhaltigkeitsprojekte und -unternehmen mit nachhaltigem Leben auseinanderzusetzen.<\/p>\n<p><\/p>\n<p>Bisher haben wir Folgendes durchgef\u00fchrt:<\/p>\n<p><\/p>\n<ul>\n<li>10 Pr\u00e4senzveranstaltungen und Workshops f\u00fcr deutschsprachige und internationale Einwohner, darunter ein Fermentationsworkshop mit \u00fcber 600 Teilnehmern und gef\u00fchrte Besichtigungen lokaler Nachhaltigkeitsprojekte und -unternehmen.<\/li>\n<li>20 vertiefende Online-Talks in englischer und deutscher Sprache.<br \/>Ein Community-Climathon in verschiedenen Stadtvierteln.<\/li>\n<\/ul>\n<p>[\/et_pb_text][\/et_pb_column][\/et_pb_row][et_pb_row _builder_version=&#8220;4.27.4&#8243; _module_preset=&#8220;default&#8220; global_colors_info=&#8220;{}&#8220;][et_pb_column type=&#8220;4_4&#8243; _builder_version=&#8220;4.27.4&#8243; _module_preset=&#8220;default&#8220; global_colors_info=&#8220;{}&#8220;][et_pb_text _builder_version=&#8220;4.27.4&#8243; _module_preset=&#8220;default&#8220; text_font_size=&#8220;19px&#8220; global_colors_info=&#8220;{}&#8220;]<\/p>\n<p>Das GoSimple-Projekt wurde zun\u00e4chst in Basel ins Leben gerufen, wo es nun vollst\u00e4ndig entwickelt und auf Deutsch und Englisch verf\u00fcgbar ist. Unter dem folgenden Link finden Sie aktuelle Aktivit\u00e4ten an diesem Standort. Das Projekt soll 2026 in Lausanne auf Franz\u00f6sisch starten.<\/p>\n<p>[\/et_pb_text][\/et_pb_column][\/et_pb_row][et_pb_row column_structure=&#8220;1_2,1_2&#8243; _builder_version=&#8220;4.27.4&#8243; _module_preset=&#8220;default&#8220; border_radii=&#8220;on|30px|30px|30px|30px&#8220; global_colors_info=&#8220;{}&#8220;][et_pb_column type=&#8220;1_2&#8243; _builder_version=&#8220;4.27.4&#8243; _module_preset=&#8220;default&#8220; global_colors_info=&#8220;{}&#8220;][et_pb_cta title=&#8220;GoSimple in Basel&#8220; button_url=&#8220;https:\/\/www.gosimple.ch\/en&#8220; url_new_window=&#8220;on&#8220; button_text=&#8220;Mehr erfahren&#8220; _builder_version=&#8220;4.27.4&#8243; _module_preset=&#8220;default&#8220; background_color=&#8220;#00506E&#8220; custom_button=&#8220;on&#8220; button_text_size=&#8220;21px&#8220; button_text_color=&#8220;#FFFFFF&#8220; button_border_radius=&#8220;10px&#8220; custom_padding=&#8220;||39px|||&#8220; animation_style=&#8220;fade&#8220; border_radii=&#8220;on|30px|30px|30px|30px&#8220; box_shadow_style=&#8220;preset2&#8243; box_shadow_color=&#8220;#555555&#8243; global_colors_info=&#8220;{}&#8220;]<\/p>\n<p><img loading=\"lazy\" decoding=\"async\" src=\"https:\/\/green-up.ch\/wp-content\/uploads\/2025\/11\/Basel-1-300x169.png\" width=\"300\" height=\"169\" alt=\"\" class=\"wp-image-21717 alignnone size-medium\" \/><\/p>\n<p>[\/et_pb_cta][\/et_pb_column][et_pb_column type=&#8220;1_2&#8243; _builder_version=&#8220;4.27.4&#8243; _module_preset=&#8220;default&#8220; global_colors_info=&#8220;{}&#8220;][et_pb_cta title=&#8220;GoSimple in Lausanne&#8220; button_url=&#8220;http:\/\/http&#8220; url_new_window=&#8220;on&#8220; button_text=&#8220;Coming soon!&#8220; _builder_version=&#8220;4.27.4&#8243; _module_preset=&#8220;default&#8220; background_color=&#8220;#00506E&#8220; custom_button=&#8220;on&#8220; button_text_size=&#8220;21px&#8220; button_text_color=&#8220;#FFFFFF&#8220; button_border_color=&#8220;#FFFFFF&#8220; button_border_radius=&#8220;10px&#8220; min_height=&#8220;372.3px&#8220; animation_style=&#8220;fade&#8220; border_radii=&#8220;on|30px|30px|30px|30px&#8220; box_shadow_style=&#8220;preset2&#8243; box_shadow_color=&#8220;#555555&#8243; global_colors_info=&#8220;{}&#8220;]<\/p>\n<p><img loading=\"lazy\" decoding=\"async\" src=\"https:\/\/green-up.ch\/wp-content\/uploads\/2025\/11\/Lausanne-300x169.png\" width=\"300\" height=\"169\" alt=\"\" class=\"wp-image-21721 alignnone size-medium\" \/><\/p>\n<p>[\/et_pb_cta][\/et_pb_column][\/et_pb_row][\/et_pb_section]<\/p>\n","protected":false},"excerpt":{"rendered":"<p>Ein naturpositives Leben einfach, gemeinschaftlich und transformativ gestaltenGoSimple basiert auf einer wichtigen Erkenntnis, die durch aktuelle Forschungsergebnisse gest\u00fctzt wird: Individuelle und systemische Klimaschutzmassnahmen verst\u00e4rken sich gegenseitig.Wenn Menschen in ihrem Alltag [&hellip;]<\/p>\n","protected":false},"author":2,"featured_media":0,"parent":0,"menu_order":0,"comment_status":"closed","ping_status":"closed","template":"","meta":{"_et_pb_use_builder":"on","_et_pb_old_content":"","_et_gb_content_width":"","footnotes":""},"class_list":["post-22962","page","type-page","status-publish","hentry"],"yoast_head":"<!-- This site is optimized with the Yoast SEO plugin v27.5 - https:\/\/yoast.com\/product\/yoast-seo-wordpress\/ -->\n<title>GoSimple | GreenUp<\/title>\n<meta name=\"robots\" content=\"index, follow, max-snippet:-1, max-image-preview:large, max-video-preview:-1\" \/>\n<link rel=\"canonical\" href=\"https:\/\/green-up.ch\/gosimple\/\" \/>\n<meta property=\"og:locale\" content=\"de_DE\" \/>\n<meta property=\"og:type\" content=\"article\" \/>\n<meta property=\"og:title\" content=\"GoSimple | GreenUp\" \/>\n<meta property=\"og:description\" content=\"Ein naturpositives Leben einfach, gemeinschaftlich und transformativ gestaltenGoSimple basiert auf einer wichtigen Erkenntnis, die durch aktuelle Forschungsergebnisse gest\u00fctzt wird: Individuelle und systemische Klimaschutzmassnahmen verst\u00e4rken sich gegenseitig.Wenn Menschen in ihrem Alltag [&hellip;]\" \/>\n<meta property=\"og:url\" content=\"https:\/\/green-up.ch\/gosimple\/\" \/>\n<meta property=\"og:site_name\" content=\"GreenUp\" \/>\n<meta property=\"article:publisher\" content=\"https:\/\/m.facebook.com\/greenupswitzerland\" \/>\n<meta property=\"article:modified_time\" content=\"2026-01-13T01:42:19+00:00\" \/>\n<meta property=\"og:image\" content=\"https:\/\/green-up.ch\/wp-content\/uploads\/2025\/11\/Basel-1-1024x576.png\" \/>\n\t<meta property=\"og:image:width\" content=\"1024\" \/>\n\t<meta property=\"og:image:height\" content=\"576\" \/>\n\t<meta property=\"og:image:type\" content=\"image\/png\" \/>\n<meta name=\"twitter:card\" content=\"summary_large_image\" \/>\n<meta name=\"twitter:label1\" content=\"Gesch\u00e4tzte Lesezeit\" \/>\n\t<meta name=\"twitter:data1\" content=\"6\u00a0Minuten\" \/>\n<script type=\"application\/ld+json\" class=\"yoast-schema-graph\">{\"@context\":\"https:\\\/\\\/schema.org\",\"@graph\":[{\"@type\":\"WebPage\",\"@id\":\"https:\\\/\\\/green-up.ch\\\/gosimple\\\/\",\"url\":\"https:\\\/\\\/green-up.ch\\\/gosimple\\\/\",\"name\":\"GoSimple | GreenUp\",\"isPartOf\":{\"@id\":\"https:\\\/\\\/green-up.ch\\\/#website\"},\"primaryImageOfPage\":{\"@id\":\"https:\\\/\\\/green-up.ch\\\/gosimple\\\/#primaryimage\"},\"image\":{\"@id\":\"https:\\\/\\\/green-up.ch\\\/gosimple\\\/#primaryimage\"},\"thumbnailUrl\":\"https:\\\/\\\/green-up.ch\\\/wp-content\\\/uploads\\\/2025\\\/11\\\/Basel-1-300x169.png\",\"datePublished\":\"2026-01-13T01:42:17+00:00\",\"dateModified\":\"2026-01-13T01:42:19+00:00\",\"breadcrumb\":{\"@id\":\"https:\\\/\\\/green-up.ch\\\/gosimple\\\/#breadcrumb\"},\"inLanguage\":\"de\",\"potentialAction\":[{\"@type\":\"ReadAction\",\"target\":[\"https:\\\/\\\/green-up.ch\\\/gosimple\\\/\"]}]},{\"@type\":\"ImageObject\",\"inLanguage\":\"de\",\"@id\":\"https:\\\/\\\/green-up.ch\\\/gosimple\\\/#primaryimage\",\"url\":\"https:\\\/\\\/green-up.ch\\\/wp-content\\\/uploads\\\/2025\\\/11\\\/Basel-1-300x169.png\",\"contentUrl\":\"https:\\\/\\\/green-up.ch\\\/wp-content\\\/uploads\\\/2025\\\/11\\\/Basel-1-300x169.png\"},{\"@type\":\"BreadcrumbList\",\"@id\":\"https:\\\/\\\/green-up.ch\\\/gosimple\\\/#breadcrumb\",\"itemListElement\":[{\"@type\":\"ListItem\",\"position\":1,\"name\":\"Home\",\"item\":\"https:\\\/\\\/green-up.ch\\\/\"},{\"@type\":\"ListItem\",\"position\":2,\"name\":\"GoSimple\"}]},{\"@type\":\"WebSite\",\"@id\":\"https:\\\/\\\/green-up.ch\\\/#website\",\"url\":\"https:\\\/\\\/green-up.ch\\\/\",\"name\":\"GreenUp\",\"description\":\"Inspire, collaborate, empower.\",\"publisher\":{\"@id\":\"https:\\\/\\\/green-up.ch\\\/#organization\"},\"potentialAction\":[{\"@type\":\"SearchAction\",\"target\":{\"@type\":\"EntryPoint\",\"urlTemplate\":\"https:\\\/\\\/green-up.ch\\\/?s={search_term_string}\"},\"query-input\":{\"@type\":\"PropertyValueSpecification\",\"valueRequired\":true,\"valueName\":\"search_term_string\"}}],\"inLanguage\":\"de\"},{\"@type\":\"Organization\",\"@id\":\"https:\\\/\\\/green-up.ch\\\/#organization\",\"name\":\"GreeUp\",\"url\":\"https:\\\/\\\/green-up.ch\\\/\",\"logo\":{\"@type\":\"ImageObject\",\"inLanguage\":\"de\",\"@id\":\"https:\\\/\\\/green-up.ch\\\/#\\\/schema\\\/logo\\\/image\\\/\",\"url\":\"https:\\\/\\\/green-up.ch\\\/wp-content\\\/uploads\\\/2021\\\/11\\\/greenuplogo_rond.png\",\"contentUrl\":\"https:\\\/\\\/green-up.ch\\\/wp-content\\\/uploads\\\/2021\\\/11\\\/greenuplogo_rond.png\",\"width\":600,\"height\":595,\"caption\":\"GreeUp\"},\"image\":{\"@id\":\"https:\\\/\\\/green-up.ch\\\/#\\\/schema\\\/logo\\\/image\\\/\"},\"sameAs\":[\"https:\\\/\\\/m.facebook.com\\\/greenupswitzerland\",\"https:\\\/\\\/www.instagram.com\\\/greenup.ch\\\/\",\"https:\\\/\\\/www.linkedin.com\\\/company\\\/greenupswitzerland\\\/\"]}]}<\/script>\n<!-- \/ Yoast SEO plugin. -->","yoast_head_json":{"title":"GoSimple | GreenUp","robots":{"index":"index","follow":"follow","max-snippet":"max-snippet:-1","max-image-preview":"max-image-preview:large","max-video-preview":"max-video-preview:-1"},"canonical":"https:\/\/green-up.ch\/gosimple\/","og_locale":"de_DE","og_type":"article","og_title":"GoSimple | GreenUp","og_description":"Ein naturpositives Leben einfach, gemeinschaftlich und transformativ gestaltenGoSimple basiert auf einer wichtigen Erkenntnis, die durch aktuelle Forschungsergebnisse gest\u00fctzt wird: Individuelle und systemische Klimaschutzmassnahmen verst\u00e4rken sich gegenseitig.Wenn Menschen in ihrem Alltag [&hellip;]","og_url":"https:\/\/green-up.ch\/gosimple\/","og_site_name":"GreenUp","article_publisher":"https:\/\/m.facebook.com\/greenupswitzerland","article_modified_time":"2026-01-13T01:42:19+00:00","og_image":[{"width":1024,"height":576,"url":"https:\/\/green-up.ch\/wp-content\/uploads\/2025\/11\/Basel-1-1024x576.png","type":"image\/png"}],"twitter_card":"summary_large_image","twitter_misc":{"Gesch\u00e4tzte Lesezeit":"6\u00a0Minuten"},"schema":{"@context":"https:\/\/schema.org","@graph":[{"@type":"WebPage","@id":"https:\/\/green-up.ch\/gosimple\/","url":"https:\/\/green-up.ch\/gosimple\/","name":"GoSimple | GreenUp","isPartOf":{"@id":"https:\/\/green-up.ch\/#website"},"primaryImageOfPage":{"@id":"https:\/\/green-up.ch\/gosimple\/#primaryimage"},"image":{"@id":"https:\/\/green-up.ch\/gosimple\/#primaryimage"},"thumbnailUrl":"https:\/\/green-up.ch\/wp-content\/uploads\/2025\/11\/Basel-1-300x169.png","datePublished":"2026-01-13T01:42:17+00:00","dateModified":"2026-01-13T01:42:19+00:00","breadcrumb":{"@id":"https:\/\/green-up.ch\/gosimple\/#breadcrumb"},"inLanguage":"de","potentialAction":[{"@type":"ReadAction","target":["https:\/\/green-up.ch\/gosimple\/"]}]},{"@type":"ImageObject","inLanguage":"de","@id":"https:\/\/green-up.ch\/gosimple\/#primaryimage","url":"https:\/\/green-up.ch\/wp-content\/uploads\/2025\/11\/Basel-1-300x169.png","contentUrl":"https:\/\/green-up.ch\/wp-content\/uploads\/2025\/11\/Basel-1-300x169.png"},{"@type":"BreadcrumbList","@id":"https:\/\/green-up.ch\/gosimple\/#breadcrumb","itemListElement":[{"@type":"ListItem","position":1,"name":"Home","item":"https:\/\/green-up.ch\/"},{"@type":"ListItem","position":2,"name":"GoSimple"}]},{"@type":"WebSite","@id":"https:\/\/green-up.ch\/#website","url":"https:\/\/green-up.ch\/","name":"GreenUp","description":"Inspire, collaborate, empower.","publisher":{"@id":"https:\/\/green-up.ch\/#organization"},"potentialAction":[{"@type":"SearchAction","target":{"@type":"EntryPoint","urlTemplate":"https:\/\/green-up.ch\/?s={search_term_string}"},"query-input":{"@type":"PropertyValueSpecification","valueRequired":true,"valueName":"search_term_string"}}],"inLanguage":"de"},{"@type":"Organization","@id":"https:\/\/green-up.ch\/#organization","name":"GreeUp","url":"https:\/\/green-up.ch\/","logo":{"@type":"ImageObject","inLanguage":"de","@id":"https:\/\/green-up.ch\/#\/schema\/logo\/image\/","url":"https:\/\/green-up.ch\/wp-content\/uploads\/2021\/11\/greenuplogo_rond.png","contentUrl":"https:\/\/green-up.ch\/wp-content\/uploads\/2021\/11\/greenuplogo_rond.png","width":600,"height":595,"caption":"GreeUp"},"image":{"@id":"https:\/\/green-up.ch\/#\/schema\/logo\/image\/"},"sameAs":["https:\/\/m.facebook.com\/greenupswitzerland","https:\/\/www.instagram.com\/greenup.ch\/","https:\/\/www.linkedin.com\/company\/greenupswitzerland\/"]}]}},"_links":{"self":[{"href":"https:\/\/green-up.ch\/de\/wp-json\/wp\/v2\/pages\/22962","targetHints":{"allow":["GET"]}}],"collection":[{"href":"https:\/\/green-up.ch\/de\/wp-json\/wp\/v2\/pages"}],"about":[{"href":"https:\/\/green-up.ch\/de\/wp-json\/wp\/v2\/types\/page"}],"author":[{"embeddable":true,"href":"https:\/\/green-up.ch\/de\/wp-json\/wp\/v2\/users\/2"}],"replies":[{"embeddable":true,"href":"https:\/\/green-up.ch\/de\/wp-json\/wp\/v2\/comments?post=22962"}],"version-history":[{"count":2,"href":"https:\/\/green-up.ch\/de\/wp-json\/wp\/v2\/pages\/22962\/revisions"}],"predecessor-version":[{"id":22964,"href":"https:\/\/green-up.ch\/de\/wp-json\/wp\/v2\/pages\/22962\/revisions\/22964"}],"wp:attachment":[{"href":"https:\/\/green-up.ch\/de\/wp-json\/wp\/v2\/media?parent=22962"}],"curies":[{"name":"wp","href":"https:\/\/api.w.org\/{rel}","templated":true}]}}