{"id":22958,"date":"2026-01-13T01:32:56","date_gmt":"2026-01-13T01:32:56","guid":{"rendered":"https:\/\/green-up.ch\/davos-community\/"},"modified":"2026-02-02T12:38:45","modified_gmt":"2026-02-02T12:38:45","slug":"davos-community","status":"publish","type":"page","link":"https:\/\/green-up.ch\/de\/davos-community\/","title":{"rendered":"Davoser Gemeinschaft"},"content":{"rendered":"<p>[et_pb_section fb_built=&#8220;1&#8243; fullwidth=&#8220;on&#8220; _builder_version=&#8220;4.27.4&#8243; _module_preset=&#8220;default&#8220; global_colors_info=&#8220;{}&#8220;][et_pb_fullwidth_header title=&#8220;Davoser Gemeinschaft&#8220; button_one_text=&#8220;Buche das GreenHubDavos &#8220; button_one_url=&#8220;https:\/\/green-up.ch\/de\/greenhub\/&#8220; _builder_version=&#8220;4.27.4&#8243; _module_preset=&#8220;default&#8220; title_font_size=&#8220;78px&#8220; content_font_size=&#8220;34px&#8220; background_image=&#8220;https:\/\/green-up.ch\/wp-content\/uploads\/2026\/01\/Davos-Community_Header.png&#8220; custom_padding=&#8220;||310px|||&#8220; hover_enabled=&#8220;0&#8243; title_text_shadow_style=&#8220;preset1&#8243; content_text_shadow_style=&#8220;preset1&#8243; global_colors_info=&#8220;{}&#8220; text_shadow_style=&#8220;preset5&#8243; sticky_enabled=&#8220;0&#8243;]<\/p>\n<p>Damit \u201eNachhaltigkeit in Davos aufbl\u00fcht\u201c<\/p>\n<p>[\/et_pb_fullwidth_header][\/et_pb_section][et_pb_section fb_built=&#8220;1&#8243; _builder_version=&#8220;4.16&#8243; _module_preset=&#8220;default&#8220; custom_padding=&#8220;10px||5px|||&#8220; global_colors_info=&#8220;{}&#8220;][\/et_pb_section][et_pb_section fb_built=&#8220;1&#8243; _builder_version=&#8220;4.16&#8243; _module_preset=&#8220;default&#8220; background_color=&#8220;RGBA(0,0,0,0)&#8220; background_color_gradient_direction=&#8220;90deg&#8220; min_height=&#8220;549.6px&#8220; custom_padding=&#8220;0px||22px|||&#8220; global_colors_info=&#8220;{}&#8220;][et_pb_row column_structure=&#8220;1_2,1_2&#8243; _builder_version=&#8220;4.16&#8243; _module_preset=&#8220;default&#8220; global_colors_info=&#8220;{}&#8220;][et_pb_column type=&#8220;1_2&#8243; _builder_version=&#8220;4.16&#8243; _module_preset=&#8220;default&#8220; global_colors_info=&#8220;{}&#8220;][et_pb_image src=&#8220;https:\/\/green-up.ch\/wp-content\/uploads\/2022\/12\/GreenHub_all-scaled.jpg&#8220; alt=&#8220;GreenHub_Davos&#8220; title_text=&#8220;GreenHub&#8220; force_fullwidth=&#8220;on&#8220; _builder_version=&#8220;4.18.1&#8243; max_width_tablet=&#8220;100%&#8220; max_width_phone=&#8220;&#8220; max_width_last_edited=&#8220;on|desktop&#8220; border_radii=&#8220;on|30px|30px|30px|30px&#8220; locked=&#8220;off&#8220; global_colors_info=&#8220;{}&#8220;][\/et_pb_image][et_pb_text _builder_version=&#8220;4.27.4&#8243; _module_preset=&#8220;default&#8220; global_colors_info=&#8220;{}&#8220;]<\/p>\n<p>Der Hub ist t\u00e4glich f\u00fcr Coworking ge\u00f6ffnet und kann f\u00fcr Veranstaltungen gebucht werden. Preise und weitere Informationen finden Sie auf <a href=\"https:\/\/green-up.ch\/de\/greenhub\/\"><strong>unserer speziellen Website<\/strong><\/a> &gt;&gt;<\/p>\n<p><\/p>\n<p>3x pro Woche f\u00fcr 2 Stunden sind wir f\u00fcr alle ge\u00f6ffnet:<\/p>\n<p><\/p>\n<p>Dienstag: 13.30 &#8211; 15.30 Uhr<br \/>Mittwoch: 9.00 &#8211; 11.00 Uhr<br \/>Donnerstag: 16.00 &#8211; 18.00 Uhr<br \/>Was bieten wir?<\/p>\n<p><\/p>\n<p>CO-WORKING &amp; EVENTRAUM: Unser heller Raum verf\u00fcgt \u00fcber verschiedene Schreibtische\/Tische, einen Fernseher mit HDMI-Anschluss, eine kleine K\u00fcche mit Backofen, Mikrowelle, Kaffeemaschine und Wasserkocher. Eine professionelle Pr\u00e4sentationsausstattung mit Beamer und Leinwand, Highspeed-Internet.<\/p>\n<p><\/p>\n<p>TAUSCHB\u00d6RSE: Tausche gebrauchte Gegenst\u00e4nde! Einen Toaster gegen ein Raclette-Ger\u00e4t, eine Lampe gegen einen Helm oder kaufe ein paar Jeans gegen eine Spende. So nutzen wir unsere Ressourcen immer wieder!<\/p>\n<p><\/p>\n<p>BERATUNG: Wir unterst\u00fctzen bei der Einrichtung und Durchf\u00fchrung nachhaltiger Projekte und beraten B\u00fcrgerInnen zu einem ressourcenschonenden Lebensstil in Davos.<\/p>\n<p>[\/et_pb_text][\/et_pb_column][et_pb_column type=&#8220;1_2&#8243; _builder_version=&#8220;4.16&#8243; _module_preset=&#8220;default&#8220; global_colors_info=&#8220;{}&#8220;][et_pb_text _builder_version=&#8220;4.21.0&#8243; _module_preset=&#8220;default&#8220; global_colors_info=&#8220;{}&#8220;]<\/p>\n<h1><span style=\"text-decoration: underline;\"><span style=\"color: #008c87;\"><strong><span style=\"color: #00506e; text-decoration: underline;\">Projekte &amp; Aktivit\u00e4ten<\/span><\/strong><\/span><\/span><\/h1>\n<p>[\/et_pb_text][et_pb_text _builder_version=&#8220;4.27.4&#8243; _module_preset=&#8220;default&#8220; global_colors_info=&#8220;{}&#8220;]<\/p>\n<p>Wir bieten verschiedene Projekte und Aktivit\u00e4ten das ganze Jahr \u00fcber an, die sich auf Kreislaufwirtschaft, Biodiversit\u00e4t und Stadtbegr\u00fcnung sowie regenerative Gesch\u00e4ftsmodelle konzentrieren:<\/p>\n<p><\/p>\n<ul>\n<li>Gr\u00fcn-2-Gr\u00fcn Bio-Abfall-L\u00f6sungen<\/li>\n<li>GreenShare-Shop f\u00fcr Wiederverwendung<\/li>\n<li>Biodiversit\u00e4ts-Gartenkurs und Workshops<\/li>\n<li>Workshops Kreislaufwirtschaft<\/li>\n<li>GreenShare (Unternehmen)<\/li>\n<li>Climate Hub Davos<\/li>\n<li>Circular Economy Switzerland (CES) \u2013 RegiokreisGraub\u00fcnden<\/li>\n<\/ul>\n<p>[\/et_pb_text][et_pb_text _builder_version=&#8220;4.27.4&#8243; _module_preset=&#8220;default&#8220; global_colors_info=&#8220;{}&#8220;]<\/p>\n<p><strong>Bioabf\u00e4lle aus Haushalten \u2013 \u201eGr\u00fcn zu Gr\u00fcn\u201c<\/strong><\/p>\n<p>[\/et_pb_text][et_pb_image src=&#8220;https:\/\/green-up.ch\/wp-content\/uploads\/2024\/02\/2.png&#8220; title_text=&#8220;2&#8243; url=&#8220;https:\/\/green-up.ch\/de\/project\/gruen-zu-gruen\/&#8220; _builder_version=&#8220;4.27.4&#8243; _module_preset=&#8220;default&#8220; width=&#8220;100%&#8220; border_radii=&#8220;on|19px|19px|19px|19px&#8220; global_colors_info=&#8220;{}&#8220;][\/et_pb_image][et_pb_text _builder_version=&#8220;4.22.2&#8243; _module_preset=&#8220;default&#8220; global_colors_info=&#8220;{}&#8220;]<\/p>\n<p>Davos verf\u00fcgt \u00fcber keine zentralisierten M\u00f6glichkeiten f\u00fcr die Entsorgung organischer Abf\u00e4lle. Die beste Verwendung f\u00fcr unsere organischen Abf\u00e4lle ist die Umwandlung in Kompost f\u00fcr gesunde B\u00f6den. Im Dezember 2021 haben wir ein Pilotprojekt mit der Biogasanlage Duchli gestartet und bauen dieses nun gemeinsam mit der Gemeinde Davos aus, um L\u00f6sungen f\u00fcr ganz Davos zu schaffen.<\/p>\n<p>[\/et_pb_text][\/et_pb_column][\/et_pb_row][\/et_pb_section][et_pb_section fb_built=&#8220;1&#8243; _builder_version=&#8220;4.27.4&#8243; _module_preset=&#8220;default&#8220; custom_padding=&#8220;||16px|||&#8220; global_colors_info=&#8220;{}&#8220;][et_pb_row _builder_version=&#8220;4.27.4&#8243; _module_preset=&#8220;default&#8220; global_colors_info=&#8220;{}&#8220;][et_pb_column type=&#8220;4_4&#8243; _builder_version=&#8220;4.27.4&#8243; _module_preset=&#8220;default&#8220; global_colors_info=&#8220;{}&#8220;][et_pb_text _builder_version=&#8220;4.21.0&#8243; _module_preset=&#8220;default&#8220; global_colors_info=&#8220;{}&#8220;]<\/p>\n<h1><span style=\"text-decoration: underline;\"><span style=\"color: #008c87;\"><strong><span style=\"color: #00506e; text-decoration: underline;\">Wirkung<\/span><\/strong><\/span><\/span><\/h1>\n<p>[\/et_pb_text][et_pb_text _builder_version=&#8220;4.27.4&#8243; _module_preset=&#8220;default&#8220; global_colors_info=&#8220;{}&#8220;]<\/p>\n<p>Seit Beginn unserer Aktivit\u00e4ten im Jahr 2016 haben wir viel erreicht<\/p>\n<p><\/p>\n<p>Wir haben lokale Projekte ins Leben gerufen, die Menschen in ihrem Alltag helfen, wie beispielsweise die ReparierBar und den Stadtgarten Davos, der mittlerweile ein eigenst\u00e4ndiger Verein ist. <br \/>Viele verschiedene Workshops und Veranstaltungen das ganze Jahr \u00fcber \u2013 von \u00f6ffentlichen Tauschb\u00f6rsen \u00fcber Fermentations- und Zero-Waste-Workshops bis hin zu einem Bio-Gartenkurs, einem Snow Pubquiz und Kursen zum Sammeln von Wildpflanzen. Insgesamt rund 100.<\/p>\n<p>[\/et_pb_text][\/et_pb_column][\/et_pb_row][\/et_pb_section][et_pb_section fb_built=&#8220;1&#8243; _builder_version=&#8220;4.16&#8243; _module_preset=&#8220;default&#8220; global_colors_info=&#8220;{}&#8220;][et_pb_row _builder_version=&#8220;4.22.2&#8243; _module_preset=&#8220;default&#8220; global_colors_info=&#8220;{}&#8220;][et_pb_column type=&#8220;4_4&#8243; _builder_version=&#8220;4.22.2&#8243; _module_preset=&#8220;default&#8220; global_colors_info=&#8220;{}&#8220;]<\/p>\n<p>[et_pb_gallery gallery_ids=&#8220;14851,14855,14859,14863,14867&#8243; fullwidth=&#8220;on&#8220; _builder_version=&#8220;4.22.2&#8243; _module_preset=&#8220;default&#8220; animation_style=&#8220;slide&#8220; animation_direction=&#8220;left&#8220; animation_duration=&#8220;1450ms&#8220; global_colors_info=&#8220;{}&#8220;][\/et_pb_gallery]<\/p>\n<p>[\/et_pb_column][\/et_pb_row][\/et_pb_section][et_pb_section fb_built=&#8220;1&#8243; _builder_version=&#8220;4.16&#8243; _module_preset=&#8220;default&#8220; custom_padding=&#8220;0px|||||&#8220; global_colors_info=&#8220;{}&#8220;][et_pb_row _builder_version=&#8220;4.16&#8243; _module_preset=&#8220;default&#8220; global_colors_info=&#8220;{}&#8220;][et_pb_column type=&#8220;4_4&#8243; _builder_version=&#8220;4.16&#8243; _module_preset=&#8220;default&#8220; global_colors_info=&#8220;{}&#8220;][et_pb_image src=&#8220;https:\/\/green-up.ch\/wp-content\/uploads\/2022\/02\/Partners_GreenHub.png&#8220; title_text=&#8220;Partner_GreenHub&#8220; force_fullwidth=&#8220;on&#8220; _builder_version=&#8220;4.16&#8243; max_width_tablet=&#8220;100%&#8220; max_width_phone=&#8220;&#8220; max_width_last_edited=&#8220;on|desktop&#8220; custom_margin=&#8220;30px||||false|false&#8220; border_radii=&#8220;on|30px|30px|30px|30px&#8220; locked=&#8220;off&#8220; global_colors_info=&#8220;{}&#8220;][\/et_pb_image][\/et_pb_column][\/et_pb_row][\/et_pb_section]<\/p>\n","protected":false},"excerpt":{"rendered":"<p>Damit \u201eNachhaltigkeit in Davos aufbl\u00fcht\u201cDer Hub ist t\u00e4glich f\u00fcr Coworking ge\u00f6ffnet und kann f\u00fcr Veranstaltungen gebucht werden. Preise und weitere Informationen finden Sie auf unserer speziellen Website &gt;&gt;3x pro Woche [&hellip;]<\/p>\n","protected":false},"author":2,"featured_media":0,"parent":0,"menu_order":0,"comment_status":"closed","ping_status":"closed","template":"","meta":{"_et_pb_use_builder":"on","_et_pb_old_content":"","_et_gb_content_width":"","footnotes":""},"class_list":["post-22958","page","type-page","status-publish","hentry"],"yoast_head":"<!-- This site is optimized with the Yoast SEO plugin v27.5 - https:\/\/yoast.com\/product\/yoast-seo-wordpress\/ -->\n<title>Davoser Gemeinschaft | GreenUp<\/title>\n<meta name=\"robots\" content=\"index, follow, max-snippet:-1, max-image-preview:large, max-video-preview:-1\" \/>\n<link rel=\"canonical\" href=\"https:\/\/green-up.ch\/davos-community\/\" \/>\n<meta property=\"og:locale\" content=\"de_DE\" \/>\n<meta property=\"og:type\" content=\"article\" \/>\n<meta property=\"og:title\" content=\"Davoser Gemeinschaft | GreenUp\" \/>\n<meta property=\"og:description\" content=\"Damit \u201eNachhaltigkeit in Davos aufbl\u00fcht\u201cDer Hub ist t\u00e4glich f\u00fcr Coworking ge\u00f6ffnet und kann f\u00fcr Veranstaltungen gebucht werden. Preise und weitere Informationen finden Sie auf unserer speziellen Website &gt;&gt;3x pro Woche [&hellip;]\" \/>\n<meta property=\"og:url\" content=\"https:\/\/green-up.ch\/davos-community\/\" \/>\n<meta property=\"og:site_name\" content=\"GreenUp\" \/>\n<meta property=\"article:publisher\" content=\"https:\/\/m.facebook.com\/greenupswitzerland\" \/>\n<meta property=\"article:modified_time\" content=\"2026-02-02T12:38:45+00:00\" \/>\n<meta name=\"twitter:card\" content=\"summary_large_image\" \/>\n<meta name=\"twitter:label1\" content=\"Gesch\u00e4tzte Lesezeit\" \/>\n\t<meta name=\"twitter:data1\" content=\"5\u00a0Minuten\" \/>\n<script type=\"application\/ld+json\" class=\"yoast-schema-graph\">{\"@context\":\"https:\\\/\\\/schema.org\",\"@graph\":[{\"@type\":\"WebPage\",\"@id\":\"https:\\\/\\\/green-up.ch\\\/davos-community\\\/\",\"url\":\"https:\\\/\\\/green-up.ch\\\/davos-community\\\/\",\"name\":\"Davoser Gemeinschaft | GreenUp\",\"isPartOf\":{\"@id\":\"https:\\\/\\\/green-up.ch\\\/#website\"},\"datePublished\":\"2026-01-13T01:32:56+00:00\",\"dateModified\":\"2026-02-02T12:38:45+00:00\",\"breadcrumb\":{\"@id\":\"https:\\\/\\\/green-up.ch\\\/davos-community\\\/#breadcrumb\"},\"inLanguage\":\"de\",\"potentialAction\":[{\"@type\":\"ReadAction\",\"target\":[\"https:\\\/\\\/green-up.ch\\\/davos-community\\\/\"]}]},{\"@type\":\"BreadcrumbList\",\"@id\":\"https:\\\/\\\/green-up.ch\\\/davos-community\\\/#breadcrumb\",\"itemListElement\":[{\"@type\":\"ListItem\",\"position\":1,\"name\":\"Home\",\"item\":\"https:\\\/\\\/green-up.ch\\\/\"},{\"@type\":\"ListItem\",\"position\":2,\"name\":\"Davoser Gemeinschaft\"}]},{\"@type\":\"WebSite\",\"@id\":\"https:\\\/\\\/green-up.ch\\\/#website\",\"url\":\"https:\\\/\\\/green-up.ch\\\/\",\"name\":\"GreenUp\",\"description\":\"Inspire, collaborate, empower.\",\"publisher\":{\"@id\":\"https:\\\/\\\/green-up.ch\\\/#organization\"},\"potentialAction\":[{\"@type\":\"SearchAction\",\"target\":{\"@type\":\"EntryPoint\",\"urlTemplate\":\"https:\\\/\\\/green-up.ch\\\/?s={search_term_string}\"},\"query-input\":{\"@type\":\"PropertyValueSpecification\",\"valueRequired\":true,\"valueName\":\"search_term_string\"}}],\"inLanguage\":\"de\"},{\"@type\":\"Organization\",\"@id\":\"https:\\\/\\\/green-up.ch\\\/#organization\",\"name\":\"GreeUp\",\"url\":\"https:\\\/\\\/green-up.ch\\\/\",\"logo\":{\"@type\":\"ImageObject\",\"inLanguage\":\"de\",\"@id\":\"https:\\\/\\\/green-up.ch\\\/#\\\/schema\\\/logo\\\/image\\\/\",\"url\":\"https:\\\/\\\/green-up.ch\\\/wp-content\\\/uploads\\\/2021\\\/11\\\/greenuplogo_rond.png\",\"contentUrl\":\"https:\\\/\\\/green-up.ch\\\/wp-content\\\/uploads\\\/2021\\\/11\\\/greenuplogo_rond.png\",\"width\":600,\"height\":595,\"caption\":\"GreeUp\"},\"image\":{\"@id\":\"https:\\\/\\\/green-up.ch\\\/#\\\/schema\\\/logo\\\/image\\\/\"},\"sameAs\":[\"https:\\\/\\\/m.facebook.com\\\/greenupswitzerland\",\"https:\\\/\\\/www.instagram.com\\\/greenup.ch\\\/\",\"https:\\\/\\\/www.linkedin.com\\\/company\\\/greenupswitzerland\\\/\"]}]}<\/script>\n<!-- \/ Yoast SEO plugin. -->","yoast_head_json":{"title":"Davoser Gemeinschaft | GreenUp","robots":{"index":"index","follow":"follow","max-snippet":"max-snippet:-1","max-image-preview":"max-image-preview:large","max-video-preview":"max-video-preview:-1"},"canonical":"https:\/\/green-up.ch\/davos-community\/","og_locale":"de_DE","og_type":"article","og_title":"Davoser Gemeinschaft | GreenUp","og_description":"Damit \u201eNachhaltigkeit in Davos aufbl\u00fcht\u201cDer Hub ist t\u00e4glich f\u00fcr Coworking ge\u00f6ffnet und kann f\u00fcr Veranstaltungen gebucht werden. Preise und weitere Informationen finden Sie auf unserer speziellen Website &gt;&gt;3x pro Woche [&hellip;]","og_url":"https:\/\/green-up.ch\/davos-community\/","og_site_name":"GreenUp","article_publisher":"https:\/\/m.facebook.com\/greenupswitzerland","article_modified_time":"2026-02-02T12:38:45+00:00","twitter_card":"summary_large_image","twitter_misc":{"Gesch\u00e4tzte Lesezeit":"5\u00a0Minuten"},"schema":{"@context":"https:\/\/schema.org","@graph":[{"@type":"WebPage","@id":"https:\/\/green-up.ch\/davos-community\/","url":"https:\/\/green-up.ch\/davos-community\/","name":"Davoser Gemeinschaft | GreenUp","isPartOf":{"@id":"https:\/\/green-up.ch\/#website"},"datePublished":"2026-01-13T01:32:56+00:00","dateModified":"2026-02-02T12:38:45+00:00","breadcrumb":{"@id":"https:\/\/green-up.ch\/davos-community\/#breadcrumb"},"inLanguage":"de","potentialAction":[{"@type":"ReadAction","target":["https:\/\/green-up.ch\/davos-community\/"]}]},{"@type":"BreadcrumbList","@id":"https:\/\/green-up.ch\/davos-community\/#breadcrumb","itemListElement":[{"@type":"ListItem","position":1,"name":"Home","item":"https:\/\/green-up.ch\/"},{"@type":"ListItem","position":2,"name":"Davoser Gemeinschaft"}]},{"@type":"WebSite","@id":"https:\/\/green-up.ch\/#website","url":"https:\/\/green-up.ch\/","name":"GreenUp","description":"Inspire, collaborate, empower.","publisher":{"@id":"https:\/\/green-up.ch\/#organization"},"potentialAction":[{"@type":"SearchAction","target":{"@type":"EntryPoint","urlTemplate":"https:\/\/green-up.ch\/?s={search_term_string}"},"query-input":{"@type":"PropertyValueSpecification","valueRequired":true,"valueName":"search_term_string"}}],"inLanguage":"de"},{"@type":"Organization","@id":"https:\/\/green-up.ch\/#organization","name":"GreeUp","url":"https:\/\/green-up.ch\/","logo":{"@type":"ImageObject","inLanguage":"de","@id":"https:\/\/green-up.ch\/#\/schema\/logo\/image\/","url":"https:\/\/green-up.ch\/wp-content\/uploads\/2021\/11\/greenuplogo_rond.png","contentUrl":"https:\/\/green-up.ch\/wp-content\/uploads\/2021\/11\/greenuplogo_rond.png","width":600,"height":595,"caption":"GreeUp"},"image":{"@id":"https:\/\/green-up.ch\/#\/schema\/logo\/image\/"},"sameAs":["https:\/\/m.facebook.com\/greenupswitzerland","https:\/\/www.instagram.com\/greenup.ch\/","https:\/\/www.linkedin.com\/company\/greenupswitzerland\/"]}]}},"_links":{"self":[{"href":"https:\/\/green-up.ch\/de\/wp-json\/wp\/v2\/pages\/22958","targetHints":{"allow":["GET"]}}],"collection":[{"href":"https:\/\/green-up.ch\/de\/wp-json\/wp\/v2\/pages"}],"about":[{"href":"https:\/\/green-up.ch\/de\/wp-json\/wp\/v2\/types\/page"}],"author":[{"embeddable":true,"href":"https:\/\/green-up.ch\/de\/wp-json\/wp\/v2\/users\/2"}],"replies":[{"embeddable":true,"href":"https:\/\/green-up.ch\/de\/wp-json\/wp\/v2\/comments?post=22958"}],"version-history":[{"count":7,"href":"https:\/\/green-up.ch\/de\/wp-json\/wp\/v2\/pages\/22958\/revisions"}],"predecessor-version":[{"id":23438,"href":"https:\/\/green-up.ch\/de\/wp-json\/wp\/v2\/pages\/22958\/revisions\/23438"}],"wp:attachment":[{"href":"https:\/\/green-up.ch\/de\/wp-json\/wp\/v2\/media?parent=22958"}],"curies":[{"name":"wp","href":"https:\/\/api.w.org\/{rel}","templated":true}]}}