{"id":19993,"date":"2025-04-27T17:47:01","date_gmt":"2025-04-27T17:47:01","guid":{"rendered":"https:\/\/green-up.ch\/tritt-uns-bei\/mitglied\/"},"modified":"2025-09-28T19:44:10","modified_gmt":"2025-09-28T19:44:10","slug":"mitglied","status":"publish","type":"page","link":"https:\/\/green-up.ch\/de\/tritt-uns-bei\/mitglied\/","title":{"rendered":"Mitglied"},"content":{"rendered":"<p>[et_pb_section fb_built=&#8220;1&#8243; fullwidth=&#8220;on&#8220; _builder_version=&#8220;4.16&#8243; _module_preset=&#8220;default&#8220; global_colors_info=&#8220;{}&#8220;][\/et_pb_section][et_pb_section fb_built=&#8220;1&#8243; _builder_version=&#8220;4.16&#8243; _module_preset=&#8220;default&#8220; custom_padding=&#8220;||0px||false|false&#8220; global_colors_info=&#8220;{}&#8220;][et_pb_row _builder_version=&#8220;4.16&#8243; _module_preset=&#8220;default&#8220; custom_margin=&#8220;-136px|auto||auto||&#8220; custom_padding=&#8220;0px|0px|0px|0px|false|false&#8220; global_colors_info=&#8220;{}&#8220;][et_pb_column type=&#8220;4_4&#8243; _builder_version=&#8220;4.16&#8243; _module_preset=&#8220;default&#8220; global_colors_info=&#8220;{}&#8220;][et_pb_text _builder_version=&#8220;4.22.2&#8243; text_font_size=&#8220;30px&#8220; text_line_height=&#8220;1.5em&#8220; header_text_color=&#8220;#000000&#8243; header_font_size=&#8220;80px&#8220; header_letter_spacing=&#8220;1px&#8220; z_index=&#8220;1&#8243; custom_margin=&#8220;100px||||false|false&#8220; custom_margin_tablet=&#8220;|||0px&#8220; custom_margin_phone=&#8220;&#8220; custom_margin_last_edited=&#8220;on|phone&#8220; custom_padding=&#8220;|0px||||&#8220; header_font_size_tablet=&#8220;80px&#8220; header_font_size_phone=&#8220;60px&#8220; header_font_size_last_edited=&#8220;on|phone&#8220; header_letter_spacing_tablet=&#8220;0px&#8220; header_letter_spacing_phone=&#8220;&#8220; header_letter_spacing_last_edited=&#8220;on|tablet&#8220; global_colors_info=&#8220;{}&#8220;]<\/p>\n<h1 style=\"text-align: right;\"><strong>Trete GreenUp als Mitglied bei!<\/strong><\/h1>\n<p><\/p>\n<p style=\"text-align: right;\">Die Rechtsform von GreenUp ist die eines Vereins<br \/>nach Schweizer Recht mit dem Namen \u201eUmwelt Plattform\u201c.<br \/>Wir freuen uns sehr \u00fcber mitdenkende Mitglieder, die der Organisation helfen, zu gedeihen, sich zu entwickeln und nat\u00fcrlich immer mehr Wirkung zu erzielen.<\/p>\n<p>[\/et_pb_text][\/et_pb_column][\/et_pb_row][\/et_pb_section][et_pb_section fb_built=&#8220;1&#8243; admin_label=&#8220;Services&#8220; _builder_version=&#8220;4.16&#8243; custom_padding=&#8220;0px||0px|||&#8220; locked=&#8220;off&#8220; global_colors_info=&#8220;{}&#8220;][et_pb_row column_structure=&#8220;3_5,2_5&#8243; _builder_version=&#8220;4.16&#8243; global_colors_info=&#8220;{}&#8220;][et_pb_column type=&#8220;3_5&#8243; _builder_version=&#8220;4.16&#8243; z_index=&#8220;10&#8243; global_colors_info=&#8220;{}&#8220;][et_pb_image src=&#8220;https:\/\/green-up.ch\/wp-content\/uploads\/2025\/04\/GreenUp_GA.jpg&#8220; title_text=&#8220;GreenUp_GA&#8220; _builder_version=&#8220;4.27.0&#8243; custom_margin=&#8220;|||-15vw|false|false&#8220; custom_margin_tablet=&#8220;|||0vw|false|false&#8220; custom_margin_phone=&#8220;&#8220; custom_margin_last_edited=&#8220;on|desktop&#8220; border_radii=&#8220;on|30px|30px|30px|30px&#8220; locked=&#8220;off&#8220; global_colors_info=&#8220;{}&#8220;][\/et_pb_image][et_pb_image src=&#8220;https:\/\/green-up.ch\/wp-content\/uploads\/2025\/04\/4.png&#8220; title_text=&#8220;4&#8243; align=&#8220;right&#8220; _builder_version=&#8220;4.27.0&#8243; width=&#8220;58%&#8220; module_alignment=&#8220;right&#8220; custom_margin=&#8220;|||-15vw|false|false&#8220; custom_margin_tablet=&#8220;|||0vw|false|false&#8220; custom_margin_phone=&#8220;&#8220; custom_margin_last_edited=&#8220;on|desktop&#8220; border_radii=&#8220;on|30px|30px|30px|30px&#8220; locked=&#8220;off&#8220; global_colors_info=&#8220;{}&#8220;][\/et_pb_image][\/et_pb_column][et_pb_column type=&#8220;2_5&#8243; _builder_version=&#8220;4.16&#8243; z_index=&#8220;50&#8243; global_colors_info=&#8220;{}&#8220;][et_pb_text _builder_version=&#8220;4.16&#8243; text_font=&#8220;||||||||&#8220; text_font_size=&#8220;16px&#8220; text_line_height=&#8220;1.8em&#8220; header_2_font=&#8220;Prompt|200|||||||&#8220; header_2_text_color=&#8220;#000000&#8243; header_2_font_size=&#8220;60px&#8220; header_2_line_height=&#8220;1.2em&#8220; header_4_font=&#8220;Prompt|600||on|||||&#8220; header_4_text_color=&#8220;#ff6f7e&#8220; header_4_font_size=&#8220;12px&#8220; header_4_letter_spacing=&#8220;2px&#8220; header_4_line_height=&#8220;1.2em&#8220; z_index=&#8220;1&#8243; custom_margin=&#8220;0px||0px||false|false&#8220; custom_padding=&#8220;0px|||||&#8220; text_font_size_tablet=&#8220;&#8220; text_font_size_phone=&#8220;14px&#8220; text_font_size_last_edited=&#8220;on|desktop&#8220; header_2_font_size_tablet=&#8220;60px&#8220; header_2_font_size_phone=&#8220;30px&#8220; header_2_font_size_last_edited=&#8220;on|phone&#8220; locked=&#8220;off&#8220; global_colors_info=&#8220;{}&#8220;]<\/p>\n<p>Jedes Jahr halten wir unsere Generalversammlung ab. Normalerweise w\u00e4hrend unseres Gemeinschaftswochenendes &#8222;Sparks&#8220; im April. Manchmal finden auch au\u00dferordentliche Generalversammlungen statt. Lesen Sie mehr \u00fcber uns und sehen Sie sich unsere Satzung und Jahresberichte an.<\/p>\n<p><\/p>\n<p>Seit der Gr\u00fcndung des Vereins im Jahr 2016 haben wir uns stark weiterentwickelt und auch die Mitgliederzahlen sind gestiegen. Das bedeutet es, im Jahr 2025 Mitglied bei GreenUp zu sein:<\/p>\n<p><\/p>\n<p>Mitgliedschaft bei GreenUp:<\/p>\n<p><\/p>\n<p>Entscheiden Sie mit \u00fcber Strategie und Betrieb<br \/>Unterst\u00fctzen Sie die Mission des Vereins finanziell<br \/>Werden Sie eingeladen zum GreenUp Sparks Weekend<\/p>\n<p><\/p>\n<p>Werden Sie eingeladen zur GreenUp Community mit News und Updates, einem tollen Netzwerk und speziellen Hinweisen auf interessante Events, Jobs und Workshops.<\/p>\n<p><\/p>\n<p>&nbsp;<\/p>\n<p><\/p>\n<p>Ihr Beitrag<\/p>\n<p><\/p>\n<p>100 CHF pro Jahr<br \/>Dieser Betrag kann erlassen werden bei mind. 5 Freiwilligenstunden pro Jahr (exkl. Freiwilligenarbeit in Davos im Climate Hub Davos)<\/p>\n<p>[\/et_pb_text][\/et_pb_column][\/et_pb_row][\/et_pb_section][et_pb_section fb_built=&#8220;1&#8243; module_id=&#8220;freund&#8220; _builder_version=&#8220;4.16&#8243; _module_preset=&#8220;default&#8220; background_color=&#8220;#E6FFEB&#8220; background_color_gradient_direction=&#8220;90deg&#8220; global_colors_info=&#8220;{}&#8220;][et_pb_row _builder_version=&#8220;4.16&#8243; _module_preset=&#8220;default&#8220; global_colors_info=&#8220;{}&#8220;][et_pb_column type=&#8220;4_4&#8243; _builder_version=&#8220;4.16&#8243; _module_preset=&#8220;default&#8220; global_colors_info=&#8220;{}&#8220;][et_pb_button button_url=&#8220;https:\/\/forms.gle\/3tTTag6YDQfhiXGM9&#8243; url_new_window=&#8220;on&#8220; button_text=&#8220;Ja ICH WILL MITGLIED WERDEN&#8220; button_alignment=&#8220;center&#8220; _builder_version=&#8220;4.27.0&#8243; custom_button=&#8220;on&#8220; button_text_size=&#8220;24px&#8220; button_text_color=&#8220;#00506E&#8220; button_bg_color=&#8220;#87F5B4&#8243; button_border_width=&#8220;0px&#8220; button_border_radius=&#8220;30px&#8220; button_letter_spacing=&#8220;2px&#8220; button_font=&#8220;|||on|||||&#8220; button_use_icon=&#8220;off&#8220; transform_translate=&#8220;0px|0%&#8220; transform_translate_linked=&#8220;off&#8220; z_index=&#8220;1&#8243; custom_margin=&#8220;||0px||false|false&#8220; custom_padding=&#8220;15px|30px|15px|30px|true|true&#8220; button_bg_color_last_edited=&#8220;off|desktop&#8220; locked=&#8220;off&#8220; global_colors_info=&#8220;{}&#8220; button_bg_color__hover_enabled=&#8220;on|hover&#8220; button_bg_color__hover=&#8220;#E6FFEB&#8220; button_bg_enable_color__hover=&#8220;on&#8220; button_text_color__hover=&#8220;#ffffff&#8220; button_border_color__hover=&#8220;rgba(0,0,0,0)&#8220;][\/et_pb_button][\/et_pb_column][\/et_pb_row][\/et_pb_section][et_pb_section fb_built=&#8220;1&#8243; admin_label=&#8220;Services&#8220; _builder_version=&#8220;4.16&#8243; custom_padding=&#8220;0px|||||&#8220; locked=&#8220;off&#8220; global_colors_info=&#8220;{}&#8220;][et_pb_row column_structure=&#8220;2_5,3_5&#8243; _builder_version=&#8220;4.16&#8243; custom_padding=&#8220;0px|||||&#8220; global_colors_info=&#8220;{}&#8220;][et_pb_column type=&#8220;2_5&#8243; _builder_version=&#8220;4.16&#8243; z_index=&#8220;10&#8243; global_colors_info=&#8220;{}&#8220;][\/et_pb_column][et_pb_column type=&#8220;3_5&#8243; _builder_version=&#8220;4.16&#8243; z_index=&#8220;50&#8243; global_colors_info=&#8220;{}&#8220;][et_pb_text _builder_version=&#8220;4.16&#8243; text_font=&#8220;||||||||&#8220; text_font_size=&#8220;16px&#8220; text_line_height=&#8220;1.8em&#8220; header_2_font=&#8220;Prompt|200|||||||&#8220; header_2_text_color=&#8220;#000000&#8243; header_2_font_size=&#8220;60px&#8220; header_2_line_height=&#8220;1.2em&#8220; header_4_font=&#8220;Prompt|600||on|||||&#8220; header_4_text_color=&#8220;#ff6f7e&#8220; header_4_font_size=&#8220;12px&#8220; header_4_letter_spacing=&#8220;2px&#8220; header_4_line_height=&#8220;1.2em&#8220; z_index=&#8220;1&#8243; custom_margin=&#8220;150px||0px||false|false&#8220; custom_margin_tablet=&#8220;0px||0px||false|false&#8220; custom_margin_phone=&#8220;&#8220; custom_margin_last_edited=&#8220;on|desktop&#8220; custom_padding=&#8220;0px|||||&#8220; text_font_size_tablet=&#8220;&#8220; text_font_size_phone=&#8220;14px&#8220; text_font_size_last_edited=&#8220;on|desktop&#8220; header_2_font_size_tablet=&#8220;60px&#8220; header_2_font_size_phone=&#8220;30px&#8220; header_2_font_size_last_edited=&#8220;on|phone&#8220; locked=&#8220;off&#8220; global_colors_info=&#8220;{}&#8220;]<\/p>\n<p>Interessiert an Freiwilligenarbeit?<\/p>\n<p><\/p>\n<p>Erfahren Sie mehr \u00fcber die verschiedenen M\u00f6glichkeiten und Arbeitsgruppen, die wir unter \u201eJobs\u201c und auf unserer Hauptseite \u201eMitmachen\u201c anbieten, um Teil von GreenUp! zu werden.<\/p>\n<p>[\/et_pb_text][\/et_pb_column][\/et_pb_row][et_pb_row column_structure=&#8220;3_5,2_5&#8243; _builder_version=&#8220;4.16&#8243; _module_preset=&#8220;default&#8220; global_colors_info=&#8220;{}&#8220;][et_pb_column type=&#8220;3_5&#8243; _builder_version=&#8220;4.16&#8243; _module_preset=&#8220;default&#8220; global_colors_info=&#8220;{}&#8220;][et_pb_text _builder_version=&#8220;4.16&#8243; _module_preset=&#8220;default&#8220; global_colors_info=&#8220;{}&#8220;]<\/p>\n<p>M\u00f6chten Sie uns auf andere Weise unterst\u00fctzen?<\/p>\n<p><\/p>\n<p>Besuchen Sie unsere Unterst\u00fctzungsseite!<\/p>\n<p>[\/et_pb_text][\/et_pb_column][et_pb_column type=&#8220;2_5&#8243; _builder_version=&#8220;4.16&#8243; _module_preset=&#8220;default&#8220; global_colors_info=&#8220;{}&#8220;][\/et_pb_column][\/et_pb_row][\/et_pb_section][et_pb_section fb_built=&#8220;1&#8243; _builder_version=&#8220;4.16&#8243; _module_preset=&#8220;default&#8220; global_colors_info=&#8220;{}&#8220;][et_pb_row column_structure=&#8220;1_2,1_2&#8243; _builder_version=&#8220;4.16&#8243; _module_preset=&#8220;default&#8220; global_colors_info=&#8220;{}&#8220;][et_pb_column type=&#8220;1_2&#8243; _builder_version=&#8220;4.16&#8243; _module_preset=&#8220;default&#8220; global_colors_info=&#8220;{}&#8220;][et_pb_blurb title=&#8220;Danke f\u00fcr deine Unterst\u00fctzung&#8220; image=&#8220;https:\/\/green-up.ch\/wp-content\/uploads\/2021\/09\/L1060495-scaled.jpg&#8220; image_icon_width_tablet=&#8220;50%&#8220; image_icon_width_phone=&#8220;50%&#8220; _builder_version=&#8220;4.16&#8243; _module_preset=&#8220;default&#8220; image_max_width_tablet=&#8220;50%&#8220; image_max_width_phone=&#8220;50%&#8220; global_colors_info=&#8220;{}&#8220;]<\/p>\n<p>GreenUp ist der Markenname des steuerbefreiten gemeinn\u00fctzigen Vereins Unwelt Plattform aus der Schweiz [UID-Nr. CHE-484.763548].<\/p>\n<p>[\/et_pb_blurb][\/et_pb_column][et_pb_column type=&#8220;1_2&#8243; _builder_version=&#8220;4.16&#8243; _module_preset=&#8220;default&#8220; global_colors_info=&#8220;{}&#8220;][et_pb_blurb title=&#8220;Fragen? &#8220; image=&#8220;https:\/\/green-up.ch\/wp-content\/uploads\/2021\/07\/12.png&#8220; alt=&#8220;nicole&#8220; image_icon_width_tablet=&#8220;50%&#8220; image_icon_width_phone=&#8220;50%&#8220; _builder_version=&#8220;4.16&#8243; _module_preset=&#8220;default&#8220; image_max_width_tablet=&#8220;50%&#8220; image_max_width_phone=&#8220;50%&#8220; global_colors_info=&#8220;{}&#8220;]<\/p>\n<p>Haben Sie eine Frage, m\u00f6chten Sie uns mit einer Sachspende unterst\u00fctzen oder haben Sie eine andere tolle Idee, wie Sie Green Up unterst\u00fctzen k\u00f6nnen? Wir freuen uns, von Ihnen zu h\u00f6ren!<\/p>\n<p>[\/et_pb_blurb][\/et_pb_column][\/et_pb_row][\/et_pb_section][et_pb_section fb_built=&#8220;1&#8243; custom_padding_last_edited=&#8220;off|phone&#8220; admin_label=&#8220;Footer&#8220; _builder_version=&#8220;4.16&#8243; use_background_color_gradient=&#8220;on&#8220; background_color_gradient_direction=&#8220;90deg&#8220; background_color_gradient_stops=&#8220;rgba(0,0,0,0) 60%|#008c87 60%&#8220; background_color_gradient_overlays_image=&#8220;on&#8220; background_color_gradient_start=&#8220;rgba(0,0,0,0)&#8220; background_color_gradient_start_position=&#8220;60%&#8220; background_color_gradient_end=&#8220;#008c87&#8243; background_color_gradient_end_position=&#8220;0%&#8220; background_image=&#8220;https:\/\/green-up.ch\/wp-content\/uploads\/2021\/05\/Backgrounds-3.jpg&#8220; background_size=&#8220;contain&#8220; custom_padding=&#8220;12vw||12vw||true|false&#8220; custom_padding_tablet=&#8220;50px|||&#8220; custom_padding_phone=&#8220;30px||&#8220; locked=&#8220;off&#8220; global_colors_info=&#8220;{}&#8220;][et_pb_row custom_padding_last_edited=&#8220;on|tablet&#8220; _builder_version=&#8220;4.16&#8243; background_color=&#8220;#00506E&#8220; max_width=&#8220;700px&#8220; custom_padding=&#8220;80px|80px|80px|80px|true|true&#8220; custom_padding_tablet=&#8220;60px|60px|60px|60px&#8220; custom_padding_phone=&#8220;40px|20px|40px|20px|true|true&#8220; border_radii=&#8220;on|30px|30px|30px|30px&#8220; global_colors_info=&#8220;{}&#8220;][et_pb_column type=&#8220;4_4&#8243; _builder_version=&#8220;4.16&#8243; global_colors_info=&#8220;{}&#8220;][et_pb_text _builder_version=&#8220;4.16&#8243; text_font=&#8220;||||||||&#8220; header_2_font=&#8220;Prompt|200|||||||&#8220; header_2_font_size=&#8220;60px&#8220; header_2_line_height=&#8220;1.2em&#8220; header_4_font=&#8220;Prompt|600||on|||||&#8220; header_4_font_size=&#8220;14px&#8220; header_4_letter_spacing=&#8220;2px&#8220; header_4_line_height=&#8220;1.2em&#8220; z_index=&#8220;1&#8243; background_layout=&#8220;dark&#8220; header_2_font_size_tablet=&#8220;40px&#8220; header_2_font_size_phone=&#8220;25px&#8220; header_2_font_size_last_edited=&#8220;on|phone&#8220; locked=&#8220;off&#8220; global_colors_info=&#8220;{}&#8220;]<\/p>\n<p>M\u00f6chten Sie immer \u00fcber die Aktivit\u00e4ten von GreenUp informiert werden?<br \/>Melden Sie sich f\u00fcr unseren Newsletter in Ihrer Sprache an.<\/p>\n<p><\/p>\n<p>Wir freuen uns, Sie zu informieren!<\/p>\n<p>[\/et_pb_text][et_pb_signup mailchimp_list=&#8220;UP|e1dec51940&#8243; layout=&#8220;top_bottom&#8220; use_custom_fields=&#8220;on&#8220; admin_label=&#8220;Email Optin&#8220; _builder_version=&#8220;4.27.0&#8243; header_level=&#8220;h3&#8243; header_font=&#8220;Prompt|700|||||||&#8220; header_font_size=&#8220;30px&#8220; header_line_height=&#8220;1.2em&#8220; body_font=&#8220;|600|||||||&#8220; body_line_height=&#8220;1.8em&#8220; form_field_font=&#8220;Prompt||||||||&#8220; use_background_color=&#8220;off&#8220; custom_button=&#8220;on&#8220; button_text_size=&#8220;14px&#8220; button_text_color=&#8220;#ffffff&#8220; button_bg_color=&#8220;#87F5B4&#8243; button_border_width=&#8220;10px&#8220; button_border_color=&#8220;rgba(0,0,0,0)&#8220; button_border_radius=&#8220;30px&#8220; button_letter_spacing=&#8220;2px&#8220; button_font=&#8220;Prompt|||on|||||&#8220; button_use_icon=&#8220;off&#8220; custom_margin=&#8220;|||-20px|false|false&#8220; custom_margin_tablet=&#8220;|||0px|false|false&#8220; custom_margin_phone=&#8220;&#8220; custom_margin_last_edited=&#8220;on|desktop&#8220; header_font_size_tablet=&#8220;&#8220; header_font_size_phone=&#8220;18px&#8220; header_font_size_last_edited=&#8220;on|phone&#8220; button_bg_color_last_edited=&#8220;off|desktop&#8220; border_radii_fields=&#8220;on|0px|0px|0px|0px&#8220; global_colors_info=&#8220;{}&#8220; button_text_color__hover=&#8220;#ffffff&#8220; button_bg_color__hover=&#8220;#008C87&#8243; button_bg_color__hover_enabled=&#8220;on|hover&#8220; button_border_color__hover=&#8220;rgba(0,0,0,0)&#8220; button_bg_enable_color__hover=&#8220;on&#8220;]<\/p>\n<p>[et_pb_signup_custom_field field_id=&#8220;5&#8243; field_title=&#8220;Language&#8220; field_type=&#8220;select&#8220; select_options=&#8220;%91{%22checked%22:0,%22value%22:%22Deutsch%22,%22id%22:0,%22dragID%22:-1},{%22checked%22:0,%22value%22:%22Fran\u00e7ais%22,%22id%22:1,%22dragID%22:0},{%22checked%22:0,%22value%22:%22Italiano%22,%22id%22:2,%22dragID%22:1},{%22checked%22:0,%22value%22:%22English%22,%22id%22:3,%22dragID%22:2}%93&#8243; _builder_version=&#8220;4.16&#8243; _module_preset=&#8220;default&#8220; global_colors_info=&#8220;{}&#8220; predefined_field=&#8220;5&#8243;][\/et_pb_signup_custom_field]<\/p>\n<p>[\/et_pb_signup][\/et_pb_column][\/et_pb_row][\/et_pb_section][et_pb_section fb_built=&#8220;1&#8243; _builder_version=&#8220;4.16&#8243; _module_preset=&#8220;default&#8220; global_colors_info=&#8220;{}&#8220;][\/et_pb_section]<\/p>\n","protected":false},"excerpt":{"rendered":"<p>Trete GreenUp als Mitglied bei!Die Rechtsform von GreenUp ist die eines Vereinsnach Schweizer Recht mit dem Namen \u201eUmwelt Plattform\u201c.Wir freuen uns sehr \u00fcber mitdenkende Mitglieder, die der Organisation helfen, zu [&hellip;]<\/p>\n","protected":false},"author":2,"featured_media":0,"parent":2867,"menu_order":0,"comment_status":"closed","ping_status":"closed","template":"","meta":{"_et_pb_use_builder":"on","_et_pb_old_content":"","_et_gb_content_width":"","footnotes":""},"class_list":["post-19993","page","type-page","status-publish","hentry"],"yoast_head":"<!-- This site is optimized with the Yoast SEO plugin v27.4 - https:\/\/yoast.com\/product\/yoast-seo-wordpress\/ -->\n<title>Mitglied | GreenUp<\/title>\n<meta name=\"robots\" content=\"index, follow, max-snippet:-1, max-image-preview:large, max-video-preview:-1\" \/>\n<link rel=\"canonical\" href=\"https:\/\/green-up.ch\/join\/member\/\" \/>\n<meta property=\"og:locale\" content=\"de_DE\" \/>\n<meta property=\"og:type\" content=\"article\" \/>\n<meta property=\"og:title\" content=\"Mitglied | GreenUp\" \/>\n<meta property=\"og:description\" content=\"Trete GreenUp als Mitglied bei!Die Rechtsform von GreenUp ist die eines Vereinsnach Schweizer Recht mit dem Namen \u201eUmwelt Plattform\u201c.Wir freuen uns sehr \u00fcber mitdenkende Mitglieder, die der Organisation helfen, zu [&hellip;]\" \/>\n<meta property=\"og:url\" content=\"https:\/\/green-up.ch\/join\/member\/\" \/>\n<meta property=\"og:site_name\" content=\"GreenUp\" \/>\n<meta property=\"article:publisher\" content=\"https:\/\/m.facebook.com\/greenupswitzerland\" \/>\n<meta property=\"article:modified_time\" content=\"2025-09-28T19:44:10+00:00\" \/>\n<meta name=\"twitter:card\" content=\"summary_large_image\" \/>\n<meta name=\"twitter:label1\" content=\"Gesch\u00e4tzte Lesezeit\" \/>\n\t<meta name=\"twitter:data1\" content=\"9\u00a0Minuten\" \/>\n<script type=\"application\/ld+json\" class=\"yoast-schema-graph\">{\"@context\":\"https:\\\/\\\/schema.org\",\"@graph\":[{\"@type\":\"WebPage\",\"@id\":\"https:\\\/\\\/green-up.ch\\\/join\\\/member\\\/\",\"url\":\"https:\\\/\\\/green-up.ch\\\/join\\\/member\\\/\",\"name\":\"Mitglied | GreenUp\",\"isPartOf\":{\"@id\":\"https:\\\/\\\/green-up.ch\\\/#website\"},\"datePublished\":\"2025-04-27T17:47:01+00:00\",\"dateModified\":\"2025-09-28T19:44:10+00:00\",\"breadcrumb\":{\"@id\":\"https:\\\/\\\/green-up.ch\\\/join\\\/member\\\/#breadcrumb\"},\"inLanguage\":\"de\",\"potentialAction\":[{\"@type\":\"ReadAction\",\"target\":[\"https:\\\/\\\/green-up.ch\\\/join\\\/member\\\/\"]}]},{\"@type\":\"BreadcrumbList\",\"@id\":\"https:\\\/\\\/green-up.ch\\\/join\\\/member\\\/#breadcrumb\",\"itemListElement\":[{\"@type\":\"ListItem\",\"position\":1,\"name\":\"Home\",\"item\":\"https:\\\/\\\/green-up.ch\\\/\"},{\"@type\":\"ListItem\",\"position\":2,\"name\":\"Tritt uns bei\",\"item\":\"https:\\\/\\\/green-up.ch\\\/de\\\/tritt-uns-bei\\\/\"},{\"@type\":\"ListItem\",\"position\":3,\"name\":\"Mitglied\"}]},{\"@type\":\"WebSite\",\"@id\":\"https:\\\/\\\/green-up.ch\\\/#website\",\"url\":\"https:\\\/\\\/green-up.ch\\\/\",\"name\":\"GreenUp\",\"description\":\"Inspire, collaborate, empower.\",\"publisher\":{\"@id\":\"https:\\\/\\\/green-up.ch\\\/#organization\"},\"potentialAction\":[{\"@type\":\"SearchAction\",\"target\":{\"@type\":\"EntryPoint\",\"urlTemplate\":\"https:\\\/\\\/green-up.ch\\\/?s={search_term_string}\"},\"query-input\":{\"@type\":\"PropertyValueSpecification\",\"valueRequired\":true,\"valueName\":\"search_term_string\"}}],\"inLanguage\":\"de\"},{\"@type\":\"Organization\",\"@id\":\"https:\\\/\\\/green-up.ch\\\/#organization\",\"name\":\"GreeUp\",\"url\":\"https:\\\/\\\/green-up.ch\\\/\",\"logo\":{\"@type\":\"ImageObject\",\"inLanguage\":\"de\",\"@id\":\"https:\\\/\\\/green-up.ch\\\/#\\\/schema\\\/logo\\\/image\\\/\",\"url\":\"https:\\\/\\\/green-up.ch\\\/wp-content\\\/uploads\\\/2021\\\/11\\\/greenuplogo_rond.png\",\"contentUrl\":\"https:\\\/\\\/green-up.ch\\\/wp-content\\\/uploads\\\/2021\\\/11\\\/greenuplogo_rond.png\",\"width\":600,\"height\":595,\"caption\":\"GreeUp\"},\"image\":{\"@id\":\"https:\\\/\\\/green-up.ch\\\/#\\\/schema\\\/logo\\\/image\\\/\"},\"sameAs\":[\"https:\\\/\\\/m.facebook.com\\\/greenupswitzerland\",\"https:\\\/\\\/www.instagram.com\\\/greenup.ch\\\/\",\"https:\\\/\\\/www.linkedin.com\\\/company\\\/greenupswitzerland\\\/\"]}]}<\/script>\n<!-- \/ Yoast SEO plugin. -->","yoast_head_json":{"title":"Mitglied | GreenUp","robots":{"index":"index","follow":"follow","max-snippet":"max-snippet:-1","max-image-preview":"max-image-preview:large","max-video-preview":"max-video-preview:-1"},"canonical":"https:\/\/green-up.ch\/join\/member\/","og_locale":"de_DE","og_type":"article","og_title":"Mitglied | GreenUp","og_description":"Trete GreenUp als Mitglied bei!Die Rechtsform von GreenUp ist die eines Vereinsnach Schweizer Recht mit dem Namen \u201eUmwelt Plattform\u201c.Wir freuen uns sehr \u00fcber mitdenkende Mitglieder, die der Organisation helfen, zu [&hellip;]","og_url":"https:\/\/green-up.ch\/join\/member\/","og_site_name":"GreenUp","article_publisher":"https:\/\/m.facebook.com\/greenupswitzerland","article_modified_time":"2025-09-28T19:44:10+00:00","twitter_card":"summary_large_image","twitter_misc":{"Gesch\u00e4tzte Lesezeit":"9\u00a0Minuten"},"schema":{"@context":"https:\/\/schema.org","@graph":[{"@type":"WebPage","@id":"https:\/\/green-up.ch\/join\/member\/","url":"https:\/\/green-up.ch\/join\/member\/","name":"Mitglied | GreenUp","isPartOf":{"@id":"https:\/\/green-up.ch\/#website"},"datePublished":"2025-04-27T17:47:01+00:00","dateModified":"2025-09-28T19:44:10+00:00","breadcrumb":{"@id":"https:\/\/green-up.ch\/join\/member\/#breadcrumb"},"inLanguage":"de","potentialAction":[{"@type":"ReadAction","target":["https:\/\/green-up.ch\/join\/member\/"]}]},{"@type":"BreadcrumbList","@id":"https:\/\/green-up.ch\/join\/member\/#breadcrumb","itemListElement":[{"@type":"ListItem","position":1,"name":"Home","item":"https:\/\/green-up.ch\/"},{"@type":"ListItem","position":2,"name":"Tritt uns bei","item":"https:\/\/green-up.ch\/de\/tritt-uns-bei\/"},{"@type":"ListItem","position":3,"name":"Mitglied"}]},{"@type":"WebSite","@id":"https:\/\/green-up.ch\/#website","url":"https:\/\/green-up.ch\/","name":"GreenUp","description":"Inspire, collaborate, empower.","publisher":{"@id":"https:\/\/green-up.ch\/#organization"},"potentialAction":[{"@type":"SearchAction","target":{"@type":"EntryPoint","urlTemplate":"https:\/\/green-up.ch\/?s={search_term_string}"},"query-input":{"@type":"PropertyValueSpecification","valueRequired":true,"valueName":"search_term_string"}}],"inLanguage":"de"},{"@type":"Organization","@id":"https:\/\/green-up.ch\/#organization","name":"GreeUp","url":"https:\/\/green-up.ch\/","logo":{"@type":"ImageObject","inLanguage":"de","@id":"https:\/\/green-up.ch\/#\/schema\/logo\/image\/","url":"https:\/\/green-up.ch\/wp-content\/uploads\/2021\/11\/greenuplogo_rond.png","contentUrl":"https:\/\/green-up.ch\/wp-content\/uploads\/2021\/11\/greenuplogo_rond.png","width":600,"height":595,"caption":"GreeUp"},"image":{"@id":"https:\/\/green-up.ch\/#\/schema\/logo\/image\/"},"sameAs":["https:\/\/m.facebook.com\/greenupswitzerland","https:\/\/www.instagram.com\/greenup.ch\/","https:\/\/www.linkedin.com\/company\/greenupswitzerland\/"]}]}},"_links":{"self":[{"href":"https:\/\/green-up.ch\/de\/wp-json\/wp\/v2\/pages\/19993","targetHints":{"allow":["GET"]}}],"collection":[{"href":"https:\/\/green-up.ch\/de\/wp-json\/wp\/v2\/pages"}],"about":[{"href":"https:\/\/green-up.ch\/de\/wp-json\/wp\/v2\/types\/page"}],"author":[{"embeddable":true,"href":"https:\/\/green-up.ch\/de\/wp-json\/wp\/v2\/users\/2"}],"replies":[{"embeddable":true,"href":"https:\/\/green-up.ch\/de\/wp-json\/wp\/v2\/comments?post=19993"}],"version-history":[{"count":4,"href":"https:\/\/green-up.ch\/de\/wp-json\/wp\/v2\/pages\/19993\/revisions"}],"predecessor-version":[{"id":21345,"href":"https:\/\/green-up.ch\/de\/wp-json\/wp\/v2\/pages\/19993\/revisions\/21345"}],"up":[{"embeddable":true,"href":"https:\/\/green-up.ch\/de\/wp-json\/wp\/v2\/pages\/2867"}],"wp:attachment":[{"href":"https:\/\/green-up.ch\/de\/wp-json\/wp\/v2\/media?parent=19993"}],"curies":[{"name":"wp","href":"https:\/\/api.w.org\/{rel}","templated":true}]}}