{"id":13402,"date":"2023-11-27T09:48:52","date_gmt":"2023-11-27T09:48:52","guid":{"rendered":"https:\/\/green-up.ch\/wef\/"},"modified":"2025-01-25T12:34:58","modified_gmt":"2025-01-25T12:34:58","slug":"wef","status":"publish","type":"page","link":"https:\/\/green-up.ch\/de\/wef\/","title":{"rendered":"@WEF"},"content":{"rendered":"<p>[et_pb_section fb_built=&#8220;1&#8243; _builder_version=&#8220;4.22.2&#8243; _module_preset=&#8220;default&#8220; global_colors_info=&#8220;{}&#8220;][et_pb_row _builder_version=&#8220;4.22.2&#8243; _module_preset=&#8220;default&#8220; global_colors_info=&#8220;{}&#8220;][et_pb_column type=&#8220;4_4&#8243; _builder_version=&#8220;4.22.2&#8243; _module_preset=&#8220;default&#8220; global_colors_info=&#8220;{}&#8220;][et_pb_text _builder_version=&#8220;4.16&#8243; header_text_color=&#8220;#000000&#8243; header_font_size=&#8220;104px&#8220; z_index=&#8220;1&#8243; custom_margin=&#8220;|||-150px||&#8220; custom_margin_tablet=&#8220;|||0px&#8220; custom_margin_phone=&#8220;&#8220; custom_margin_last_edited=&#8220;on|phone&#8220; header_font_size_tablet=&#8220;80px&#8220; header_font_size_phone=&#8220;60px&#8220; header_font_size_last_edited=&#8220;on|phone&#8220; header_letter_spacing_tablet=&#8220;0px&#8220; header_letter_spacing_phone=&#8220;&#8220; header_letter_spacing_last_edited=&#8220;on|tablet&#8220; border_radii=&#8220;off|||30px|30px&#8220; global_colors_info=&#8220;{}&#8220;]<\/p>\n<h1><span style=\"color: #00506e;\"><span style=\"caret-color: #00506e;\">GreenUp @WEF<\/span><\/span><\/h1>\n<p>[\/et_pb_text][\/et_pb_column][\/et_pb_row][\/et_pb_section][et_pb_section fb_built=&#8220;1&#8243; admin_label=&#8220;Services&#8220; _builder_version=&#8220;4.16&#8243; custom_margin=&#8220;-50px||||false|false&#8220; custom_padding=&#8220;0px||2px||false|false&#8220; global_colors_info=&#8220;{}&#8220;][et_pb_row column_structure=&#8220;1_2,1_2&#8243; _builder_version=&#8220;4.27.0&#8243; custom_padding=&#8220;0px||||false|false&#8220; global_colors_info=&#8220;{}&#8220;][et_pb_column type=&#8220;1_2&#8243; _builder_version=&#8220;4.16&#8243; z_index=&#8220;10&#8243; global_colors_info=&#8220;{}&#8220;][et_pb_image src=&#8220;https:\/\/green-up.ch\/wp-content\/uploads\/2024\/06\/ClimateHub_4-1.jpg&#8220; title_text=&#8220;ClimateHub_4&#8243; _builder_version=&#8220;4.27.0&#8243; custom_margin=&#8220;|||-15vw|false|false&#8220; custom_margin_tablet=&#8220;|||0vw|false|false&#8220; custom_margin_phone=&#8220;&#8220; custom_margin_last_edited=&#8220;on|desktop&#8220; border_radii=&#8220;on|30px|30px|30px|30px&#8220; locked=&#8220;off&#8220; global_colors_info=&#8220;{}&#8220;][\/et_pb_image][\/et_pb_column][et_pb_column type=&#8220;1_2&#8243; _builder_version=&#8220;4.16&#8243; global_colors_info=&#8220;{}&#8220;][et_pb_image src=&#8220;https:\/\/green-up.ch\/wp-content\/uploads\/2023\/11\/NicoleKeller_WEF.jpg&#8220; title_text=&#8220;NicoleKeller_WEF&#8220; url=&#8220;https:\/\/www.weforum.org\/de\/open-forum\/event_sessions\/open-forum-protecting-the-climate-vulnerable\/&#8220; _builder_version=&#8220;4.22.2&#8243; width=&#8220;66.3%&#8220; max_width=&#8220;360px&#8220; max_width_tablet=&#8220;100%&#8220; max_width_phone=&#8220;&#8220; max_width_last_edited=&#8220;on|desktop&#8220; custom_margin=&#8220;|130px|||false|false&#8220; custom_margin_tablet=&#8220;||||false|false&#8220; custom_margin_phone=&#8220;||||false|false&#8220; custom_margin_last_edited=&#8220;on|desktop&#8220; custom_padding=&#8220;12px|0px||||&#8220; border_radii=&#8220;on|30px|30px|30px|30px&#8220; locked=&#8220;off&#8220; global_colors_info=&#8220;{}&#8220;][\/et_pb_image][et_pb_text _builder_version=&#8220;4.16&#8243; text_font=&#8220;||||||||&#8220; text_line_height=&#8220;1.8em&#8220; header_2_font=&#8220;Poppins|500|||||||&#8220; header_2_text_color=&#8220;#000000&#8243; header_2_font_size=&#8220;60px&#8220; header_2_line_height=&#8220;1.2em&#8220; header_4_font=&#8220;Prompt|600||on|||||&#8220; header_4_text_color=&#8220;#ff6f7e&#8220; header_4_font_size=&#8220;12px&#8220; header_4_letter_spacing=&#8220;2px&#8220; header_4_line_height=&#8220;1.7em&#8220; z_index=&#8220;1&#8243; custom_margin=&#8220;59px||0px||false|false&#8220; custom_margin_tablet=&#8220;0px||0px||false|false&#8220; custom_margin_phone=&#8220;0px||||false|false&#8220; custom_margin_last_edited=&#8220;on|desktop&#8220; custom_padding=&#8220;|114px||||&#8220; text_font_size_tablet=&#8220;&#8220; text_font_size_phone=&#8220;14px&#8220; text_font_size_last_edited=&#8220;on|desktop&#8220; header_2_font_size_tablet=&#8220;60px&#8220; header_2_font_size_phone=&#8220;30px&#8220; header_2_font_size_last_edited=&#8220;on|phone&#8220; locked=&#8220;off&#8220; global_colors_info=&#8220;{}&#8220;]<\/p>\n<p>Da Davos eine der Homebases von GreenUp ist, sind wir seit 2022 w\u00e4hrend der Woche des Jahrestreffens des Weltwirtschaftsforums aktiv, um Nachhaltigkeit und Ma\u00dfnahmen f\u00fcr unser Klima und unsere Natur aktiv zu unterst\u00fctzen.<\/p>\n<p>Der Climate Hub Davos ist ein Raum mit regenerativer Wirkung im Herzen von Davos, der f\u00fcnf Tage lang inspirierende Aktivit\u00e4ten und Momente bietet, um unsere Zukunft mitzugestalten.<\/p>\n<p>GreenShare bringt M\u00f6bel, Pflanzen und viele andere \u00fcbrig gebliebene Gegenst\u00e4nde nach den Events in einen Kreislauf zur\u00fcck. Im Jahr 2024 haben wir auf diese Weise \u00fcber 15&#8217;000 kg CO2 eingespart.<\/p>\n<p>Wohnst du in Davos? Dann schaut was es alles gibt im <a href=\"https:\/\/green-up.ch\/de\/project\/greenshare\/\">GreenShare store<\/a>.\u00a0<\/p>\n<p>[\/et_pb_text][\/et_pb_column][\/et_pb_row][\/et_pb_section][et_pb_section fb_built=&#8220;1&#8243; _builder_version=&#8220;4.22.2&#8243; _module_preset=&#8220;default&#8220; background_color=&#8220;#E6FFEB&#8220; global_colors_info=&#8220;{}&#8220;][et_pb_row _builder_version=&#8220;4.22.2&#8243; _module_preset=&#8220;default&#8220; global_colors_info=&#8220;{}&#8220;][et_pb_column type=&#8220;4_4&#8243; _builder_version=&#8220;4.22.2&#8243; _module_preset=&#8220;default&#8220; global_colors_info=&#8220;{}&#8220;][et_pb_image src=&#8220;https:\/\/green-up.ch\/wp-content\/uploads\/2025\/01\/CHD_Event_Banner.png&#8220; title_text=&#8220;CHD_Event_Banner&#8220; url=&#8220;http:\/\/www.green-up.ch\/de\/climatehubdavos&#8220; _builder_version=&#8220;4.27.0&#8243; _module_preset=&#8220;default&#8220; global_colors_info=&#8220;{}&#8220;][\/et_pb_image][\/et_pb_column][\/et_pb_row][\/et_pb_section][et_pb_section fb_built=&#8220;1&#8243; _builder_version=&#8220;4.22.2&#8243; _module_preset=&#8220;default&#8220; background_color=&#8220;#E6FFEB&#8220; custom_padding=&#8220;0px|||||&#8220; global_colors_info=&#8220;{}&#8220;][et_pb_row _builder_version=&#8220;4.22.2&#8243; _module_preset=&#8220;default&#8220; global_colors_info=&#8220;{}&#8220;][et_pb_column type=&#8220;4_4&#8243; _builder_version=&#8220;4.22.2&#8243; _module_preset=&#8220;default&#8220; global_colors_info=&#8220;{}&#8220;][et_pb_image src=&#8220;https:\/\/green-up.ch\/wp-content\/uploads\/2025\/01\/GreenShare_2024.png&#8220; title_text=&#8220;GreenShare_2024&#8243; url=&#8220;http:\/\/www.green-up.ch\/greenshare&#8220; _builder_version=&#8220;4.27.0&#8243; _module_preset=&#8220;default&#8220; global_colors_info=&#8220;{}&#8220;][\/et_pb_image][\/et_pb_column][\/et_pb_row][\/et_pb_section]<\/p>\n","protected":false},"excerpt":{"rendered":"<p>GreenUp @WEFDa Davos eine der Homebases von GreenUp ist, sind wir seit 2022 w\u00e4hrend der Woche des Jahrestreffens des Weltwirtschaftsforums aktiv, um Nachhaltigkeit und Ma\u00dfnahmen f\u00fcr unser Klima und unsere [&hellip;]<\/p>\n","protected":false},"author":2,"featured_media":0,"parent":0,"menu_order":0,"comment_status":"closed","ping_status":"closed","template":"","meta":{"_et_pb_use_builder":"on","_et_pb_old_content":"","_et_gb_content_width":"","footnotes":""},"class_list":["post-13402","page","type-page","status-publish","hentry"],"yoast_head":"<!-- This site is optimized with the Yoast SEO plugin v27.4 - https:\/\/yoast.com\/product\/yoast-seo-wordpress\/ -->\n<title>@WEF | GreenUp<\/title>\n<meta name=\"robots\" content=\"index, follow, max-snippet:-1, max-image-preview:large, max-video-preview:-1\" \/>\n<link rel=\"canonical\" href=\"https:\/\/green-up.ch\/wef\/\" \/>\n<meta property=\"og:locale\" content=\"de_DE\" \/>\n<meta property=\"og:type\" content=\"article\" \/>\n<meta property=\"og:title\" content=\"@WEF | GreenUp\" \/>\n<meta property=\"og:description\" content=\"GreenUp @WEFDa Davos eine der Homebases von GreenUp ist, sind wir seit 2022 w\u00e4hrend der Woche des Jahrestreffens des Weltwirtschaftsforums aktiv, um Nachhaltigkeit und Ma\u00dfnahmen f\u00fcr unser Klima und unsere [&hellip;]\" \/>\n<meta property=\"og:url\" content=\"https:\/\/green-up.ch\/wef\/\" \/>\n<meta property=\"og:site_name\" content=\"GreenUp\" \/>\n<meta property=\"article:publisher\" content=\"https:\/\/m.facebook.com\/greenupswitzerland\" \/>\n<meta property=\"article:modified_time\" content=\"2025-01-25T12:34:58+00:00\" \/>\n<meta name=\"twitter:card\" content=\"summary_large_image\" \/>\n<meta name=\"twitter:label1\" content=\"Gesch\u00e4tzte Lesezeit\" \/>\n\t<meta name=\"twitter:data1\" content=\"4\u00a0Minuten\" \/>\n<script type=\"application\/ld+json\" class=\"yoast-schema-graph\">{\"@context\":\"https:\\\/\\\/schema.org\",\"@graph\":[{\"@type\":\"WebPage\",\"@id\":\"https:\\\/\\\/green-up.ch\\\/wef\\\/\",\"url\":\"https:\\\/\\\/green-up.ch\\\/wef\\\/\",\"name\":\"@WEF | GreenUp\",\"isPartOf\":{\"@id\":\"https:\\\/\\\/green-up.ch\\\/#website\"},\"datePublished\":\"2023-11-27T09:48:52+00:00\",\"dateModified\":\"2025-01-25T12:34:58+00:00\",\"breadcrumb\":{\"@id\":\"https:\\\/\\\/green-up.ch\\\/wef\\\/#breadcrumb\"},\"inLanguage\":\"de\",\"potentialAction\":[{\"@type\":\"ReadAction\",\"target\":[\"https:\\\/\\\/green-up.ch\\\/wef\\\/\"]}]},{\"@type\":\"BreadcrumbList\",\"@id\":\"https:\\\/\\\/green-up.ch\\\/wef\\\/#breadcrumb\",\"itemListElement\":[{\"@type\":\"ListItem\",\"position\":1,\"name\":\"Home\",\"item\":\"https:\\\/\\\/green-up.ch\\\/\"},{\"@type\":\"ListItem\",\"position\":2,\"name\":\"@WEF\"}]},{\"@type\":\"WebSite\",\"@id\":\"https:\\\/\\\/green-up.ch\\\/#website\",\"url\":\"https:\\\/\\\/green-up.ch\\\/\",\"name\":\"GreenUp\",\"description\":\"Inspire, collaborate, empower.\",\"publisher\":{\"@id\":\"https:\\\/\\\/green-up.ch\\\/#organization\"},\"potentialAction\":[{\"@type\":\"SearchAction\",\"target\":{\"@type\":\"EntryPoint\",\"urlTemplate\":\"https:\\\/\\\/green-up.ch\\\/?s={search_term_string}\"},\"query-input\":{\"@type\":\"PropertyValueSpecification\",\"valueRequired\":true,\"valueName\":\"search_term_string\"}}],\"inLanguage\":\"de\"},{\"@type\":\"Organization\",\"@id\":\"https:\\\/\\\/green-up.ch\\\/#organization\",\"name\":\"GreeUp\",\"url\":\"https:\\\/\\\/green-up.ch\\\/\",\"logo\":{\"@type\":\"ImageObject\",\"inLanguage\":\"de\",\"@id\":\"https:\\\/\\\/green-up.ch\\\/#\\\/schema\\\/logo\\\/image\\\/\",\"url\":\"https:\\\/\\\/green-up.ch\\\/wp-content\\\/uploads\\\/2021\\\/11\\\/greenuplogo_rond.png\",\"contentUrl\":\"https:\\\/\\\/green-up.ch\\\/wp-content\\\/uploads\\\/2021\\\/11\\\/greenuplogo_rond.png\",\"width\":600,\"height\":595,\"caption\":\"GreeUp\"},\"image\":{\"@id\":\"https:\\\/\\\/green-up.ch\\\/#\\\/schema\\\/logo\\\/image\\\/\"},\"sameAs\":[\"https:\\\/\\\/m.facebook.com\\\/greenupswitzerland\",\"https:\\\/\\\/www.instagram.com\\\/greenup.ch\\\/\",\"https:\\\/\\\/www.linkedin.com\\\/company\\\/greenupswitzerland\\\/\"]}]}<\/script>\n<!-- \/ Yoast SEO plugin. -->","yoast_head_json":{"title":"@WEF | GreenUp","robots":{"index":"index","follow":"follow","max-snippet":"max-snippet:-1","max-image-preview":"max-image-preview:large","max-video-preview":"max-video-preview:-1"},"canonical":"https:\/\/green-up.ch\/wef\/","og_locale":"de_DE","og_type":"article","og_title":"@WEF | GreenUp","og_description":"GreenUp @WEFDa Davos eine der Homebases von GreenUp ist, sind wir seit 2022 w\u00e4hrend der Woche des Jahrestreffens des Weltwirtschaftsforums aktiv, um Nachhaltigkeit und Ma\u00dfnahmen f\u00fcr unser Klima und unsere [&hellip;]","og_url":"https:\/\/green-up.ch\/wef\/","og_site_name":"GreenUp","article_publisher":"https:\/\/m.facebook.com\/greenupswitzerland","article_modified_time":"2025-01-25T12:34:58+00:00","twitter_card":"summary_large_image","twitter_misc":{"Gesch\u00e4tzte Lesezeit":"4\u00a0Minuten"},"schema":{"@context":"https:\/\/schema.org","@graph":[{"@type":"WebPage","@id":"https:\/\/green-up.ch\/wef\/","url":"https:\/\/green-up.ch\/wef\/","name":"@WEF | GreenUp","isPartOf":{"@id":"https:\/\/green-up.ch\/#website"},"datePublished":"2023-11-27T09:48:52+00:00","dateModified":"2025-01-25T12:34:58+00:00","breadcrumb":{"@id":"https:\/\/green-up.ch\/wef\/#breadcrumb"},"inLanguage":"de","potentialAction":[{"@type":"ReadAction","target":["https:\/\/green-up.ch\/wef\/"]}]},{"@type":"BreadcrumbList","@id":"https:\/\/green-up.ch\/wef\/#breadcrumb","itemListElement":[{"@type":"ListItem","position":1,"name":"Home","item":"https:\/\/green-up.ch\/"},{"@type":"ListItem","position":2,"name":"@WEF"}]},{"@type":"WebSite","@id":"https:\/\/green-up.ch\/#website","url":"https:\/\/green-up.ch\/","name":"GreenUp","description":"Inspire, collaborate, empower.","publisher":{"@id":"https:\/\/green-up.ch\/#organization"},"potentialAction":[{"@type":"SearchAction","target":{"@type":"EntryPoint","urlTemplate":"https:\/\/green-up.ch\/?s={search_term_string}"},"query-input":{"@type":"PropertyValueSpecification","valueRequired":true,"valueName":"search_term_string"}}],"inLanguage":"de"},{"@type":"Organization","@id":"https:\/\/green-up.ch\/#organization","name":"GreeUp","url":"https:\/\/green-up.ch\/","logo":{"@type":"ImageObject","inLanguage":"de","@id":"https:\/\/green-up.ch\/#\/schema\/logo\/image\/","url":"https:\/\/green-up.ch\/wp-content\/uploads\/2021\/11\/greenuplogo_rond.png","contentUrl":"https:\/\/green-up.ch\/wp-content\/uploads\/2021\/11\/greenuplogo_rond.png","width":600,"height":595,"caption":"GreeUp"},"image":{"@id":"https:\/\/green-up.ch\/#\/schema\/logo\/image\/"},"sameAs":["https:\/\/m.facebook.com\/greenupswitzerland","https:\/\/www.instagram.com\/greenup.ch\/","https:\/\/www.linkedin.com\/company\/greenupswitzerland\/"]}]}},"_links":{"self":[{"href":"https:\/\/green-up.ch\/de\/wp-json\/wp\/v2\/pages\/13402","targetHints":{"allow":["GET"]}}],"collection":[{"href":"https:\/\/green-up.ch\/de\/wp-json\/wp\/v2\/pages"}],"about":[{"href":"https:\/\/green-up.ch\/de\/wp-json\/wp\/v2\/types\/page"}],"author":[{"embeddable":true,"href":"https:\/\/green-up.ch\/de\/wp-json\/wp\/v2\/users\/2"}],"replies":[{"embeddable":true,"href":"https:\/\/green-up.ch\/de\/wp-json\/wp\/v2\/comments?post=13402"}],"version-history":[{"count":12,"href":"https:\/\/green-up.ch\/de\/wp-json\/wp\/v2\/pages\/13402\/revisions"}],"predecessor-version":[{"id":18761,"href":"https:\/\/green-up.ch\/de\/wp-json\/wp\/v2\/pages\/13402\/revisions\/18761"}],"wp:attachment":[{"href":"https:\/\/green-up.ch\/de\/wp-json\/wp\/v2\/media?parent=13402"}],"curies":[{"name":"wp","href":"https:\/\/api.w.org\/{rel}","templated":true}]}}